{"id":89006,"date":"2024-03-20T16:27:55","date_gmt":"2024-03-20T15:27:55","guid":{"rendered":"https:\/\/kustomshop.kinsta.cloud\/produkt\/warm-vest-m\/"},"modified":"2026-03-27T14:37:16","modified_gmt":"2026-03-27T13:37:16","slug":"warm-vest-m","status":"publish","type":"product","link":"https:\/\/shop.kustom.ch\/it\/prodotto\/warm-vest-m\/","title":{"rendered":"Gilet caldo M"},"content":{"rendered":"<p>Giacca softshell calda con inserti laterali elasticizzati per allenamenti moderati in inverno.<br \/>\n- Materiale softshell elasticizzato a 3 strati con interno spazzolato per una vestibilit\u00e0 confortevole<br \/>\n- Inserti in jersey sui fianchi per la libert\u00e0 di movimento e la ventilazione<br \/>\n- Gli elementi di design riflettenti assicurano la visibilit\u00e0 al buio<\/p>\n<p>Materiale: Tessuto 1: Viso 100% Poliestere Mid 100% PU Retro 94% Poliestere 6% Elastan Tessuto 2: 100% Poliestere<\/p>","protected":false},"excerpt":{"rendered":"<p>Warme Softshell-Jacke mit elastischen Seiteneins\u00e4tzen f\u00fcr gem\u00e4ssigtes Training im Winter. \u2022 Elastisches 3-Lagen-Softshell-Material mit geb\u00fcrsteter Innenseite f\u00fcr ein angenehmes Tragegef\u00fchl \u2022 Jersey Eins\u00e4tze an den Seiten f\u00fcr Bewegungsfreiheit und Bel\u00fcftung \u2022 Reflektierende Design-Elemente sorgen daf\u00fcr, dass du im Dunkeln gesehen wirst Material: Fabric 1: Face 100% Polyester Mid 100% PU Back 94% Polyester 6% Elastan [&hellip;]<\/p>\n","protected":false},"featured_media":247630,"template":"","meta":[],"product_brand":[],"product_cat":[4208],"product_tag":[],"class_list":{"0":"post-89006","1":"product","2":"type-product","3":"status-publish","4":"has-post-thumbnail","6":"product_cat-westen","7":"pa_brand-craft-retail-sportswear","8":"pa_brand-type-sportswear","9":"pa_filter-color-schwarz","11":"first","12":"instock","13":"sale","14":"taxable","15":"shipping-taxable","16":"purchasable","17":"product-type-variable","18":"add-to-wishlist-before_image"},"exclude_global_add_ons":[],"addons":[],"acf":[],"_links":{"self":[{"href":"https:\/\/shop.kustom.ch\/it\/wp-json\/wp\/v2\/product\/89006"}],"collection":[{"href":"https:\/\/shop.kustom.ch\/it\/wp-json\/wp\/v2\/product"}],"about":[{"href":"https:\/\/shop.kustom.ch\/it\/wp-json\/wp\/v2\/types\/product"}],"wp:featuredmedia":[{"embeddable":true,"href":"https:\/\/shop.kustom.ch\/it\/wp-json\/wp\/v2\/media\/247630"}],"wp:attachment":[{"href":"https:\/\/shop.kustom.ch\/it\/wp-json\/wp\/v2\/media?parent=89006"}],"wp:term":[{"taxonomy":"product_brand","embeddable":true,"href":"https:\/\/shop.kustom.ch\/it\/wp-json\/wp\/v2\/product_brand?post=89006"},{"taxonomy":"product_cat","embeddable":true,"href":"https:\/\/shop.kustom.ch\/it\/wp-json\/wp\/v2\/product_cat?post=89006"},{"taxonomy":"product_tag","embeddable":true,"href":"https:\/\/shop.kustom.ch\/it\/wp-json\/wp\/v2\/product_tag?post=89006"}],"curies":[{"name":"wp","href":"https:\/\/api.w.org\/{rel}","templated":true}]}}