{"id":88997,"date":"2024-03-20T16:27:52","date_gmt":"2024-03-20T15:27:52","guid":{"rendered":"https:\/\/kustomshop.kinsta.cloud\/produkt\/warm-vest-w\/"},"modified":"2026-03-27T14:00:34","modified_gmt":"2026-03-27T13:00:34","slug":"warm-vest-w","status":"publish","type":"product","link":"https:\/\/shop.kustom.ch\/it\/prodotto\/warm-vest-w\/","title":{"rendered":"Gilet caldo W"},"content":{"rendered":"<p>Gilet leggero e riscaldante in materiale softshell a 3 strati di alta qualit\u00e0. Grazie alle sue propriet\u00e0 isolanti, il gilet protegge dal raffreddamento. Pu\u00f2 essere indossato perfettamente sopra il vostro abbigliamento da sci di fondo prima o dopo una sessione faticosa. Con elementi di design che garantiscono la visibilit\u00e0 al buio. <\/p>\n<p>- Materiale softshell elasticizzato a 3 strati con interno spazzolato per una vestibilit\u00e0 confortevole<br \/>\n- Inserti in jersey sui fianchi per la libert\u00e0 di movimento e la ventilazione<br \/>\n- Elementi di design che garantiscono la visibilit\u00e0 al buio<\/p>\n<p>Materiale: Corpo: Viso 100% Poliestere Mid 100% PU Schienale 94% Poliestere 6% Elastan Pannelli laterali: 100% Poliestere<\/p>","protected":false},"excerpt":{"rendered":"<p>Leichte und w\u00e4rmende Weste aus hochwertigem 3-Lagen Softshellmaterial. Aufgrund ihrer isolierenden Eigenschaft sch\u00fctzt die Weste vor dem Ausk\u00fchlen. Sie kann perfekt \u00fcber dem Langlaufoutfit vor oder nach einer anstrengenden Einheit getragen werden. Mit Design-Elementen die daf\u00fcr sorgen, dass du im Dunkeln gesehen wirst. \u2022 Elastisches 3-Lagen-Softshell-Material mit geb\u00fcrsteter Innenseite f\u00fcr ein angenehmes Tragegef\u00fchl \u2022 Jersey [&hellip;]<\/p>\n","protected":false},"featured_media":247629,"template":"","meta":[],"product_brand":[],"product_cat":[4208],"product_tag":[],"class_list":{"0":"post-88997","1":"product","2":"type-product","3":"status-publish","4":"has-post-thumbnail","6":"product_cat-westen","7":"pa_brand-craft-retail-sportswear","8":"pa_brand-type-sportswear","9":"pa_filter-color-schwarz","11":"first","12":"instock","13":"sale","14":"taxable","15":"shipping-taxable","16":"purchasable","17":"product-type-variable","18":"add-to-wishlist-before_image"},"exclude_global_add_ons":[],"addons":[],"acf":[],"_links":{"self":[{"href":"https:\/\/shop.kustom.ch\/it\/wp-json\/wp\/v2\/product\/88997"}],"collection":[{"href":"https:\/\/shop.kustom.ch\/it\/wp-json\/wp\/v2\/product"}],"about":[{"href":"https:\/\/shop.kustom.ch\/it\/wp-json\/wp\/v2\/types\/product"}],"wp:featuredmedia":[{"embeddable":true,"href":"https:\/\/shop.kustom.ch\/it\/wp-json\/wp\/v2\/media\/247629"}],"wp:attachment":[{"href":"https:\/\/shop.kustom.ch\/it\/wp-json\/wp\/v2\/media?parent=88997"}],"wp:term":[{"taxonomy":"product_brand","embeddable":true,"href":"https:\/\/shop.kustom.ch\/it\/wp-json\/wp\/v2\/product_brand?post=88997"},{"taxonomy":"product_cat","embeddable":true,"href":"https:\/\/shop.kustom.ch\/it\/wp-json\/wp\/v2\/product_cat?post=88997"},{"taxonomy":"product_tag","embeddable":true,"href":"https:\/\/shop.kustom.ch\/it\/wp-json\/wp\/v2\/product_tag?post=88997"}],"curies":[{"name":"wp","href":"https:\/\/api.w.org\/{rel}","templated":true}]}}