{"id":88919,"date":"2024-03-20T16:27:28","date_gmt":"2024-03-20T15:27:28","guid":{"rendered":"https:\/\/kustomshop.kinsta.cloud\/produkt\/greatness-bike-boxer-m\/"},"modified":"2026-03-27T14:41:45","modified_gmt":"2026-03-27T13:41:45","slug":"greatness-bike-boxer-m","status":"publish","type":"product","link":"https:\/\/shop.kustom.ch\/it\/prodotto\/greatness-bike-boxer-m\/","title":{"rendered":"Boxer Bike Greatness M"},"content":{"rendered":"<p>Pantaloncini interni sottili e leggeri con una vestibilit\u00e0 perfetta, un eccellente trasporto dell'umidit\u00e0 e il fondello Infinity C6.<br \/>\n- Fornisce una sensazione di piacevole freschezza<br \/>\n- La leggera fibra di micropoliestere a 6 canali trasporta l'umidit\u00e0 del sudore verso l'esterno per una sensazione di piacevole freschezza.<br \/>\n- Design ergonomico per un eccellente trasporto dell'umidit\u00e0 e una vestibilit\u00e0 ottimale in posizione di gara<br \/>\n- Materiale leggero con vestibilit\u00e0 aderente<br \/>\n- Comodi pantaloncini interni da indossare sotto i classici pantaloncini da ciclismo o quando \u00e8 necessaria un'imbottitura supplementare<br \/>\n- Cuscinetto Infinity C6<br \/>\n-<\/p>\n<p>Materiale: 88% poliestere, 12% elastan<\/p>","protected":false},"excerpt":{"rendered":"<p>Feine, leichte Innenshorts mit perfektem Sitz, hervorragendem Feuchtigkeitstransport und Infinity C6 Pad. \u2022 Sorgt f\u00fcr ein angenehm k\u00fchles Gef\u00fchl \u2022 Leichte 6-kanalige Mikropolyester-Faser transportiert Schwitzfeuchtigkeit nach aussen f\u00fcr ein angenehm k\u00fchles Gef\u00fchl \u2022 Ergonomisches Design f\u00fcr hervorragenden Feuchtigkeitstransport und optimalen Sitz in Rennposition \u2022 Leichtes Material mit enger Passform \u2022 Bequeme Innenshorts zum Anziehen unter [&hellip;]<\/p>\n","protected":false},"featured_media":247620,"template":"","meta":[],"product_brand":[],"product_cat":[4198,4206],"product_tag":[],"class_list":{"0":"post-88919","1":"product","2":"type-product","3":"status-publish","4":"has-post-thumbnail","6":"product_cat-shorts","7":"product_cat-underwear","8":"pa_brand-craft-retail-sportswear","9":"pa_brand-type-sportswear","10":"pa_filter-color-schwarz","11":"pa_filter-color-weiss","13":"first","14":"instock","15":"sale","16":"taxable","17":"shipping-taxable","18":"purchasable","19":"product-type-variable","20":"add-to-wishlist-before_image"},"exclude_global_add_ons":[],"addons":[],"acf":[],"_links":{"self":[{"href":"https:\/\/shop.kustom.ch\/it\/wp-json\/wp\/v2\/product\/88919"}],"collection":[{"href":"https:\/\/shop.kustom.ch\/it\/wp-json\/wp\/v2\/product"}],"about":[{"href":"https:\/\/shop.kustom.ch\/it\/wp-json\/wp\/v2\/types\/product"}],"wp:featuredmedia":[{"embeddable":true,"href":"https:\/\/shop.kustom.ch\/it\/wp-json\/wp\/v2\/media\/247620"}],"wp:attachment":[{"href":"https:\/\/shop.kustom.ch\/it\/wp-json\/wp\/v2\/media?parent=88919"}],"wp:term":[{"taxonomy":"product_brand","embeddable":true,"href":"https:\/\/shop.kustom.ch\/it\/wp-json\/wp\/v2\/product_brand?post=88919"},{"taxonomy":"product_cat","embeddable":true,"href":"https:\/\/shop.kustom.ch\/it\/wp-json\/wp\/v2\/product_cat?post=88919"},{"taxonomy":"product_tag","embeddable":true,"href":"https:\/\/shop.kustom.ch\/it\/wp-json\/wp\/v2\/product_tag?post=88919"}],"curies":[{"name":"wp","href":"https:\/\/api.w.org\/{rel}","templated":true}]}}