{"id":88910,"date":"2024-03-20T16:27:25","date_gmt":"2024-03-20T15:27:25","guid":{"rendered":"https:\/\/kustomshop.kinsta.cloud\/produkt\/greatness-bike-shorts-m\/"},"modified":"2026-03-27T14:40:26","modified_gmt":"2026-03-27T13:40:26","slug":"greatness-bike-shorts-m","status":"publish","type":"product","link":"https:\/\/shop.kustom.ch\/it\/prodotto\/greatness-bike-shorts-m\/","title":{"rendered":"Pantaloncini da bici Greatness M"},"content":{"rendered":"<p>Pantaloncini elasticizzati con lavorazione senza cuciture da indossare sotto i pantaloncini da ciclismo, con imbottitura C4.<br \/>\n- Vestibilit\u00e0 ergonomica per una libert\u00e0 di movimento illimitata<br \/>\n\u2022 Assicura una piacevole sensazione di freschezza. La leggera fibra di micro poliestere a 6 canali trasporta il sudore verso l'esterno per una piacevole sensazione di freschezza.<br \/>\n\u2022 Eccellente trasporto dell'umidit\u00e0<br \/>\n\u2022 Design ergonomico per una seduta ottimale in posizione da corsa<br \/>\n\u2022 Estremit\u00e0 delle gambe morbide ed elastiche con logo in silicone<br \/>\n\u2022 Comodi pantaloncini interni da indossare sotto i pantaloni da ciclismo larghi o, se necessario, sotto i pantaloni da ciclismo per un'imbottitura aggiuntiva<br \/>\n\u2022 Pad Infinity C4<\/p>\n<p>Materiale: 88% poliestere, 12% elastan<\/p>","protected":false},"excerpt":{"rendered":"<p>Elastische Shorts mit nahtloser Verarbeitung zum Tragen unter der Radhose, mit C4 Pad. \u2022 Ergonomische Passform f\u00fcr uneingeschr\u00e4nkte Bewegungsfreiheit \u2022 Sorgt f\u00fcr ein angenehm k\u00fchles Gef\u00fchl. Leichte 6-kanalige Mikropolyester-Faser transportiert Schwitzfeuchtigkeit nach aussen f\u00fcr ein angenehm k\u00fchles Gef\u00fchl \u2022 Hervorragender Feuchtigkeitstransport \u2022 Ergonomisches Design f\u00fcr einen optimalen Sitz in Rennposition \u2022 Weiche, elastische Beinenden mit [&hellip;]<\/p>\n","protected":false},"featured_media":247619,"template":"","meta":[],"product_brand":[],"product_cat":[4198],"product_tag":[],"class_list":{"0":"post-88910","1":"product","2":"type-product","3":"status-publish","4":"has-post-thumbnail","6":"product_cat-shorts","7":"pa_brand-craft-retail-sportswear","8":"pa_brand-type-sportswear","9":"pa_filter-color-schwarz","10":"pa_filter-color-weiss","12":"first","13":"instock","14":"sale","15":"taxable","16":"shipping-taxable","17":"purchasable","18":"product-type-variable","19":"add-to-wishlist-before_image"},"exclude_global_add_ons":[],"addons":[],"acf":[],"_links":{"self":[{"href":"https:\/\/shop.kustom.ch\/it\/wp-json\/wp\/v2\/product\/88910"}],"collection":[{"href":"https:\/\/shop.kustom.ch\/it\/wp-json\/wp\/v2\/product"}],"about":[{"href":"https:\/\/shop.kustom.ch\/it\/wp-json\/wp\/v2\/types\/product"}],"wp:featuredmedia":[{"embeddable":true,"href":"https:\/\/shop.kustom.ch\/it\/wp-json\/wp\/v2\/media\/247619"}],"wp:attachment":[{"href":"https:\/\/shop.kustom.ch\/it\/wp-json\/wp\/v2\/media?parent=88910"}],"wp:term":[{"taxonomy":"product_brand","embeddable":true,"href":"https:\/\/shop.kustom.ch\/it\/wp-json\/wp\/v2\/product_brand?post=88910"},{"taxonomy":"product_cat","embeddable":true,"href":"https:\/\/shop.kustom.ch\/it\/wp-json\/wp\/v2\/product_cat?post=88910"},{"taxonomy":"product_tag","embeddable":true,"href":"https:\/\/shop.kustom.ch\/it\/wp-json\/wp\/v2\/product_tag?post=88910"}],"curies":[{"name":"wp","href":"https:\/\/api.w.org\/{rel}","templated":true}]}}