{"id":88892,"date":"2024-03-20T16:27:18","date_gmt":"2024-03-20T15:27:18","guid":{"rendered":"https:\/\/kustomshop.kinsta.cloud\/produkt\/greatness-bike-shorts-w\/"},"modified":"2026-03-27T14:02:05","modified_gmt":"2026-03-27T13:02:05","slug":"greatness-bike-shorts-w","status":"publish","type":"product","link":"https:\/\/shop.kustom.ch\/it\/prodotto\/greatness-bike-shorts-w\/","title":{"rendered":"Pantaloncini da bici Greatness W"},"content":{"rendered":"<p>Pantaloncini interni sottili e leggeri con un eccellente trasporto dell'umidit\u00e0 e fondello Infinity C4.<br \/>\n- Pantaloncini comodi se \u00e8 necessaria un'imbottitura aggiuntiva per evitare sfregamenti sotto i pantaloncini larghi o sotto i pantaloncini da ciclismo classici<br \/>\n- Vestibilit\u00e0 ergonomica per una libert\u00e0 di movimento illimitata<br \/>\n- Fornisce una sensazione di piacevole freschezza<br \/>\n- La leggera fibra di micropoliestere a 6 canali trasporta l'umidit\u00e0 del sudore verso l'esterno per una sensazione di piacevole freschezza.<br \/>\n- Design ergonomico per un eccellente trasporto dell'umidit\u00e0 e una vestibilit\u00e0 ottimale in posizione di gara<br \/>\n- Materiale morbido ed elasticizzato all'estremit\u00e0 delle gambe con logo in silicone<br \/>\n- Comodi pantaloncini interni da indossare sotto i pantaloncini larghi o i classici pantaloncini da ciclismo o quando \u00e8 necessaria un'imbottitura supplementare<br \/>\n-Cuscino per sedile da donna Infinity C4<\/p>\n<p>Materiale: 88% poliestere, 12% elastan<\/p>","protected":false},"excerpt":{"rendered":"<p>Feine, leichte Innenshorts mit hervorragendem Feuchtigkeitstransport und Infinity C4 Sitzpolster. \u2022 Bequeme Shorts bei Bedarf an zus\u00e4tzlicher Polsterung, um Reibung unter den weiten Shorts oder unter der klassischen Radhose zu vermeiden \u2022 Ergonomische Passform f\u00fcr uneingeschr\u00e4nkte Bewegungsfreiheit \u2022 Sorgt f\u00fcr ein angenehm k\u00fchles Gef\u00fchl \u2022 Leichte 6-kanalige Mikropolyester-Faser transportiert Schwitzfeuchtigkeit nach aussen f\u00fcr ein angenehm [&hellip;]<\/p>\n","protected":false},"featured_media":247617,"template":"","meta":[],"product_brand":[],"product_cat":[4206],"product_tag":[],"class_list":{"0":"post-88892","1":"product","2":"type-product","3":"status-publish","4":"has-post-thumbnail","6":"product_cat-underwear","7":"pa_brand-craft-retail-sportswear","8":"pa_brand-type-sportswear","9":"pa_filter-color-schwarz","11":"first","12":"instock","13":"sale","14":"taxable","15":"shipping-taxable","16":"purchasable","17":"product-type-variable","18":"add-to-wishlist-before_image"},"exclude_global_add_ons":[],"addons":[],"acf":[],"_links":{"self":[{"href":"https:\/\/shop.kustom.ch\/it\/wp-json\/wp\/v2\/product\/88892"}],"collection":[{"href":"https:\/\/shop.kustom.ch\/it\/wp-json\/wp\/v2\/product"}],"about":[{"href":"https:\/\/shop.kustom.ch\/it\/wp-json\/wp\/v2\/types\/product"}],"wp:featuredmedia":[{"embeddable":true,"href":"https:\/\/shop.kustom.ch\/it\/wp-json\/wp\/v2\/media\/247617"}],"wp:attachment":[{"href":"https:\/\/shop.kustom.ch\/it\/wp-json\/wp\/v2\/media?parent=88892"}],"wp:term":[{"taxonomy":"product_brand","embeddable":true,"href":"https:\/\/shop.kustom.ch\/it\/wp-json\/wp\/v2\/product_brand?post=88892"},{"taxonomy":"product_cat","embeddable":true,"href":"https:\/\/shop.kustom.ch\/it\/wp-json\/wp\/v2\/product_cat?post=88892"},{"taxonomy":"product_tag","embeddable":true,"href":"https:\/\/shop.kustom.ch\/it\/wp-json\/wp\/v2\/product_tag?post=88892"}],"curies":[{"name":"wp","href":"https:\/\/api.w.org\/{rel}","templated":true}]}}