{"id":88872,"date":"2024-03-20T16:27:05","date_gmt":"2024-03-20T15:27:05","guid":{"rendered":"https:\/\/kustomshop.kinsta.cloud\/produkt\/improve-duffel\/"},"modified":"2026-03-27T14:22:33","modified_gmt":"2026-03-27T13:22:33","slug":"improve-duffel","status":"publish","type":"product","link":"https:\/\/shop.kustom.ch\/it\/prodotto\/improve-duffel\/","title":{"rendered":"Migliorare l'imbarcazione"},"content":{"rendered":"<p>Borsa da allenamento con due scomparti principali e diversi scomparti interni. Cerniere YKK e fibbie Duraflex. Dimensioni: 55x30x24 cm<br \/>\n- Due scomparti principali<br \/>\n- diversi scomparti interni<\/p>\n<p>Materiale: poliestere 100%<\/p>","protected":false},"excerpt":{"rendered":"<p>Trainingstasche mit zwei Hauptf\u00e4chern und mehreren Innenf\u00e4chern. YKK Reissverschl\u00fcsse und Duraflex Schnallen. Masse: 55x30x24 cm \u2022 Zwei Hauptf\u00e4chern \u2022 mehreren Innenf\u00e4chern Material: 100% Polyester<\/p>","protected":false},"featured_media":247612,"template":"","meta":[],"product_brand":[],"product_cat":[9643,4195],"product_tag":[],"class_list":{"0":"post-88872","1":"product","2":"type-product","3":"status-publish","4":"has-post-thumbnail","6":"product_cat-equipment","7":"product_cat-rucksaecke-taschen","8":"pa_brand-craft-retail-sportswear","9":"pa_brand-type-sportswear","10":"pa_filter-color-gelb","11":"pa_filter-color-schwarz","13":"first","14":"instock","15":"sale","16":"taxable","17":"shipping-taxable","18":"purchasable","19":"product-type-variable","20":"add-to-wishlist-before_image"},"exclude_global_add_ons":[],"addons":[],"acf":[],"_links":{"self":[{"href":"https:\/\/shop.kustom.ch\/it\/wp-json\/wp\/v2\/product\/88872"}],"collection":[{"href":"https:\/\/shop.kustom.ch\/it\/wp-json\/wp\/v2\/product"}],"about":[{"href":"https:\/\/shop.kustom.ch\/it\/wp-json\/wp\/v2\/types\/product"}],"wp:featuredmedia":[{"embeddable":true,"href":"https:\/\/shop.kustom.ch\/it\/wp-json\/wp\/v2\/media\/247612"}],"wp:attachment":[{"href":"https:\/\/shop.kustom.ch\/it\/wp-json\/wp\/v2\/media?parent=88872"}],"wp:term":[{"taxonomy":"product_brand","embeddable":true,"href":"https:\/\/shop.kustom.ch\/it\/wp-json\/wp\/v2\/product_brand?post=88872"},{"taxonomy":"product_cat","embeddable":true,"href":"https:\/\/shop.kustom.ch\/it\/wp-json\/wp\/v2\/product_cat?post=88872"},{"taxonomy":"product_tag","embeddable":true,"href":"https:\/\/shop.kustom.ch\/it\/wp-json\/wp\/v2\/product_tag?post=88872"}],"curies":[{"name":"wp","href":"https:\/\/api.w.org\/{rel}","templated":true}]}}