{"id":88806,"date":"2024-03-20T16:26:34","date_gmt":"2024-03-20T15:26:34","guid":{"rendered":"https:\/\/kustomshop.kinsta.cloud\/produkt\/core-subz-arm-warmer\/"},"modified":"2026-03-27T13:34:50","modified_gmt":"2026-03-27T12:34:50","slug":"core-subz-arm-warmer","status":"publish","type":"product","link":"https:\/\/shop.kustom.ch\/it\/prodotto\/core-subz-arm-warmer\/","title":{"rendered":"Scaldabraccia CORE SubZ"},"content":{"rendered":"<p>Scaldabraccia caldo, leggero ed elasticizzato con superficie interna spazzolata per una vestibilit\u00e0 ottimale.<br \/>\n- Materiale morbido, leggero ed elasticizzato per una libert\u00e0 di movimento illimitata.<br \/>\n- Rivestimento elastico in silicone per una presa antiscivolo<br \/>\n- Le cuciture ergonomiche si adattano ai movimenti del corpo<br \/>\n- Interno morbido e spazzolato per un maggiore comfort e un'elevata termoregolazione<br \/>\n- Cuciture elastiche con colori a contrasto<br \/>\n- Vestibilit\u00e0 anatomica<\/p>\n<p>Materiale: 88% poliestere riciclato, 12% elastan<\/p>","protected":false},"excerpt":{"rendered":"<p>W\u00e4rmender, leichter und elastischer Armw\u00e4rmer mit angerauter Innenfl\u00e4che f\u00fcr optimalen Sitz. \u2022 Weiches, leichtes, elastisches Material f\u00fcr uneingeschr\u00e4nkte Bewegungsfreiheit \u2022 Elastische Silikonbeschichtung f\u00fcr rutschfesten Halt \u2022 Ergonomisch positionierte N\u00e4hte passen sich der K\u00f6rperbewegung an \u2022 Weiche, angeraute Innenseite f\u00fcr erh\u00f6hten Komfort und hohe Thermoregulierung \u2022 Elastische N\u00e4hte mit kontrastierenden Farben \u2022 Anatomische Passform Material: 88% [&hellip;]<\/p>\n","protected":false},"featured_media":247597,"template":"","meta":[],"product_brand":[],"product_cat":[9643,4209],"product_tag":[],"class_list":{"0":"post-88806","1":"product","2":"type-product","3":"status-publish","4":"has-post-thumbnail","6":"product_cat-equipment","7":"product_cat-zubehoer","8":"pa_brand-craft-retail-sportswear","9":"pa_brand-type-sportswear","10":"pa_filter-color-schwarz","12":"first","13":"instock","14":"sale","15":"taxable","16":"shipping-taxable","17":"purchasable","18":"product-type-variable","19":"add-to-wishlist-before_image"},"exclude_global_add_ons":[],"addons":[],"acf":[],"_links":{"self":[{"href":"https:\/\/shop.kustom.ch\/it\/wp-json\/wp\/v2\/product\/88806"}],"collection":[{"href":"https:\/\/shop.kustom.ch\/it\/wp-json\/wp\/v2\/product"}],"about":[{"href":"https:\/\/shop.kustom.ch\/it\/wp-json\/wp\/v2\/types\/product"}],"wp:featuredmedia":[{"embeddable":true,"href":"https:\/\/shop.kustom.ch\/it\/wp-json\/wp\/v2\/media\/247597"}],"wp:attachment":[{"href":"https:\/\/shop.kustom.ch\/it\/wp-json\/wp\/v2\/media?parent=88806"}],"wp:term":[{"taxonomy":"product_brand","embeddable":true,"href":"https:\/\/shop.kustom.ch\/it\/wp-json\/wp\/v2\/product_brand?post=88806"},{"taxonomy":"product_cat","embeddable":true,"href":"https:\/\/shop.kustom.ch\/it\/wp-json\/wp\/v2\/product_cat?post=88806"},{"taxonomy":"product_tag","embeddable":true,"href":"https:\/\/shop.kustom.ch\/it\/wp-json\/wp\/v2\/product_tag?post=88806"}],"curies":[{"name":"wp","href":"https:\/\/api.w.org\/{rel}","templated":true}]}}