{"id":742892,"date":"2026-04-20T12:21:32","date_gmt":"2026-04-20T11:21:32","guid":{"rendered":"https:\/\/shop.kustom.ch\/?post_type=product&#038;p=742892"},"modified":"2026-04-20T12:21:44","modified_gmt":"2026-04-20T11:21:44","slug":"ability-compression-sleeve-uni","status":"publish","type":"product","link":"https:\/\/shop.kustom.ch\/it\/prodotto\/ability-compression-sleeve-uni\/","title":{"rendered":"Manicotto di compressione Ability Uni"},"content":{"rendered":"<p>Der Ability Compression Sleeve ist ein eng anliegender Kompressions\u00e4rmel, der sich hervorragend f\u00fcr Basketball, Floorball, Leichtathletik und \u00e4hnliche Aktivit\u00e4ten eignet. Er verf\u00fcgt \u00fcber einen Silikondruck auf der Innenseite am oberen Ende f\u00fcr einen sicheren Sitz.<\/p>\n<p>\u2022 Funktionelles Material aus recyceltem Polyester und Elasthan<br \/>\n\u2022 Silikondruck am oberen Ende f\u00fcr einen sicheren Sitz<br \/>\n- Vestibilit\u00e0 stretta<\/p>","protected":false},"excerpt":{"rendered":"<p>Der Ability Compression Sleeve ist ein eng anliegender Kompressions\u00e4rmel, der sich hervorragend f\u00fcr Basketball, Floorball, Leichtathletik und \u00e4hnliche Aktivit\u00e4ten eignet. Er verf\u00fcgt \u00fcber einen Silikondruck auf der Innenseite am oberen Ende f\u00fcr einen sicheren Sitz. \u2022 Funktionelles Material aus recyceltem Polyester und Elasthan \u2022 Silikondruck am oberen Ende f\u00fcr einen sicheren Sitz \u2022 Enge Passform<\/p>","protected":false},"featured_media":742893,"template":"","meta":[],"product_brand":[],"product_cat":[4209],"product_tag":[],"class_list":{"0":"post-742892","1":"product","2":"type-product","3":"status-publish","4":"has-post-thumbnail","6":"product_cat-zubehoer","7":"pa_brand-craft","8":"pa_brand-type-sportswear","9":"pa_filter-color-schwarz","10":"pa_filter-color-weiss","12":"first","13":"instock","14":"sale","15":"taxable","16":"shipping-taxable","17":"purchasable","18":"product-type-variable","19":"add-to-wishlist-before_image"},"exclude_global_add_ons":[],"addons":[],"acf":[],"_links":{"self":[{"href":"https:\/\/shop.kustom.ch\/it\/wp-json\/wp\/v2\/product\/742892"}],"collection":[{"href":"https:\/\/shop.kustom.ch\/it\/wp-json\/wp\/v2\/product"}],"about":[{"href":"https:\/\/shop.kustom.ch\/it\/wp-json\/wp\/v2\/types\/product"}],"wp:featuredmedia":[{"embeddable":true,"href":"https:\/\/shop.kustom.ch\/it\/wp-json\/wp\/v2\/media\/742893"}],"wp:attachment":[{"href":"https:\/\/shop.kustom.ch\/it\/wp-json\/wp\/v2\/media?parent=742892"}],"wp:term":[{"taxonomy":"product_brand","embeddable":true,"href":"https:\/\/shop.kustom.ch\/it\/wp-json\/wp\/v2\/product_brand?post=742892"},{"taxonomy":"product_cat","embeddable":true,"href":"https:\/\/shop.kustom.ch\/it\/wp-json\/wp\/v2\/product_cat?post=742892"},{"taxonomy":"product_tag","embeddable":true,"href":"https:\/\/shop.kustom.ch\/it\/wp-json\/wp\/v2\/product_tag?post=742892"}],"curies":[{"name":"wp","href":"https:\/\/api.w.org\/{rel}","templated":true}]}}