{"id":741370,"date":"2026-04-16T10:23:42","date_gmt":"2026-04-16T09:23:42","guid":{"rendered":"https:\/\/shop.kustom.ch\/?post_type=product&#038;p=741370"},"modified":"2026-04-16T10:24:37","modified_gmt":"2026-04-16T09:24:37","slug":"pro-cool-mesh-superlight-sl-w","status":"publish","type":"product","link":"https:\/\/shop.kustom.ch\/it\/prodotto\/pro-cool-mesh-superlight-sl-w\/","title":{"rendered":"PRO Cool Mesh Superlight Sl W"},"content":{"rendered":"<p>Top aus extrem leichtem, grossmaschigem Mesh-Material mit hervorragender Ventilation und K\u00fchlung f\u00fcr intensive sportliche Aktivit\u00e4ten bei warmem Wetter. \u2022 Enge Passform \u2022 Leichtes 6-kanaliges Mikropolyester-Mesh transportiert Schwitzfeuchtigkeit nach aussen f\u00fcr ein angenehm k\u00fchles Gef\u00fchl \u2022 Vollst\u00e4ndig aus leichtem Mesh<\/p>\n<p>Materiale: 95% poliestere riciclato 5% elastan<\/p>","protected":false},"excerpt":{"rendered":"<p>Top aus extrem leichtem, grossmaschigem Mesh-Material mit hervorragender Ventilation und K\u00fchlung f\u00fcr intensive sportliche Aktivit\u00e4ten bei warmem Wetter. \u2022 Enge Passform \u2022 Leichtes 6-kanaliges Mikropolyester-Mesh transportiert Schwitzfeuchtigkeit nach aussen f\u00fcr ein angenehm k\u00fchles Gef\u00fchl \u2022 Vollst\u00e4ndig aus leichtem Mesh Material: 95% Polyester recycelt 5% Elastan<\/p>","protected":false},"featured_media":741436,"template":"","meta":[],"product_brand":[],"product_cat":[4202],"product_tag":[],"class_list":{"0":"post-741370","1":"product","2":"type-product","3":"status-publish","4":"has-post-thumbnail","6":"product_cat-tank-tops","7":"pa_brand-craft","8":"pa_brand-type-sportswear","9":"pa_filter-color-schwarz","10":"pa_filter-color-weiss","12":"first","13":"instock","14":"sale","15":"taxable","16":"shipping-taxable","17":"purchasable","18":"product-type-variable","19":"add-to-wishlist-before_image"},"exclude_global_add_ons":[],"addons":[],"acf":[],"_links":{"self":[{"href":"https:\/\/shop.kustom.ch\/it\/wp-json\/wp\/v2\/product\/741370"}],"collection":[{"href":"https:\/\/shop.kustom.ch\/it\/wp-json\/wp\/v2\/product"}],"about":[{"href":"https:\/\/shop.kustom.ch\/it\/wp-json\/wp\/v2\/types\/product"}],"wp:featuredmedia":[{"embeddable":true,"href":"https:\/\/shop.kustom.ch\/it\/wp-json\/wp\/v2\/media\/741436"}],"wp:attachment":[{"href":"https:\/\/shop.kustom.ch\/it\/wp-json\/wp\/v2\/media?parent=741370"}],"wp:term":[{"taxonomy":"product_brand","embeddable":true,"href":"https:\/\/shop.kustom.ch\/it\/wp-json\/wp\/v2\/product_brand?post=741370"},{"taxonomy":"product_cat","embeddable":true,"href":"https:\/\/shop.kustom.ch\/it\/wp-json\/wp\/v2\/product_cat?post=741370"},{"taxonomy":"product_tag","embeddable":true,"href":"https:\/\/shop.kustom.ch\/it\/wp-json\/wp\/v2\/product_tag?post=741370"}],"curies":[{"name":"wp","href":"https:\/\/api.w.org\/{rel}","templated":true}]}}