{"id":740711,"date":"2026-04-16T10:16:47","date_gmt":"2026-04-16T09:16:47","guid":{"rendered":"https:\/\/shop.kustom.ch\/?post_type=product&#038;p=740711"},"modified":"2026-04-16T10:17:42","modified_gmt":"2026-04-16T09:17:42","slug":"frequent-hz-sweatshirt-m","status":"publish","type":"product","link":"https:\/\/shop.kustom.ch\/it\/prodotto\/frequent-hz-sweatshirt-m\/","title":{"rendered":"Felpa Frequent HZ M"},"content":{"rendered":"<p>Das Frequent HZ Sweatshirt ist ein locker sitzendes Sweatshirt mit halbem Reissverschluss f\u00fcr den Alltag.<\/p>\n<p>Dieses l\u00e4ssige, vielseitige Sweatshirt ist aus schwerem Baumwollstoff mit Loopback gefertigt und verf\u00fcgt \u00fcber kleine Schlaufen auf der R\u00fcckseite des Stoffes. Perfekt f\u00fcr das Branding mit Vereins-, Sponsoren- oder Firmenlogos.<\/p>\n<p>\u2022 Hergestellt aus 100 % Bio-Baumwolle (380 gsm)<br \/>\n\u2022 Loopback-Gewebe<br \/>\n- Collo, polsini e orlo a coste<br \/>\n- Vestibilit\u00e0 rilassata<\/p>\n<p>Material: Main 100% Bio-Baumwolle, Cuff 95% Bio-Baumwolle, 5% Elastan<\/p>","protected":false},"excerpt":{"rendered":"<p>Das Frequent HZ Sweatshirt ist ein locker sitzendes Sweatshirt mit halbem Reissverschluss f\u00fcr den Alltag. Dieses l\u00e4ssige, vielseitige Sweatshirt ist aus schwerem Baumwollstoff mit Loopback gefertigt und verf\u00fcgt \u00fcber kleine Schlaufen auf der R\u00fcckseite des Stoffes. Perfekt f\u00fcr das Branding mit Vereins-, Sponsoren- oder Firmenlogos. \u2022 Hergestellt aus 100 % Bio-Baumwolle (380 gsm) \u2022 Loopback-Gewebe [&hellip;]<\/p>\n","protected":false},"featured_media":740726,"template":"","meta":[],"product_brand":[],"product_cat":[4191],"product_tag":[],"class_list":{"0":"post-740711","1":"product","2":"type-product","3":"status-publish","4":"has-post-thumbnail","6":"product_cat-longsleeves-sweatshirts","7":"pa_brand-craft","8":"pa_brand-type-sportswear","9":"pa_filter-color-blau","10":"pa_filter-color-braun","11":"pa_filter-color-rot","12":"pa_filter-color-schwarz","14":"first","15":"instock","16":"sale","17":"taxable","18":"shipping-taxable","19":"purchasable","20":"product-type-variable","21":"add-to-wishlist-before_image"},"exclude_global_add_ons":[],"addons":[],"acf":[],"_links":{"self":[{"href":"https:\/\/shop.kustom.ch\/it\/wp-json\/wp\/v2\/product\/740711"}],"collection":[{"href":"https:\/\/shop.kustom.ch\/it\/wp-json\/wp\/v2\/product"}],"about":[{"href":"https:\/\/shop.kustom.ch\/it\/wp-json\/wp\/v2\/types\/product"}],"wp:featuredmedia":[{"embeddable":true,"href":"https:\/\/shop.kustom.ch\/it\/wp-json\/wp\/v2\/media\/740726"}],"wp:attachment":[{"href":"https:\/\/shop.kustom.ch\/it\/wp-json\/wp\/v2\/media?parent=740711"}],"wp:term":[{"taxonomy":"product_brand","embeddable":true,"href":"https:\/\/shop.kustom.ch\/it\/wp-json\/wp\/v2\/product_brand?post=740711"},{"taxonomy":"product_cat","embeddable":true,"href":"https:\/\/shop.kustom.ch\/it\/wp-json\/wp\/v2\/product_cat?post=740711"},{"taxonomy":"product_tag","embeddable":true,"href":"https:\/\/shop.kustom.ch\/it\/wp-json\/wp\/v2\/product_tag?post=740711"}],"curies":[{"name":"wp","href":"https:\/\/api.w.org\/{rel}","templated":true}]}}