{"id":740277,"date":"2026-04-16T10:12:12","date_gmt":"2026-04-16T09:12:12","guid":{"rendered":"https:\/\/shop.kustom.ch\/?post_type=product&#038;p=740277"},"modified":"2026-04-16T10:12:59","modified_gmt":"2026-04-16T09:12:59","slug":"frequent-rn-sweatshirt-w","status":"publish","type":"product","link":"https:\/\/shop.kustom.ch\/it\/prodotto\/frequent-rn-sweatshirt-w\/","title":{"rendered":"Felpa Frequent RN W"},"content":{"rendered":"<p>Das Frequent RN Sweatshirt ist ein Sweatshirt mit lockerer Passform f\u00fcr den Alltag.<\/p>\n<p>Dieses l\u00e4ssige, vielseitige Sweatshirt besteht aus einem schweren Baumwollstoff mit Loopback, der kleine Schlaufen auf der R\u00fcckseite des Stoffes aufweist. Perfekt f\u00fcr das Branding mit Vereins-, Sponsoren- oder Firmenlogos.<\/p>\n<p>\u2022 Hergestellt aus 100 % Bio-Baumwolle (380 gsm)<br \/>\n\u2022 Loopback-Gewebe<br \/>\n- Collo, polsini e orlo a coste<br \/>\n- Colletto rotondo<br \/>\n- Vestibilit\u00e0 rilassata<\/p>\n<p>Material: Main 100% Bio-Baumwolle, Cuff 95% Bio-Baumwolle, 5% Elastan<\/p>","protected":false},"excerpt":{"rendered":"<p>Das Frequent RN Sweatshirt ist ein Sweatshirt mit lockerer Passform f\u00fcr den Alltag. Dieses l\u00e4ssige, vielseitige Sweatshirt besteht aus einem schweren Baumwollstoff mit Loopback, der kleine Schlaufen auf der R\u00fcckseite des Stoffes aufweist. Perfekt f\u00fcr das Branding mit Vereins-, Sponsoren- oder Firmenlogos. \u2022 Hergestellt aus 100 % Bio-Baumwolle (380 gsm) \u2022 Loopback-Gewebe \u2022 Rippe an [&hellip;]<\/p>\n","protected":false},"featured_media":740294,"template":"","meta":[],"product_brand":[],"product_cat":[4191],"product_tag":[],"class_list":{"0":"post-740277","1":"product","2":"type-product","3":"status-publish","4":"has-post-thumbnail","6":"product_cat-longsleeves-sweatshirts","7":"pa_brand-craft","8":"pa_brand-type-sportswear","9":"pa_filter-color-blau","10":"pa_filter-color-braun","11":"pa_filter-color-rot","12":"pa_filter-color-schwarz","14":"first","15":"instock","16":"sale","17":"taxable","18":"shipping-taxable","19":"purchasable","20":"product-type-variable","21":"add-to-wishlist-before_image"},"exclude_global_add_ons":[],"addons":[],"acf":[],"_links":{"self":[{"href":"https:\/\/shop.kustom.ch\/it\/wp-json\/wp\/v2\/product\/740277"}],"collection":[{"href":"https:\/\/shop.kustom.ch\/it\/wp-json\/wp\/v2\/product"}],"about":[{"href":"https:\/\/shop.kustom.ch\/it\/wp-json\/wp\/v2\/types\/product"}],"wp:featuredmedia":[{"embeddable":true,"href":"https:\/\/shop.kustom.ch\/it\/wp-json\/wp\/v2\/media\/740294"}],"wp:attachment":[{"href":"https:\/\/shop.kustom.ch\/it\/wp-json\/wp\/v2\/media?parent=740277"}],"wp:term":[{"taxonomy":"product_brand","embeddable":true,"href":"https:\/\/shop.kustom.ch\/it\/wp-json\/wp\/v2\/product_brand?post=740277"},{"taxonomy":"product_cat","embeddable":true,"href":"https:\/\/shop.kustom.ch\/it\/wp-json\/wp\/v2\/product_cat?post=740277"},{"taxonomy":"product_tag","embeddable":true,"href":"https:\/\/shop.kustom.ch\/it\/wp-json\/wp\/v2\/product_tag?post=740277"}],"curies":[{"name":"wp","href":"https:\/\/api.w.org\/{rel}","templated":true}]}}