{"id":740025,"date":"2026-04-16T10:09:46","date_gmt":"2026-04-16T09:09:46","guid":{"rendered":"https:\/\/shop.kustom.ch\/?post_type=product&#038;p=740025"},"modified":"2026-04-16T10:10:26","modified_gmt":"2026-04-16T09:10:26","slug":"subz-light-tights-w","status":"publish","type":"product","link":"https:\/\/shop.kustom.ch\/it\/prodotto\/subz-light-tights-w\/","title":{"rendered":"Collant SubZ Light W"},"content":{"rendered":"<p>SubZ Light Tights sind leichte und hochfunktionelle Laufstrumpfhosen, die f\u00fcr hochintensive Trainingseinheiten bei kalten Bedingungen entwickelt wurden.<\/p>\n<p>Diese modernen Kaltwetter-Strumpfhosen sind aus geb\u00fcrstetem und elastischem Polyester-Jersey-Stoff gefertigt und verf\u00fcgen \u00fcber ein wind- und wasserabweisendes Aussenmaterial sowie ein PrimaLoft-Futter auf der Vorderseite. Das Ergebnis ist ein Hochleistungskleidungsst\u00fcck, das hervorragende Isolierung und Windschutz bietet und Sie beim Training an kalten Wintertagen warm und komfortabel h\u00e4lt. Der breite Bund mit verstellbarem Kordelzug sorgt f\u00fcr eine angenehme Passform.<\/p>\n<p>\u2022 Geb\u00fcrsteter, elastischer Jerseystoff aus recyceltem Polyester und Elasthan<br \/>\n\u2022 Wind- und wasserabweisendes Crinkle-Polyester mit PrimaLoft-Futter vorne (bis zu den Knien)<br \/>\n\u2022 Breiter Bund mit verstellbarem Kordelzug<br \/>\n\u2022 Beintasche mit verdecktem Reissverschluss<br \/>\n- Zip alle estremit\u00e0 delle gambe per facilitare la vestizione e la svestizione<br \/>\n\u2022 Elastischer Gripper an den Beinenden<br \/>\n\u2022 Reflektierende Elemente vorne und hinten<br \/>\n- Vestibilit\u00e0 stretta<\/p>\n<p>Materiale: Corpo anteriore 100% Poliammide riciclata, Corpo 88% Poliestere riciclato, 12% Elastane, Fodera 100% Poliestere riciclato<\/p>","protected":false},"excerpt":{"rendered":"<p>SubZ Light Tights sind leichte und hochfunktionelle Laufstrumpfhosen, die f\u00fcr hochintensive Trainingseinheiten bei kalten Bedingungen entwickelt wurden. Diese modernen Kaltwetter-Strumpfhosen sind aus geb\u00fcrstetem und elastischem Polyester-Jersey-Stoff gefertigt und verf\u00fcgen \u00fcber ein wind- und wasserabweisendes Aussenmaterial sowie ein PrimaLoft-Futter auf der Vorderseite. Das Ergebnis ist ein Hochleistungskleidungsst\u00fcck, das hervorragende Isolierung und Windschutz bietet und Sie beim [&hellip;]<\/p>\n","protected":false},"featured_media":740080,"template":"","meta":[],"product_brand":[],"product_cat":[4190],"product_tag":[],"class_list":{"0":"post-740025","1":"product","2":"type-product","3":"status-publish","4":"has-post-thumbnail","6":"product_cat-leggings","7":"pa_brand-craft","8":"pa_brand-type-sportswear","9":"pa_filter-color-beige","10":"pa_filter-color-schwarz","12":"first","13":"instock","14":"sale","15":"taxable","16":"shipping-taxable","17":"purchasable","18":"product-type-variable","19":"add-to-wishlist-before_image"},"exclude_global_add_ons":[],"addons":[],"acf":[],"_links":{"self":[{"href":"https:\/\/shop.kustom.ch\/it\/wp-json\/wp\/v2\/product\/740025"}],"collection":[{"href":"https:\/\/shop.kustom.ch\/it\/wp-json\/wp\/v2\/product"}],"about":[{"href":"https:\/\/shop.kustom.ch\/it\/wp-json\/wp\/v2\/types\/product"}],"wp:featuredmedia":[{"embeddable":true,"href":"https:\/\/shop.kustom.ch\/it\/wp-json\/wp\/v2\/media\/740080"}],"wp:attachment":[{"href":"https:\/\/shop.kustom.ch\/it\/wp-json\/wp\/v2\/media?parent=740025"}],"wp:term":[{"taxonomy":"product_brand","embeddable":true,"href":"https:\/\/shop.kustom.ch\/it\/wp-json\/wp\/v2\/product_brand?post=740025"},{"taxonomy":"product_cat","embeddable":true,"href":"https:\/\/shop.kustom.ch\/it\/wp-json\/wp\/v2\/product_cat?post=740025"},{"taxonomy":"product_tag","embeddable":true,"href":"https:\/\/shop.kustom.ch\/it\/wp-json\/wp\/v2\/product_tag?post=740025"}],"curies":[{"name":"wp","href":"https:\/\/api.w.org\/{rel}","templated":true}]}}