{"id":739579,"date":"2026-04-16T10:04:49","date_gmt":"2026-04-16T09:04:49","guid":{"rendered":"https:\/\/shop.kustom.ch\/?post_type=product&#038;p=739579"},"modified":"2026-04-16T10:05:33","modified_gmt":"2026-04-16T09:05:33","slug":"active-comfort-ss-2-w","status":"publish","type":"product","link":"https:\/\/shop.kustom.ch\/it\/prodotto\/active-comfort-ss-2-w\/","title":{"rendered":"Active Comfort SS 2 W"},"content":{"rendered":"<p>L'Active Comfort SS 2 \u00e8 una maglietta baselayer morbida e funzionale, perfetta per quasi tutte le attivit\u00e0, dall'allenamento quotidiano allo sci alpino, dal trekking al rilassante doposci. Ora \u00e8 realizzata con 100 materiali riciclati %.<\/p>\n<p>Questo strato di base versatile ed estremamente confortevole \u00e8 realizzato in poliammide e poliestere riciclato 100%, una miscela morbida e funzionale che offre calore e un efficiente trasporto dell'umidit\u00e0. Inoltre, il capo presenta poche cuciture e una struttura aderente al corpo per una migliore termoregolazione. Se avete bisogno di un solo strato di base per tutti gli allenamenti e le attivit\u00e0 fisiche, questo \u00e8 quello giusto.<\/p>\n<p>- Tessuto morbido e funzionale, in parte realizzato con materiali riciclati 100 %<br \/>\n- Struttura di mappatura del corpo per una migliore regolazione del calore<br \/>\n- Poche cuciture per un comfort ottimale<br \/>\n- Cuciture flatlock che seguono i movimenti del corpo<\/p>\n<p>Materiale: 75% Poliammide riciclata, 25% Poliestere riciclato<\/p>","protected":false},"excerpt":{"rendered":"<p>Das Active Comfort SS 2 ist ein weiches und funktionelles Baselayer-T-Shirt, das sich hervorragend f\u00fcr fast jede Aktivit\u00e4t eignet, vom t\u00e4glichen Training bis hin zum alpinen Skifahren, Trekking und entspannten Apr\u00e8s-Ski. Jetzt aus 100 % recycelten Materialien hergestellt. Dieser vielseitige und \u00e4usserst komfortable Baselayer besteht aus 100% recyceltem Polyamid und Polyester, einer weichen und funktionellen [&hellip;]<\/p>\n","protected":false},"featured_media":739616,"template":"","meta":[],"product_brand":[],"product_cat":[4201],"product_tag":[],"class_list":{"0":"post-739579","1":"product","2":"type-product","3":"status-publish","4":"has-post-thumbnail","6":"product_cat-t-shirts","7":"pa_brand-craft","8":"pa_brand-type-sportswear","9":"pa_filter-color-grau","10":"pa_filter-color-schwarz","12":"first","13":"instock","14":"sale","15":"taxable","16":"shipping-taxable","17":"purchasable","18":"product-type-variable","19":"add-to-wishlist-before_image"},"exclude_global_add_ons":[],"addons":[],"acf":[],"_links":{"self":[{"href":"https:\/\/shop.kustom.ch\/it\/wp-json\/wp\/v2\/product\/739579"}],"collection":[{"href":"https:\/\/shop.kustom.ch\/it\/wp-json\/wp\/v2\/product"}],"about":[{"href":"https:\/\/shop.kustom.ch\/it\/wp-json\/wp\/v2\/types\/product"}],"wp:featuredmedia":[{"embeddable":true,"href":"https:\/\/shop.kustom.ch\/it\/wp-json\/wp\/v2\/media\/739616"}],"wp:attachment":[{"href":"https:\/\/shop.kustom.ch\/it\/wp-json\/wp\/v2\/media?parent=739579"}],"wp:term":[{"taxonomy":"product_brand","embeddable":true,"href":"https:\/\/shop.kustom.ch\/it\/wp-json\/wp\/v2\/product_brand?post=739579"},{"taxonomy":"product_cat","embeddable":true,"href":"https:\/\/shop.kustom.ch\/it\/wp-json\/wp\/v2\/product_cat?post=739579"},{"taxonomy":"product_tag","embeddable":true,"href":"https:\/\/shop.kustom.ch\/it\/wp-json\/wp\/v2\/product_tag?post=739579"}],"curies":[{"name":"wp","href":"https:\/\/api.w.org\/{rel}","templated":true}]}}