{"id":739552,"date":"2026-04-16T10:04:25","date_gmt":"2026-04-16T09:04:25","guid":{"rendered":"https:\/\/shop.kustom.ch\/?post_type=product&#038;p=739552"},"modified":"2026-04-16T10:05:09","modified_gmt":"2026-04-16T09:05:09","slug":"adv-essence-warm-vest-2-w","status":"publish","type":"product","link":"https:\/\/shop.kustom.ch\/it\/prodotto\/adv-essence-warm-vest-2-w\/","title":{"rendered":"Gilet caldo ADV Essence 2 W"},"content":{"rendered":"<p>L'Adv Essence Warm Vest 2 \u00e8 un caldo gilet multisport perfetto da indossare sopra o sotto i vestiti durante l'allenamento in autunno e in inverno. <\/p>\n<p>Questo versatile gilet da allenamento \u00e8 caratterizzato da un leggero isolamento sul davanti e sulla parte superiore della schiena, da un pile spazzolato sul retro e da un jersey elasticizzato sui lati per una libert\u00e0 di movimento ottimale. Inoltre, il gilet \u00e8 dotato di un elastico in vita per una vestibilit\u00e0 ottimale e di due tasche laterali con zip. Realizzato con tessuti riciclati.<\/p>\n<p>- Tessuti riciclati<br \/>\n- Isolamento in poliestere leggero sul davanti e sulla parte superiore della schiena per garantire calore e comfort<br \/>\n- Funzionale tessuto in pile con interno spazzolato e superficie liscia sul retro<br \/>\n- Maglia elastica sui fianchi per una libert\u00e0 di movimento ottimale<br \/>\n- Vita elastica per una vestibilit\u00e0 perfetta<br \/>\n- Due tasche laterali (una con zip)<br \/>\n- Elementi riflettenti<br \/>\n- Taglio normale<\/p>\n<p>Materiale: corpo anteriore 86% poliammide riciclata, 14% elastan, imbottitura 100% poliestere riciclato, corpo posteriore 77% poliestere riciclato, 23% elastan<\/p>","protected":false},"excerpt":{"rendered":"<p>Die Adv Essence Warm Vest 2 ist eine warme Multisportweste, die sich perfekt zum \u00dcber- oder Unterziehen beim Training im Herbst und Winter eignet. Diese vielseitige Trainingsweste verf\u00fcgt \u00fcber eine leichte Isolierung vorne und oben am R\u00fccken, geb\u00fcrstetes Fleece auf der R\u00fcckseite und elastisches Jersey an den Seiten f\u00fcr optimale Bewegungsfreiheit. Dar\u00fcber hinaus verf\u00fcgt die [&hellip;]<\/p>\n","protected":false},"featured_media":739578,"template":"","meta":[],"product_brand":[],"product_cat":[4208],"product_tag":[],"class_list":{"0":"post-739552","1":"product","2":"type-product","3":"status-publish","4":"has-post-thumbnail","6":"product_cat-westen","7":"pa_brand-craft","8":"pa_brand-type-sportswear","9":"pa_filter-color-braun","10":"pa_filter-color-grau","11":"pa_filter-color-schwarz","13":"first","14":"instock","15":"sale","16":"taxable","17":"shipping-taxable","18":"purchasable","19":"product-type-variable","20":"add-to-wishlist-before_image"},"exclude_global_add_ons":[],"addons":[],"acf":[],"_links":{"self":[{"href":"https:\/\/shop.kustom.ch\/it\/wp-json\/wp\/v2\/product\/739552"}],"collection":[{"href":"https:\/\/shop.kustom.ch\/it\/wp-json\/wp\/v2\/product"}],"about":[{"href":"https:\/\/shop.kustom.ch\/it\/wp-json\/wp\/v2\/types\/product"}],"wp:featuredmedia":[{"embeddable":true,"href":"https:\/\/shop.kustom.ch\/it\/wp-json\/wp\/v2\/media\/739578"}],"wp:attachment":[{"href":"https:\/\/shop.kustom.ch\/it\/wp-json\/wp\/v2\/media?parent=739552"}],"wp:term":[{"taxonomy":"product_brand","embeddable":true,"href":"https:\/\/shop.kustom.ch\/it\/wp-json\/wp\/v2\/product_brand?post=739552"},{"taxonomy":"product_cat","embeddable":true,"href":"https:\/\/shop.kustom.ch\/it\/wp-json\/wp\/v2\/product_cat?post=739552"},{"taxonomy":"product_tag","embeddable":true,"href":"https:\/\/shop.kustom.ch\/it\/wp-json\/wp\/v2\/product_tag?post=739552"}],"curies":[{"name":"wp","href":"https:\/\/api.w.org\/{rel}","templated":true}]}}