{"id":738538,"date":"2026-04-16T09:52:50","date_gmt":"2026-04-16T08:52:50","guid":{"rendered":"https:\/\/shop.kustom.ch\/?post_type=product&#038;p=738538"},"modified":"2026-04-16T09:53:39","modified_gmt":"2026-04-16T08:53:39","slug":"adv-bike-subz-bib-tights-2-w","status":"publish","type":"product","link":"https:\/\/shop.kustom.ch\/it\/prodotto\/adv-bike-subz-bib-tights-2-w\/","title":{"rendered":"Calzamaglia Adv Bike SubZ 2 W"},"content":{"rendered":"<p>Adv SubZ Bib Tights 2 sind hochfunktionelle Tr\u00e4gerhosen, die Sie bei intensiven Fahrten in kalten Winterbedingungen warm und trocken halten. <\/p>\n<p>Diese technisch hochentwickelten Tr\u00e4gerhosen f\u00fcr kaltes Wetter bestehen aus recyceltem Polyester und Elastan mit geb\u00fcrsteter Innenseite f\u00fcr zus\u00e4tzliche W\u00e4rme und Komfort. Die Tr\u00e4gerhosen aus funktionellem Netzgewebe sorgen f\u00fcr bessere Bel\u00fcftung. C2-Pad. <\/p>\n<p>\u2022 Recyceltes Polyester- und Elastangewebe mit geb\u00fcrsteter Innenseite<br \/>\n\u2022 Tr\u00e4gerhosen aus Netzgewebe f\u00fcr verbesserte Bel\u00fcftung<br \/>\n\u2022 Reissverschluss am Beinabschluss f\u00fcr einfaches An- und Ausziehen<br \/>\n\u2022 Reflektierende Elemente und Aufdrucke<br \/>\n- Infinity C2 Pad Donna<\/p>\n<p>Material: Body 88% Recycelter Polyester, 12% Elastan, Side Panels Front panel 88% Recycelter Polyester, 12% Elastan, Upper Body 95% Recycelter Polyester, 5% Elastan<\/p>","protected":false},"excerpt":{"rendered":"<p>Adv SubZ Bib Tights 2 sind hochfunktionelle Tr\u00e4gerhosen, die Sie bei intensiven Fahrten in kalten Winterbedingungen warm und trocken halten. Diese technisch hochentwickelten Tr\u00e4gerhosen f\u00fcr kaltes Wetter bestehen aus recyceltem Polyester und Elastan mit geb\u00fcrsteter Innenseite f\u00fcr zus\u00e4tzliche W\u00e4rme und Komfort. Die Tr\u00e4gerhosen aus funktionellem Netzgewebe sorgen f\u00fcr bessere Bel\u00fcftung. C2-Pad. \u2022 Recyceltes Polyester- und [&hellip;]<\/p>\n","protected":false},"featured_media":738587,"template":"","meta":[],"product_brand":[],"product_cat":[4190],"product_tag":[],"class_list":{"0":"post-738538","1":"product","2":"type-product","3":"status-publish","4":"has-post-thumbnail","6":"product_cat-leggings","7":"pa_brand-craft","8":"pa_brand-type-sportswear","9":"pa_filter-color-schwarz","11":"first","12":"instock","13":"sale","14":"taxable","15":"shipping-taxable","16":"purchasable","17":"product-type-variable","18":"add-to-wishlist-before_image"},"exclude_global_add_ons":[],"addons":[],"acf":[],"_links":{"self":[{"href":"https:\/\/shop.kustom.ch\/it\/wp-json\/wp\/v2\/product\/738538"}],"collection":[{"href":"https:\/\/shop.kustom.ch\/it\/wp-json\/wp\/v2\/product"}],"about":[{"href":"https:\/\/shop.kustom.ch\/it\/wp-json\/wp\/v2\/types\/product"}],"wp:featuredmedia":[{"embeddable":true,"href":"https:\/\/shop.kustom.ch\/it\/wp-json\/wp\/v2\/media\/738587"}],"wp:attachment":[{"href":"https:\/\/shop.kustom.ch\/it\/wp-json\/wp\/v2\/media?parent=738538"}],"wp:term":[{"taxonomy":"product_brand","embeddable":true,"href":"https:\/\/shop.kustom.ch\/it\/wp-json\/wp\/v2\/product_brand?post=738538"},{"taxonomy":"product_cat","embeddable":true,"href":"https:\/\/shop.kustom.ch\/it\/wp-json\/wp\/v2\/product_cat?post=738538"},{"taxonomy":"product_tag","embeddable":true,"href":"https:\/\/shop.kustom.ch\/it\/wp-json\/wp\/v2\/product_tag?post=738538"}],"curies":[{"name":"wp","href":"https:\/\/api.w.org\/{rel}","templated":true}]}}