{"id":738459,"date":"2026-04-16T09:51:52","date_gmt":"2026-04-16T08:51:52","guid":{"rendered":"https:\/\/shop.kustom.ch\/?post_type=product&#038;p=738459"},"modified":"2026-04-16T09:53:10","modified_gmt":"2026-04-16T08:53:10","slug":"subz-structured-jersey-m","status":"publish","type":"product","link":"https:\/\/shop.kustom.ch\/it\/prodotto\/subz-structured-jersey-m\/","title":{"rendered":"Maglia strutturata SubZ M"},"content":{"rendered":"<p>Das SubZ Structured Jersey ist ein vielseitiger, locker sitzender Laufpullover, der f\u00fcr intensive Trainingseinheiten bei k\u00fchlen Herbstbedingungen entwickelt wurde.<\/p>\n<p>Dieser High-Performance-Pullover besteht aus einem funktionalen 2-Lagen-Stoff mit strukturierter Oberfl\u00e4che. Durch die grobe Struktur entstehen Luftkan\u00e4le, die sowohl isolieren als auch hervorragende feuchtigkeitsableitende Eigenschaften bieten und daf\u00fcr sorgen, dass Sie warm und trocken bleiben. Der Trainingspullover ist ideal zum Laufen an k\u00fchlen Herbsttagen und dient als perfektes \u00dcbergangsst\u00fcck zwischen Sommer und Winter. Er kann allein oder f\u00fcr zus\u00e4tzliche W\u00e4rme bei k\u00e4lteren Temperaturen in mehreren Schichten getragen werden.<\/p>\n<p>\u2022 Weicher, gebundener 2-Lagen-Jerseystoff<br \/>\n\u2022 Leicht \u00fcberschnittene Schultern<br \/>\n\u2022 Etwas l\u00e4ngerer R\u00fccken<br \/>\n\u2022 Manschette mit Daumenschlaufe an den \u00c4rmelenden<br \/>\n\u2022 Reissverschlusstasche am rechten \u00c4rmel<br \/>\n- Colletto rotondo<br \/>\n\u2022 Reflektierendes Etikett am unteren Saum<br \/>\n- Vestibilit\u00e0 rilassata<\/p>\n<p>Materiale: 100% Poliestere riciclato<\/p>","protected":false},"excerpt":{"rendered":"<p>Das SubZ Structured Jersey ist ein vielseitiger, locker sitzender Laufpullover, der f\u00fcr intensive Trainingseinheiten bei k\u00fchlen Herbstbedingungen entwickelt wurde. Dieser High-Performance-Pullover besteht aus einem funktionalen 2-Lagen-Stoff mit strukturierter Oberfl\u00e4che. Durch die grobe Struktur entstehen Luftkan\u00e4le, die sowohl isolieren als auch hervorragende feuchtigkeitsableitende Eigenschaften bieten und daf\u00fcr sorgen, dass Sie warm und trocken bleiben. Der Trainingspullover [&hellip;]<\/p>\n","protected":false},"featured_media":738523,"template":"","meta":[],"product_brand":[],"product_cat":[4191],"product_tag":[],"class_list":{"0":"post-738459","1":"product","2":"type-product","3":"status-publish","4":"has-post-thumbnail","6":"product_cat-longsleeves-sweatshirts","7":"pa_brand-craft","8":"pa_brand-type-sportswear","9":"pa_filter-color-blau","10":"pa_filter-color-schwarz","12":"first","13":"instock","14":"sale","15":"taxable","16":"shipping-taxable","17":"purchasable","18":"product-type-variable","19":"add-to-wishlist-before_image"},"exclude_global_add_ons":[],"addons":[],"acf":[],"_links":{"self":[{"href":"https:\/\/shop.kustom.ch\/it\/wp-json\/wp\/v2\/product\/738459"}],"collection":[{"href":"https:\/\/shop.kustom.ch\/it\/wp-json\/wp\/v2\/product"}],"about":[{"href":"https:\/\/shop.kustom.ch\/it\/wp-json\/wp\/v2\/types\/product"}],"wp:featuredmedia":[{"embeddable":true,"href":"https:\/\/shop.kustom.ch\/it\/wp-json\/wp\/v2\/media\/738523"}],"wp:attachment":[{"href":"https:\/\/shop.kustom.ch\/it\/wp-json\/wp\/v2\/media?parent=738459"}],"wp:term":[{"taxonomy":"product_brand","embeddable":true,"href":"https:\/\/shop.kustom.ch\/it\/wp-json\/wp\/v2\/product_brand?post=738459"},{"taxonomy":"product_cat","embeddable":true,"href":"https:\/\/shop.kustom.ch\/it\/wp-json\/wp\/v2\/product_cat?post=738459"},{"taxonomy":"product_tag","embeddable":true,"href":"https:\/\/shop.kustom.ch\/it\/wp-json\/wp\/v2\/product_tag?post=738459"}],"curies":[{"name":"wp","href":"https:\/\/api.w.org\/{rel}","templated":true}]}}