{"id":738343,"date":"2026-04-16T09:50:38","date_gmt":"2026-04-16T08:50:38","guid":{"rendered":"https:\/\/shop.kustom.ch\/?post_type=product&#038;p=738343"},"modified":"2026-04-16T09:51:02","modified_gmt":"2026-04-16T08:51:02","slug":"pro-bike-subz-wind-bib-tights-2-m","status":"publish","type":"product","link":"https:\/\/shop.kustom.ch\/it\/prodotto\/pro-bike-subz-wind-bib-tights-2-m\/","title":{"rendered":"Pro Bike SubZ Wind Bib Tights 2 M"},"content":{"rendered":"<p>Pro SubZ Wind Bib Tights 2 sind winddichte und wasserabweisende Radhosen, die f\u00fcr intensive Fahrten bei kalten Bedingungen entwickelt wurden.<\/p>\n<p>Diese Profi-Tr\u00e4gerhose besteht aus einem winddichten und wasserabweisenden Material mit einer geb\u00fcrsteten Innenseite auf der Vorderseite f\u00fcr hervorragende W\u00e4rme und Wetterschutz und einem geb\u00fcrsteten, elastischen und hochfunktionellen Material auf der R\u00fcckseite. Dar\u00fcber hinaus verbessert der Netztr\u00e4ger die Bel\u00fcftung, w\u00e4hrend die Kombination aus elastischem Stoff und vorgeformten Beinen f\u00fcr eine massgeschneiderte Passform und uneingeschr\u00e4nkte Bewegungsfreiheit sorgt. Dar\u00fcber hinaus bietet das fortschrittliche C1-Pad hervorragenden Komfort und eine optimale Leistung.<\/p>\n<p>\u2022 Wind- und wasserdichte Stoffe mit grosser Dehnung an der Vorderseite der Beine, WP 10\u2018000\/ MVP 10\u2018000<br \/>\n- Interno spazzolato per un maggiore calore e comfort<br \/>\n\u2022 Geb\u00fcrstetes, elastisches Gewebe auf der R\u00fcckseite f\u00fcr W\u00e4rme und bequeme Passform<br \/>\n\u2022 Tr\u00e4gerhosen aus funktionellem Netzgewebe f\u00fcr bessere Bel\u00fcftung<br \/>\n\u2022 Reissverschluss an der Unterseite der Beine f\u00fcr einfaches An- und Ausziehen<br \/>\n\u2022 Reflektierende Elemente und Aufdrucke<br \/>\n- Infinity C1 Pad Uomo<\/p>\n<p>Material: Front 100% Recycelter Polyester, Middle 100% Polyurethan, Back 100% Polyester, Side Panels Front 100% Recycelter Polyester, Middle 100% Polyurethan, Back 100% Polyester, Back Body 88% Recycelter Polyester, 12% Elastan, Upper Body 67% Recyceltes Polyamid, 33% Elastan, Upper Upper Body 80% Polyester, 20% Elastan<\/p>","protected":false},"excerpt":{"rendered":"<p>Pro SubZ Wind Bib Tights 2 sind winddichte und wasserabweisende Radhosen, die f\u00fcr intensive Fahrten bei kalten Bedingungen entwickelt wurden. Diese Profi-Tr\u00e4gerhose besteht aus einem winddichten und wasserabweisenden Material mit einer geb\u00fcrsteten Innenseite auf der Vorderseite f\u00fcr hervorragende W\u00e4rme und Wetterschutz und einem geb\u00fcrsteten, elastischen und hochfunktionellen Material auf der R\u00fcckseite. Dar\u00fcber hinaus verbessert der [&hellip;]<\/p>\n","protected":false},"featured_media":738369,"template":"","meta":[],"product_brand":[],"product_cat":[4190],"product_tag":[],"class_list":{"0":"post-738343","1":"product","2":"type-product","3":"status-publish","4":"has-post-thumbnail","6":"product_cat-leggings","7":"pa_brand-craft","8":"pa_brand-type-sportswear","9":"pa_filter-color-schwarz","11":"first","12":"instock","13":"sale","14":"taxable","15":"shipping-taxable","16":"purchasable","17":"product-type-variable","18":"add-to-wishlist-before_image"},"exclude_global_add_ons":[],"addons":[],"acf":[],"_links":{"self":[{"href":"https:\/\/shop.kustom.ch\/it\/wp-json\/wp\/v2\/product\/738343"}],"collection":[{"href":"https:\/\/shop.kustom.ch\/it\/wp-json\/wp\/v2\/product"}],"about":[{"href":"https:\/\/shop.kustom.ch\/it\/wp-json\/wp\/v2\/types\/product"}],"wp:featuredmedia":[{"embeddable":true,"href":"https:\/\/shop.kustom.ch\/it\/wp-json\/wp\/v2\/media\/738369"}],"wp:attachment":[{"href":"https:\/\/shop.kustom.ch\/it\/wp-json\/wp\/v2\/media?parent=738343"}],"wp:term":[{"taxonomy":"product_brand","embeddable":true,"href":"https:\/\/shop.kustom.ch\/it\/wp-json\/wp\/v2\/product_brand?post=738343"},{"taxonomy":"product_cat","embeddable":true,"href":"https:\/\/shop.kustom.ch\/it\/wp-json\/wp\/v2\/product_cat?post=738343"},{"taxonomy":"product_tag","embeddable":true,"href":"https:\/\/shop.kustom.ch\/it\/wp-json\/wp\/v2\/product_tag?post=738343"}],"curies":[{"name":"wp","href":"https:\/\/api.w.org\/{rel}","templated":true}]}}