{"id":738308,"date":"2026-04-16T09:50:07","date_gmt":"2026-04-16T08:50:07","guid":{"rendered":"https:\/\/shop.kustom.ch\/?post_type=product&#038;p=738308"},"modified":"2026-04-16T09:50:59","modified_gmt":"2026-04-16T08:50:59","slug":"subz-jacket-4-w","status":"publish","type":"product","link":"https:\/\/shop.kustom.ch\/it\/prodotto\/subz-jacket-4-w\/","title":{"rendered":"Giacca SubZ 4 W"},"content":{"rendered":"<p>La SubZ Jacket 4 \u00e8 una giacca da corsa altamente funzionale con un sottile isolamento che mantiene il calore durante la corsa intensiva in condizioni invernali fredde. <\/p>\n<p>Questa giacca ad alte prestazioni per il freddo \u00e8 dotata di una parte anteriore resistente al vento con un isolamento leggero in un design a 3 strati incollato che offre calore e comfort eccellenti nelle giornate fredde. Le maniche e la schiena sono realizzate in morbido tessuto jersey a 2 strati con fodera in rete per migliorare l'isolamento. La giacca \u00e8 inoltre dotata di un tessuto in poliestere perforato antivento e idrorepellente sul collo anteriore e sulla parte superiore della schiena per una ventilazione ottimale. Inoltre, due pratiche tasche aumentano la versatilit\u00e0 di questo capo in caso di freddo, rendendolo un'ottima scelta sia per l'allenamento invernale che per l'uso quotidiano.<\/p>\n<p>- Materiale esterno antivento e isolamento leggero in una struttura a 3 strati incollata sul davanti<br \/>\n- Morbido jersey a 2 strati con fodera in rete sulle maniche e sulla schiena.<br \/>\n- Poliestere traforato antivento e idrorepellente sulla scollatura anteriore e sulla parte superiore della schiena<br \/>\n- Due tasche con zip nascoste sulle cuciture laterali<br \/>\n- Orlo posteriore saldato<br \/>\n- Stampa riflettente sulle maniche, sul davanti e sulla schiena<br \/>\n\u2022 Kurzer Schnitt bis zur H\u00fcfte<\/p>\n<p>Materiale: Corpo anteriore 100% Poliestere riciclato, Imbottitura 100% Poliestere riciclato, Corpo posterioreManiche 85% Poliestere riciclato, 6% Poliestere, 9% Elastan<\/p>","protected":false},"excerpt":{"rendered":"<p>Das SubZ Jacket 4 ist eine hochfunktionelle Laufjacke mit d\u00fcnner Isolierung, die Sie bei intensivem Laufen unter kalten Winterbedingungen warm h\u00e4lt. Diese leistungsstarke Jacke f\u00fcr kaltes Wetter hat eine windabweisende Vorderseite mit leichter Isolierung in einem verklebten 3-Lagen-Design, das an k\u00fchlen Tagen f\u00fcr hervorragende W\u00e4rme und Komfort sorgt. Die \u00c4rmel und der R\u00fccken bestehen aus [&hellip;]<\/p>\n","protected":false},"featured_media":738330,"template":"","meta":[],"product_brand":[],"product_cat":[4186],"product_tag":[],"class_list":{"0":"post-738308","1":"product","2":"type-product","3":"status-publish","4":"has-post-thumbnail","6":"product_cat-jacken","7":"pa_brand-craft","8":"pa_brand-type-sportswear","9":"pa_filter-color-blau","10":"pa_filter-color-grau","11":"pa_filter-color-schwarz","13":"first","14":"instock","15":"sale","16":"taxable","17":"shipping-taxable","18":"purchasable","19":"product-type-variable","20":"add-to-wishlist-before_image"},"exclude_global_add_ons":[],"addons":[],"acf":[],"_links":{"self":[{"href":"https:\/\/shop.kustom.ch\/it\/wp-json\/wp\/v2\/product\/738308"}],"collection":[{"href":"https:\/\/shop.kustom.ch\/it\/wp-json\/wp\/v2\/product"}],"about":[{"href":"https:\/\/shop.kustom.ch\/it\/wp-json\/wp\/v2\/types\/product"}],"wp:featuredmedia":[{"embeddable":true,"href":"https:\/\/shop.kustom.ch\/it\/wp-json\/wp\/v2\/media\/738330"}],"wp:attachment":[{"href":"https:\/\/shop.kustom.ch\/it\/wp-json\/wp\/v2\/media?parent=738308"}],"wp:term":[{"taxonomy":"product_brand","embeddable":true,"href":"https:\/\/shop.kustom.ch\/it\/wp-json\/wp\/v2\/product_brand?post=738308"},{"taxonomy":"product_cat","embeddable":true,"href":"https:\/\/shop.kustom.ch\/it\/wp-json\/wp\/v2\/product_cat?post=738308"},{"taxonomy":"product_tag","embeddable":true,"href":"https:\/\/shop.kustom.ch\/it\/wp-json\/wp\/v2\/product_tag?post=738308"}],"curies":[{"name":"wp","href":"https:\/\/api.w.org\/{rel}","templated":true}]}}