{"id":738259,"date":"2026-04-16T09:49:37","date_gmt":"2026-04-16T08:49:37","guid":{"rendered":"https:\/\/shop.kustom.ch\/?post_type=product&#038;p=738259"},"modified":"2026-04-16T09:50:28","modified_gmt":"2026-04-16T08:50:28","slug":"collective-seamless-cropped-ss-top-w","status":"publish","type":"product","link":"https:\/\/shop.kustom.ch\/it\/prodotto\/collective-seamless-cropped-ss-top-w\/","title":{"rendered":"Top SS senza cuciture Collective W"},"content":{"rendered":"<p>Das Collective Seamless Cropped SS Top ist ein \u00e4usserst bequemes Trainings-T-Shirt mit kurzer, enger Passform, das f\u00fcr hochintensive Workouts und den Alltag konzipiert ist.<\/p>\n<p>Durch die Kombination eines weichen, dehnbaren Stoffes mit einer nahtlosen Konstruktion bietet das T-Shirt hervorragenden Komfort und eine ergonomische Passform f\u00fcr uneingeschr\u00e4nkte Bewegungsfreiheit. Es verf\u00fcgt ausserdem \u00fcber Jacquard-Strickdetails und eine gerippte Textur f\u00fcr zus\u00e4tzlichen Stil. Die Kombination aus erstklassiger Verarbeitung und langlebigen Farbkombinationen macht dieses weiche und geschmeidige Trainingsteil zu einem idealen Begleiter f\u00fcr den Alltag.<\/p>\n<p>\u2022 Weicher Jerseystoff aus recyceltem Polyamid, Polyester und Elasthan<br \/>\n\u2022 Nahtlose Technik f\u00fcr optimalen Komfort<br \/>\n\u2022 Jacquard-Strickdetails<br \/>\n- Corto, aderente<\/p>\n<p>Materiale: 87% poliammide riciclata, 13% elastan<\/p>","protected":false},"excerpt":{"rendered":"<p>Das Collective Seamless Cropped SS Top ist ein \u00e4usserst bequemes Trainings-T-Shirt mit kurzer, enger Passform, das f\u00fcr hochintensive Workouts und den Alltag konzipiert ist. Durch die Kombination eines weichen, dehnbaren Stoffes mit einer nahtlosen Konstruktion bietet das T-Shirt hervorragenden Komfort und eine ergonomische Passform f\u00fcr uneingeschr\u00e4nkte Bewegungsfreiheit. Es verf\u00fcgt ausserdem \u00fcber Jacquard-Strickdetails und eine gerippte [&hellip;]<\/p>\n","protected":false},"featured_media":738284,"template":"","meta":[],"product_brand":[],"product_cat":[4202],"product_tag":[],"class_list":{"0":"post-738259","1":"product","2":"type-product","3":"status-publish","4":"has-post-thumbnail","6":"product_cat-tank-tops","7":"pa_brand-craft","8":"pa_brand-type-sportswear","9":"pa_filter-color-rot","10":"pa_filter-color-schwarz","12":"first","13":"instock","14":"sale","15":"taxable","16":"shipping-taxable","17":"purchasable","18":"product-type-variable","19":"add-to-wishlist-before_image"},"exclude_global_add_ons":[],"addons":[],"acf":[],"_links":{"self":[{"href":"https:\/\/shop.kustom.ch\/it\/wp-json\/wp\/v2\/product\/738259"}],"collection":[{"href":"https:\/\/shop.kustom.ch\/it\/wp-json\/wp\/v2\/product"}],"about":[{"href":"https:\/\/shop.kustom.ch\/it\/wp-json\/wp\/v2\/types\/product"}],"wp:featuredmedia":[{"embeddable":true,"href":"https:\/\/shop.kustom.ch\/it\/wp-json\/wp\/v2\/media\/738284"}],"wp:attachment":[{"href":"https:\/\/shop.kustom.ch\/it\/wp-json\/wp\/v2\/media?parent=738259"}],"wp:term":[{"taxonomy":"product_brand","embeddable":true,"href":"https:\/\/shop.kustom.ch\/it\/wp-json\/wp\/v2\/product_brand?post=738259"},{"taxonomy":"product_cat","embeddable":true,"href":"https:\/\/shop.kustom.ch\/it\/wp-json\/wp\/v2\/product_cat?post=738259"},{"taxonomy":"product_tag","embeddable":true,"href":"https:\/\/shop.kustom.ch\/it\/wp-json\/wp\/v2\/product_tag?post=738259"}],"curies":[{"name":"wp","href":"https:\/\/api.w.org\/{rel}","templated":true}]}}