{"id":738134,"date":"2026-04-16T09:48:07","date_gmt":"2026-04-16T08:48:07","guid":{"rendered":"https:\/\/shop.kustom.ch\/?post_type=product&#038;p=738134"},"modified":"2026-04-16T09:49:12","modified_gmt":"2026-04-16T08:49:12","slug":"active-boxer-w","status":"publish","type":"product","link":"https:\/\/shop.kustom.ch\/it\/prodotto\/active-boxer-w\/","title":{"rendered":"Boxer attivo W"},"content":{"rendered":"<p>Active Boxer sind leichte und atmungsaktive Boxershorts mit hervorragendem Feuchtigkeitstransport, die einen ausgezeichneten Komfort beim t\u00e4glichen Training bieten. Die aktualisierte Version besteht aus recyceltem Polyamid und verf\u00fcgt \u00fcber eine neue, verbesserte Passform.<\/p>\n<p>- Tessuto leggero e traspirante in poliammide riciclata<br \/>\n- Nuova e pi\u00f9 confortevole vestibilit\u00e0<\/p>\n<p>Materiale: 91% poliammide riciclata, 9% elastan<\/p>","protected":false},"excerpt":{"rendered":"<p>Active Boxer sind leichte und atmungsaktive Boxershorts mit hervorragendem Feuchtigkeitstransport, die einen ausgezeichneten Komfort beim t\u00e4glichen Training bieten. Die aktualisierte Version besteht aus recyceltem Polyamid und verf\u00fcgt \u00fcber eine neue, verbesserte Passform. \u2022 Leichtes und atmungsaktives Gewebe aus recyceltem Polyamid \u2022 Neue und bequemere Passform Material: 91% Recyceltes Polyamid, 9% Elastan<\/p>","protected":false},"featured_media":738204,"template":"","meta":[],"product_brand":[],"product_cat":[4206],"product_tag":[],"class_list":{"0":"post-738134","1":"product","2":"type-product","3":"status-publish","4":"has-post-thumbnail","6":"product_cat-underwear","7":"pa_brand-craft","8":"pa_brand-type-sportswear","9":"pa_filter-color-schwarz","10":"pa_filter-color-weiss","12":"first","13":"instock","14":"sale","15":"taxable","16":"shipping-taxable","17":"purchasable","18":"product-type-variable","19":"add-to-wishlist-before_image"},"exclude_global_add_ons":[],"addons":[],"acf":[],"_links":{"self":[{"href":"https:\/\/shop.kustom.ch\/it\/wp-json\/wp\/v2\/product\/738134"}],"collection":[{"href":"https:\/\/shop.kustom.ch\/it\/wp-json\/wp\/v2\/product"}],"about":[{"href":"https:\/\/shop.kustom.ch\/it\/wp-json\/wp\/v2\/types\/product"}],"wp:featuredmedia":[{"embeddable":true,"href":"https:\/\/shop.kustom.ch\/it\/wp-json\/wp\/v2\/media\/738204"}],"wp:attachment":[{"href":"https:\/\/shop.kustom.ch\/it\/wp-json\/wp\/v2\/media?parent=738134"}],"wp:term":[{"taxonomy":"product_brand","embeddable":true,"href":"https:\/\/shop.kustom.ch\/it\/wp-json\/wp\/v2\/product_brand?post=738134"},{"taxonomy":"product_cat","embeddable":true,"href":"https:\/\/shop.kustom.ch\/it\/wp-json\/wp\/v2\/product_cat?post=738134"},{"taxonomy":"product_tag","embeddable":true,"href":"https:\/\/shop.kustom.ch\/it\/wp-json\/wp\/v2\/product_tag?post=738134"}],"curies":[{"name":"wp","href":"https:\/\/api.w.org\/{rel}","templated":true}]}}