{"id":738133,"date":"2026-04-16T09:48:07","date_gmt":"2026-04-16T08:48:07","guid":{"rendered":"https:\/\/shop.kustom.ch\/?post_type=product&#038;p=738133"},"modified":"2026-04-16T09:48:55","modified_gmt":"2026-04-16T08:48:55","slug":"subz-fleece-vest-m","status":"publish","type":"product","link":"https:\/\/shop.kustom.ch\/it\/prodotto\/subz-fleece-vest-m\/","title":{"rendered":"Gilet in pile SubZ M"},"content":{"rendered":"<p>Die SubZ Fleece Vest ist eine weiche und bequeme Trainingsweste, die sich perfekt f\u00fcr die Vorjackenzeit eignet.<\/p>\n<p>Die vielseitige Trainingsweste ist aus einem weichen und dennoch strapazierf\u00e4higen Fleecestoff gefertigt, der sowohl Komfort als auch lange Haltbarkeit gew\u00e4hrleistet. Perforationen auf der R\u00fcckseite sorgen f\u00fcr eine verbesserte Bel\u00fcftung und erm\u00f6glichen eine effiziente Temperaturregulierung bei k\u00f6rperlichen Aktivit\u00e4ten. Dieses Kleidungsst\u00fcck bietet den perfekten Ausgleich, wenn sich eine Jacke zu schwer anf\u00fchlt und ein Pullover nicht ausreicht, und ist eine ideale Schichtoption f\u00fcr unvorhersehbare Bedingungen.<\/p>\n<p>\u2022 Weiches und bequemes Polyesterfleece<br \/>\n\u2022 Perforiert auf der R\u00fcckseite f\u00fcr verbesserte Bel\u00fcftung<br \/>\n\u2022 Gewebtes Polyestergewebe am Aussenkragen<br \/>\n- Due tasche laterali con zip nascosta<br \/>\n\u2022 Reflektierendes Etikett auf der Vorderseite<br \/>\n- Taglio normale<\/p>\n<p>Materiale: 100% Poliestere riciclato<\/p>","protected":false},"excerpt":{"rendered":"<p>Die SubZ Fleece Vest ist eine weiche und bequeme Trainingsweste, die sich perfekt f\u00fcr die Vorjackenzeit eignet. Die vielseitige Trainingsweste ist aus einem weichen und dennoch strapazierf\u00e4higen Fleecestoff gefertigt, der sowohl Komfort als auch lange Haltbarkeit gew\u00e4hrleistet. Perforationen auf der R\u00fcckseite sorgen f\u00fcr eine verbesserte Bel\u00fcftung und erm\u00f6glichen eine effiziente Temperaturregulierung bei k\u00f6rperlichen Aktivit\u00e4ten. Dieses [&hellip;]<\/p>\n","protected":false},"featured_media":738179,"template":"","meta":[],"product_brand":[],"product_cat":[4208],"product_tag":[],"class_list":{"0":"post-738133","1":"product","2":"type-product","3":"status-publish","4":"has-post-thumbnail","6":"product_cat-westen","7":"pa_brand-craft","8":"pa_brand-type-sportswear","9":"pa_filter-color-schwarz","10":"pa_filter-color-violet","12":"first","13":"instock","14":"sale","15":"taxable","16":"shipping-taxable","17":"purchasable","18":"product-type-variable","19":"add-to-wishlist-before_image"},"exclude_global_add_ons":[],"addons":[],"acf":[],"_links":{"self":[{"href":"https:\/\/shop.kustom.ch\/it\/wp-json\/wp\/v2\/product\/738133"}],"collection":[{"href":"https:\/\/shop.kustom.ch\/it\/wp-json\/wp\/v2\/product"}],"about":[{"href":"https:\/\/shop.kustom.ch\/it\/wp-json\/wp\/v2\/types\/product"}],"wp:featuredmedia":[{"embeddable":true,"href":"https:\/\/shop.kustom.ch\/it\/wp-json\/wp\/v2\/media\/738179"}],"wp:attachment":[{"href":"https:\/\/shop.kustom.ch\/it\/wp-json\/wp\/v2\/media?parent=738133"}],"wp:term":[{"taxonomy":"product_brand","embeddable":true,"href":"https:\/\/shop.kustom.ch\/it\/wp-json\/wp\/v2\/product_brand?post=738133"},{"taxonomy":"product_cat","embeddable":true,"href":"https:\/\/shop.kustom.ch\/it\/wp-json\/wp\/v2\/product_cat?post=738133"},{"taxonomy":"product_tag","embeddable":true,"href":"https:\/\/shop.kustom.ch\/it\/wp-json\/wp\/v2\/product_tag?post=738133"}],"curies":[{"name":"wp","href":"https:\/\/api.w.org\/{rel}","templated":true}]}}