{"id":737987,"date":"2026-04-16T09:46:19","date_gmt":"2026-04-16T08:46:19","guid":{"rendered":"https:\/\/shop.kustom.ch\/?post_type=product&#038;p=737987"},"modified":"2026-04-16T09:47:02","modified_gmt":"2026-04-16T08:47:02","slug":"join-pile-fleece-fz-hood-w","status":"publish","type":"product","link":"https:\/\/shop.kustom.ch\/it\/prodotto\/join-pile-fleece-fz-hood-w\/","title":{"rendered":"Join Pile Pile FZ Hood W"},"content":{"rendered":"<p>Join Pile Fleece FZ Hood \u00e8 una felpa con cappuccio in pile morbida e casual con zip a tutta lunghezza, adatta sia alle avventure all'aperto che all'abbigliamento quotidiano.<\/p>\n<p>Questo versatile capo in pile, con interno liscio e vestibilit\u00e0 ampia, \u00e8 perfetto per la stratificazione, sia come strato intermedio che esterno. Ha un design pulito con due tasche laterali e fori per i pollici.<\/p>\n<p>- Tessuto in pile realizzato con poliestere riciclato 100%<br \/>\n- Interno liscio<br \/>\n- Due tasche laterali<br \/>\n- Fori per i pollici all'estremit\u00e0 delle maniche<br \/>\n- Vestibilit\u00e0 rilassata<\/p>\n<p>Materiale: 100% Poliestere riciclato<\/p>","protected":false},"excerpt":{"rendered":"<p>Der Join Pile Fleece FZ Hood ist ein weicher und l\u00e4ssiger Fleece-Hoodie mit durchgehendem Reissverschluss, der sowohl f\u00fcr Outdoor-Abenteuer als auch f\u00fcr den Alltag geeignet ist. Dieses vielseitige Kleidungsst\u00fcck aus Fleece mit einer glatten Innenseite und einer lockeren Passform eignet sich perfekt zum Schichten, entweder als mittlere oder als \u00e4ussere Schicht. Es hat ein klares [&hellip;]<\/p>\n","protected":false},"featured_media":738013,"template":"","meta":[],"product_brand":[],"product_cat":[4184],"product_tag":[],"class_list":{"0":"post-737987","1":"product","2":"type-product","3":"status-publish","4":"has-post-thumbnail","6":"product_cat-hoodies-pullover","7":"pa_brand-craft","8":"pa_brand-type-sportswear","9":"pa_filter-color-braun","10":"pa_filter-color-schwarz","12":"first","13":"instock","14":"sale","15":"taxable","16":"shipping-taxable","17":"purchasable","18":"product-type-variable","19":"add-to-wishlist-before_image"},"exclude_global_add_ons":[],"addons":[],"acf":[],"_links":{"self":[{"href":"https:\/\/shop.kustom.ch\/it\/wp-json\/wp\/v2\/product\/737987"}],"collection":[{"href":"https:\/\/shop.kustom.ch\/it\/wp-json\/wp\/v2\/product"}],"about":[{"href":"https:\/\/shop.kustom.ch\/it\/wp-json\/wp\/v2\/types\/product"}],"wp:featuredmedia":[{"embeddable":true,"href":"https:\/\/shop.kustom.ch\/it\/wp-json\/wp\/v2\/media\/738013"}],"wp:attachment":[{"href":"https:\/\/shop.kustom.ch\/it\/wp-json\/wp\/v2\/media?parent=737987"}],"wp:term":[{"taxonomy":"product_brand","embeddable":true,"href":"https:\/\/shop.kustom.ch\/it\/wp-json\/wp\/v2\/product_brand?post=737987"},{"taxonomy":"product_cat","embeddable":true,"href":"https:\/\/shop.kustom.ch\/it\/wp-json\/wp\/v2\/product_cat?post=737987"},{"taxonomy":"product_tag","embeddable":true,"href":"https:\/\/shop.kustom.ch\/it\/wp-json\/wp\/v2\/product_tag?post=737987"}],"curies":[{"name":"wp","href":"https:\/\/api.w.org\/{rel}","templated":true}]}}