{"id":737922,"date":"2026-04-16T09:45:22","date_gmt":"2026-04-16T08:45:22","guid":{"rendered":"https:\/\/shop.kustom.ch\/?post_type=product&#038;p=737922"},"modified":"2026-04-16T09:46:11","modified_gmt":"2026-04-16T08:46:11","slug":"urban-long-padded-coat-w","status":"publish","type":"product","link":"https:\/\/shop.kustom.ch\/it\/prodotto\/urban-long-padded-coat-w\/","title":{"rendered":"Cappotto lungo imbottito Urban W"},"content":{"rendered":"<p>Der Urban Long Padded Coat ist ein gef\u00fctterter Mantel, der Sie bei wirklich kalten Winterbedingungen warm und gem\u00fctlich h\u00e4lt. Mit seinem minimalistischen Design l\u00e4sst er sich m\u00fchelos zwischen l\u00e4ssigen Winterspazierg\u00e4ngen und formelleren Anl\u00e4ssen kombinieren.<\/p>\n<p>Dieser stilvolle Mantel f\u00fcr kaltes Wetter besteht aus einem wasserabweisenden und strapazierf\u00e4higen Stoff und verf\u00fcgt \u00fcber eine Polyesterisolierung, die Sie an nassen Herbst- und Wintertagen warm und trocken h\u00e4lt. Dar\u00fcber hinaus verf\u00fcgt der Mantel \u00fcber zwei Handw\u00e4rmtaschen, einen hohen Stehkragen f\u00fcr zus\u00e4tzlichen Schutz vor K\u00e4lte und Seitenschlitze mit Reissverschluss f\u00fcr mehr Bewegungsfreiheit. Das lange Design des Mantels sorgt f\u00fcr hervorragende W\u00e4rme und Komfort bei sehr kalten Bedingungen.<\/p>\n<p>- Tessuto esterno in poliammide riciclata 100 %<br \/>\n- Isolamento in poliestere riciclato<br \/>\n- Due tasche scaldamani<br \/>\n- Tasca interna sul petto con zip<br \/>\n\u2022 Hoher Stehkragen<br \/>\n\u2022 Seitenschlitze mit Reissverschluss unten f\u00fcr mehr Bewegungsfreiheit<br \/>\n- Zip YKK a 2 vie<br \/>\n- Taglio normale<\/p>\n<p>Material: Main 100% Recyceltes Polyamid, Padding 100% Recycelter Polyester, Lining 100% Recyceltes Polyamid<\/p>","protected":false},"excerpt":{"rendered":"<p>Der Urban Long Padded Coat ist ein gef\u00fctterter Mantel, der Sie bei wirklich kalten Winterbedingungen warm und gem\u00fctlich h\u00e4lt. Mit seinem minimalistischen Design l\u00e4sst er sich m\u00fchelos zwischen l\u00e4ssigen Winterspazierg\u00e4ngen und formelleren Anl\u00e4ssen kombinieren. Dieser stilvolle Mantel f\u00fcr kaltes Wetter besteht aus einem wasserabweisenden und strapazierf\u00e4higen Stoff und verf\u00fcgt \u00fcber eine Polyesterisolierung, die Sie an [&hellip;]<\/p>\n","protected":false},"featured_media":737937,"template":"","meta":[],"product_brand":[],"product_cat":[4186],"product_tag":[],"class_list":{"0":"post-737922","1":"product","2":"type-product","3":"status-publish","4":"has-post-thumbnail","6":"product_cat-jacken","7":"pa_brand-craft","8":"pa_brand-type-sportswear","9":"pa_filter-color-braun","10":"pa_filter-color-schwarz","12":"first","13":"instock","14":"sale","15":"taxable","16":"shipping-taxable","17":"purchasable","18":"product-type-variable","19":"add-to-wishlist-before_image"},"exclude_global_add_ons":[],"addons":[],"acf":[],"_links":{"self":[{"href":"https:\/\/shop.kustom.ch\/it\/wp-json\/wp\/v2\/product\/737922"}],"collection":[{"href":"https:\/\/shop.kustom.ch\/it\/wp-json\/wp\/v2\/product"}],"about":[{"href":"https:\/\/shop.kustom.ch\/it\/wp-json\/wp\/v2\/types\/product"}],"wp:featuredmedia":[{"embeddable":true,"href":"https:\/\/shop.kustom.ch\/it\/wp-json\/wp\/v2\/media\/737937"}],"wp:attachment":[{"href":"https:\/\/shop.kustom.ch\/it\/wp-json\/wp\/v2\/media?parent=737922"}],"wp:term":[{"taxonomy":"product_brand","embeddable":true,"href":"https:\/\/shop.kustom.ch\/it\/wp-json\/wp\/v2\/product_brand?post=737922"},{"taxonomy":"product_cat","embeddable":true,"href":"https:\/\/shop.kustom.ch\/it\/wp-json\/wp\/v2\/product_cat?post=737922"},{"taxonomy":"product_tag","embeddable":true,"href":"https:\/\/shop.kustom.ch\/it\/wp-json\/wp\/v2\/product_tag?post=737922"}],"curies":[{"name":"wp","href":"https:\/\/api.w.org\/{rel}","templated":true}]}}