{"id":737680,"date":"2026-04-16T09:42:54","date_gmt":"2026-04-16T08:42:54","guid":{"rendered":"https:\/\/shop.kustom.ch\/?post_type=product&#038;p=737680"},"modified":"2026-04-16T09:44:24","modified_gmt":"2026-04-16T08:44:24","slug":"flow-mn-ls-m","status":"publish","type":"product","link":"https:\/\/shop.kustom.ch\/it\/prodotto\/flow-mn-ls-m\/","title":{"rendered":"Flusso MN LS M"},"content":{"rendered":"<p>Das Flow MN LS ist ein weiches und funktionelles Trikot, das sich sowohl als Baselayer als auch als eigenst\u00e4ndiges Kleidungsst\u00fcck beim Laufen, Training, Powerwalking und \u00e4hnlichen k\u00f6rperlichen Aktivit\u00e4ten bew\u00e4hrt.<\/p>\n<p>Dieses vielseitig einsetzbare lang\u00e4rmelige Trikot besteht aus einer funktionellen Mischung aus recyceltem Polyester und Elastan und hat eine dezent angeraute Oberfl\u00e4che f\u00fcr ein weiches Tragegef\u00fchl. Das Trikot hat ausserdem eine etwas lockerere Passform als herk\u00f6mmliche, eng anliegende Baselayer, was die Vielseitigkeit und Anpassungsf\u00e4higkeit verbessert. Tragen Sie es allein oder unter einer Jacke oder einem Midlayer-Shirt f\u00fcr zus\u00e4tzliche Isolierung bei k\u00e4lteren Bedingungen.<\/p>\n<p>\u2022 Weiches und elastisches Gewebe aus recyceltem Polyester (88 %) und Elasthan<br \/>\n\u2022 Rollkragen<br \/>\n- Taglio normale<\/p>\n<p>Material: 88% Recycelter Polyester, 12% Elastan<\/p>","protected":false},"excerpt":{"rendered":"<p>Das Flow MN LS ist ein weiches und funktionelles Trikot, das sich sowohl als Baselayer als auch als eigenst\u00e4ndiges Kleidungsst\u00fcck beim Laufen, Training, Powerwalking und \u00e4hnlichen k\u00f6rperlichen Aktivit\u00e4ten bew\u00e4hrt. Dieses vielseitig einsetzbare lang\u00e4rmelige Trikot besteht aus einer funktionellen Mischung aus recyceltem Polyester und Elastan und hat eine dezent angeraute Oberfl\u00e4che f\u00fcr ein weiches Tragegef\u00fchl. Das [&hellip;]<\/p>\n","protected":false},"featured_media":737757,"template":"","meta":[],"product_brand":[],"product_cat":[4191],"product_tag":[],"class_list":{"0":"post-737680","1":"product","2":"type-product","3":"status-publish","4":"has-post-thumbnail","6":"product_cat-longsleeves-sweatshirts","7":"pa_brand-craft","8":"pa_brand-type-sportswear","9":"pa_filter-color-beige","10":"pa_filter-color-blau","11":"pa_filter-color-gruen","12":"pa_filter-color-schwarz","14":"first","15":"instock","16":"sale","17":"taxable","18":"shipping-taxable","19":"purchasable","20":"product-type-variable","21":"add-to-wishlist-before_image"},"exclude_global_add_ons":[],"addons":[],"acf":[],"_links":{"self":[{"href":"https:\/\/shop.kustom.ch\/it\/wp-json\/wp\/v2\/product\/737680"}],"collection":[{"href":"https:\/\/shop.kustom.ch\/it\/wp-json\/wp\/v2\/product"}],"about":[{"href":"https:\/\/shop.kustom.ch\/it\/wp-json\/wp\/v2\/types\/product"}],"wp:featuredmedia":[{"embeddable":true,"href":"https:\/\/shop.kustom.ch\/it\/wp-json\/wp\/v2\/media\/737757"}],"wp:attachment":[{"href":"https:\/\/shop.kustom.ch\/it\/wp-json\/wp\/v2\/media?parent=737680"}],"wp:term":[{"taxonomy":"product_brand","embeddable":true,"href":"https:\/\/shop.kustom.ch\/it\/wp-json\/wp\/v2\/product_brand?post=737680"},{"taxonomy":"product_cat","embeddable":true,"href":"https:\/\/shop.kustom.ch\/it\/wp-json\/wp\/v2\/product_cat?post=737680"},{"taxonomy":"product_tag","embeddable":true,"href":"https:\/\/shop.kustom.ch\/it\/wp-json\/wp\/v2\/product_tag?post=737680"}],"curies":[{"name":"wp","href":"https:\/\/api.w.org\/{rel}","templated":true}]}}