{"id":737679,"date":"2026-04-16T09:42:54","date_gmt":"2026-04-16T08:42:54","guid":{"rendered":"https:\/\/shop.kustom.ch\/?post_type=product&#038;p=737679"},"modified":"2026-04-16T09:43:44","modified_gmt":"2026-04-16T08:43:44","slug":"subz-light-hood-sweater-m","status":"publish","type":"product","link":"https:\/\/shop.kustom.ch\/it\/prodotto\/subz-light-hood-sweater-m\/","title":{"rendered":"SubZ Maglione con cappuccio leggero M"},"content":{"rendered":"<p>Der SubZ Light Hood Sweater ist ein vielseitiger \u00dcberziehpullover mit isolierter Vorderseite, der sowohl f\u00fcr das Training bei kaltem Wetter als auch f\u00fcr den t\u00e4glichen Gebrauch konzipiert ist.<\/p>\n<p>Dieser Kapuzenpullover ist aus einem funktionellen Jerseystoff mit gitterartiger Innenseite gefertigt, die Luftkan\u00e4le f\u00fcr eine bessere Regulierung der K\u00f6rpertemperatur schafft. Die Vorderseite ist mit wind- und wasserabweisendem Polyester verst\u00e4rkt und mit geb\u00fcrsteter PrimaLoft-Isolierung gef\u00fcttert, die Sie bei K\u00e4lte und Wind warm h\u00e4lt. Ein kurzer Frontreissverschluss erm\u00f6glicht einfaches An- und Ausziehen, w\u00e4hrend Daumengriffe an den \u00c4rmelenden f\u00fcr einen sicheren Sitz um die Handgelenke sorgen. Seine lockere Passform und das l\u00e4ssige Design machen diesen Pullover zu einer vielseitigen Wahl, perfekt sowohl f\u00fcr intensive Workouts als auch f\u00fcr den Alltag.<\/p>\n<p>\u2022 Jersey-Stoff mit Gitterstruktur auf der Innenseite f\u00fcr verbesserte Isolierung<br \/>\n\u2022 Wind- und wasserabweisendes Polyester mit Crinkle-Effekt auf der Vorderseite<br \/>\n\u2022 Geb\u00fcrstetes PrimaLoft-Futter an der Vorderseite<br \/>\n\u2022 Daumengriff an den \u00c4rmelenden<br \/>\n\u2022 Kurzer Reissverschluss vorne<br \/>\n- Stampa riflettente su fronte, retro e maniche<br \/>\n- Vestibilit\u00e0 rilassata<\/p>\n<p>Material: Front Body 100% Recyceltes Polyamid, Body 88% Recycelter Polyester, 12% Elastan, Lining 100% Recycelter Polyester<\/p>","protected":false},"excerpt":{"rendered":"<p>Der SubZ Light Hood Sweater ist ein vielseitiger \u00dcberziehpullover mit isolierter Vorderseite, der sowohl f\u00fcr das Training bei kaltem Wetter als auch f\u00fcr den t\u00e4glichen Gebrauch konzipiert ist. Dieser Kapuzenpullover ist aus einem funktionellen Jerseystoff mit gitterartiger Innenseite gefertigt, die Luftkan\u00e4le f\u00fcr eine bessere Regulierung der K\u00f6rpertemperatur schafft. Die Vorderseite ist mit wind- und wasserabweisendem [&hellip;]<\/p>\n","protected":false},"featured_media":737731,"template":"","meta":[],"product_brand":[],"product_cat":[4184],"product_tag":[],"class_list":{"0":"post-737679","1":"product","2":"type-product","3":"status-publish","4":"has-post-thumbnail","6":"product_cat-hoodies-pullover","7":"pa_brand-craft","8":"pa_brand-type-sportswear","9":"pa_filter-color-beige","10":"pa_filter-color-blau","12":"first","13":"instock","14":"sale","15":"taxable","16":"shipping-taxable","17":"purchasable","18":"product-type-variable","19":"add-to-wishlist-before_image"},"exclude_global_add_ons":[],"addons":[],"acf":[],"_links":{"self":[{"href":"https:\/\/shop.kustom.ch\/it\/wp-json\/wp\/v2\/product\/737679"}],"collection":[{"href":"https:\/\/shop.kustom.ch\/it\/wp-json\/wp\/v2\/product"}],"about":[{"href":"https:\/\/shop.kustom.ch\/it\/wp-json\/wp\/v2\/types\/product"}],"wp:featuredmedia":[{"embeddable":true,"href":"https:\/\/shop.kustom.ch\/it\/wp-json\/wp\/v2\/media\/737731"}],"wp:attachment":[{"href":"https:\/\/shop.kustom.ch\/it\/wp-json\/wp\/v2\/media?parent=737679"}],"wp:term":[{"taxonomy":"product_brand","embeddable":true,"href":"https:\/\/shop.kustom.ch\/it\/wp-json\/wp\/v2\/product_brand?post=737679"},{"taxonomy":"product_cat","embeddable":true,"href":"https:\/\/shop.kustom.ch\/it\/wp-json\/wp\/v2\/product_cat?post=737679"},{"taxonomy":"product_tag","embeddable":true,"href":"https:\/\/shop.kustom.ch\/it\/wp-json\/wp\/v2\/product_tag?post=737679"}],"curies":[{"name":"wp","href":"https:\/\/api.w.org\/{rel}","templated":true}]}}