{"id":737485,"date":"2026-04-16T09:40:45","date_gmt":"2026-04-16T08:40:45","guid":{"rendered":"https:\/\/shop.kustom.ch\/?post_type=product&#038;p=737485"},"modified":"2026-04-16T09:41:36","modified_gmt":"2026-04-16T08:41:36","slug":"subz-light-jacket-m","status":"publish","type":"product","link":"https:\/\/shop.kustom.ch\/it\/prodotto\/subz-light-jacket-m\/","title":{"rendered":"Giacca SubZ Light M"},"content":{"rendered":"<p>La SubZ Light Jacket \u00e8 una giacca da allenamento versatile con cappuccio e isolamento frontale, progettata per gli allenamenti in condizioni di freddo e per l'uso quotidiano.<\/p>\n<p>Questa giacca con cappuccio \u00e8 realizzata in leggero tessuto di poliestere intrecciato ed \u00e8 dotata di un sottile isolamento PrimaLoft che mantiene il calore in condizioni di freddo e vento. Inoltre, la morbida fodera in jersey nella zona del busto garantisce un'eccellente funzionalit\u00e0 e un maggiore calore. La vestibilit\u00e0 rilassata e il design casual rendono questa giacca da allenamento per il freddo una scelta versatile, perfetta sia per le sessioni di allenamento intenso che per l'abbigliamento quotidiano.<\/p>\n<p>- Poliestere antivento e idrorepellente con effetto increspato<br \/>\n- Isolamento PrimaLoft sottile, leggero e spazzolato (20 g\/m\u00b2)<br \/>\n- Fodera in morbido jersey nella zona del busto<br \/>\n- Regolazione del cappuccio a scomparsa<br \/>\n- Passante all'esterno del collo per riporre il cappuccio<br \/>\n- Due tasche laterali nascoste con chiusura a zip<br \/>\n- Stampa riflettente su fronte, retro e maniche<br \/>\n- Vestibilit\u00e0 rilassata<\/p>\n<p>Materiale: Corpo 100% Poliammide riciclata, Fodera Poliestere riciclato, Imbottitura Cappuccio 100% Poliestere<\/p>","protected":false},"excerpt":{"rendered":"<p>Das SubZ Light Jacket ist eine vielseitige Trainingsjacke mit Kapuze und isolierter Vorderseite, die sowohl f\u00fcr Workouts bei kaltem Wetter als auch f\u00fcr den Alltag konzipiert ist. Diese Kapuzenjacke ist aus leichtem, gewebtem Polyestergewebe gefertigt und verf\u00fcgt \u00fcber eine d\u00fcnne PrimaLoft-Isolierung, die Sie bei K\u00e4lte und Wind warm h\u00e4lt. Dar\u00fcber hinaus sorgt das weiche Jersey-Futter [&hellip;]<\/p>\n","protected":false},"featured_media":737525,"template":"","meta":[],"product_brand":[],"product_cat":[4186],"product_tag":[],"class_list":{"0":"post-737485","1":"product","2":"type-product","3":"status-publish","4":"has-post-thumbnail","6":"product_cat-jacken","7":"pa_brand-craft","8":"pa_brand-type-sportswear","9":"pa_filter-color-beige","10":"pa_filter-color-schwarz","11":"pa_filter-color-violet","13":"first","14":"instock","15":"sale","16":"taxable","17":"shipping-taxable","18":"purchasable","19":"product-type-variable","20":"add-to-wishlist-before_image"},"exclude_global_add_ons":[],"addons":[],"acf":[],"_links":{"self":[{"href":"https:\/\/shop.kustom.ch\/it\/wp-json\/wp\/v2\/product\/737485"}],"collection":[{"href":"https:\/\/shop.kustom.ch\/it\/wp-json\/wp\/v2\/product"}],"about":[{"href":"https:\/\/shop.kustom.ch\/it\/wp-json\/wp\/v2\/types\/product"}],"wp:featuredmedia":[{"embeddable":true,"href":"https:\/\/shop.kustom.ch\/it\/wp-json\/wp\/v2\/media\/737525"}],"wp:attachment":[{"href":"https:\/\/shop.kustom.ch\/it\/wp-json\/wp\/v2\/media?parent=737485"}],"wp:term":[{"taxonomy":"product_brand","embeddable":true,"href":"https:\/\/shop.kustom.ch\/it\/wp-json\/wp\/v2\/product_brand?post=737485"},{"taxonomy":"product_cat","embeddable":true,"href":"https:\/\/shop.kustom.ch\/it\/wp-json\/wp\/v2\/product_cat?post=737485"},{"taxonomy":"product_tag","embeddable":true,"href":"https:\/\/shop.kustom.ch\/it\/wp-json\/wp\/v2\/product_tag?post=737485"}],"curies":[{"name":"wp","href":"https:\/\/api.w.org\/{rel}","templated":true}]}}