{"id":737439,"date":"2026-04-16T09:40:23","date_gmt":"2026-04-16T08:40:23","guid":{"rendered":"https:\/\/shop.kustom.ch\/?post_type=product&#038;p=737439"},"modified":"2026-04-16T09:41:09","modified_gmt":"2026-04-16T08:41:09","slug":"urban-down-puffer-jacket-m","status":"publish","type":"product","link":"https:\/\/shop.kustom.ch\/it\/prodotto\/urban-down-puffer-jacket-m\/","title":{"rendered":"Piumino Urban M"},"content":{"rendered":"<p>L'Urban Down Puffer Jacket \u00e8 un piumino casual che offre un isolamento e un calore eccezionali in condizioni invernali molto fredde.<\/p>\n<p>Realizzata sia per le occasioni casual che per quelle formali, questa elegante giacca puffer combina perfettamente funzionalit\u00e0 ed espressione minimalista. Il suo materiale esterno idrorepellente, combinato con uno spesso isolamento in piuma d'oca, offre un calore eccezionale quando le temperature scendono. La giacca \u00e8 inoltre dotata di due ampie tasche scaldamani, di un cappuccio staccabile e di una coulisse regolabile sull'orlo inferiore. <\/p>\n<p>- Tessuto esterno in poliammide riciclata 100 %<br \/>\n- Finitura idrorepellente<br \/>\n- Imbottitura in piuma, 80 piumino %\/20 piume %<br \/>\n\u2022 Cappuccio rimovibile<br \/>\n- Coulisse regolabile sull'orlo inferiore<br \/>\n- Tasca interna sul petto<br \/>\n- Due tasche scaldamani<br \/>\n- Chiusura lampo YKK<br \/>\n- Taglio normale<\/p>\n<p>Materiale: Principale 100% Poliammide riciclata, Imbottitura 80% Piumino, 20% Piuma, Fodera 100% Poliammide riciclata<\/p>","protected":false},"excerpt":{"rendered":"<p>Die Urban Down Puffer Jacket ist eine l\u00e4ssige Daunenjacke, die bei wirklich kalten Winterbedingungen aussergew\u00f6hnliche Isolierung und W\u00e4rme bietet. Diese stilvolle Pufferjacke wurde sowohl f\u00fcr die Freizeit als auch f\u00fcr formelle Anl\u00e4sse gefertigt und vereint nahtlos Funktion und minimalistischen Ausdruck. Sein wasserabweisendes Aussenmaterial sorgt in Kombination mit einer dicken Daunenisolierung f\u00fcr aussergew\u00f6hnliche W\u00e4rme, wenn die [&hellip;]<\/p>\n","protected":false},"featured_media":737490,"template":"","meta":[],"product_brand":[],"product_cat":[4186],"product_tag":[],"class_list":{"0":"post-737439","1":"product","2":"type-product","3":"status-publish","4":"has-post-thumbnail","6":"product_cat-jacken","7":"pa_brand-craft","8":"pa_brand-type-sportswear","9":"pa_filter-color-beige","10":"pa_filter-color-braun","11":"pa_filter-color-schwarz","13":"first","14":"instock","15":"sale","16":"taxable","17":"shipping-taxable","18":"purchasable","19":"product-type-variable","20":"add-to-wishlist-before_image"},"exclude_global_add_ons":[],"addons":[],"acf":[],"_links":{"self":[{"href":"https:\/\/shop.kustom.ch\/it\/wp-json\/wp\/v2\/product\/737439"}],"collection":[{"href":"https:\/\/shop.kustom.ch\/it\/wp-json\/wp\/v2\/product"}],"about":[{"href":"https:\/\/shop.kustom.ch\/it\/wp-json\/wp\/v2\/types\/product"}],"wp:featuredmedia":[{"embeddable":true,"href":"https:\/\/shop.kustom.ch\/it\/wp-json\/wp\/v2\/media\/737490"}],"wp:attachment":[{"href":"https:\/\/shop.kustom.ch\/it\/wp-json\/wp\/v2\/media?parent=737439"}],"wp:term":[{"taxonomy":"product_brand","embeddable":true,"href":"https:\/\/shop.kustom.ch\/it\/wp-json\/wp\/v2\/product_brand?post=737439"},{"taxonomy":"product_cat","embeddable":true,"href":"https:\/\/shop.kustom.ch\/it\/wp-json\/wp\/v2\/product_cat?post=737439"},{"taxonomy":"product_tag","embeddable":true,"href":"https:\/\/shop.kustom.ch\/it\/wp-json\/wp\/v2\/product_tag?post=737439"}],"curies":[{"name":"wp","href":"https:\/\/api.w.org\/{rel}","templated":true}]}}