{"id":737219,"date":"2026-04-16T09:38:10","date_gmt":"2026-04-16T08:38:10","guid":{"rendered":"https:\/\/shop.kustom.ch\/?post_type=product&#038;p=737219"},"modified":"2026-04-16T09:39:30","modified_gmt":"2026-04-16T08:39:30","slug":"adv-essence-lumen-wind-vest-m","status":"publish","type":"product","link":"https:\/\/shop.kustom.ch\/it\/prodotto\/adv-essence-lumen-wind-vest-m\/","title":{"rendered":"Adv Essence Lumen Wind Vest M"},"content":{"rendered":"<p>L'Adv Essence Lumen Wind West \u00e8 un classico gilet da ciclismo con parte anteriore antivento e idrorepellente e tessuto riflettente sul davanti e sui lati.<\/p>\n<p>Questo gilet da ciclismo, leggero e altamente funzionale, \u00e8 dotato anche di una rete elastica sul retro e di un pile spazzolato sul colletto interno per migliorare la ventilazione e il comfort. Pu\u00f2 essere facilmente riposto nella tasca posteriore della maglia da ciclismo. Un must-have che consente di adattarsi rapidamente alle mutevoli condizioni atmosferiche.<\/p>\n<p>- Tessuto antivento e idrorepellente sul davanti<br \/>\n- Tessuto a rete elasticizzato sulla schiena per una migliore ventilazione e una vestibilit\u00e0 ottimale<br \/>\n- Tessuto riflettente sul davanti e sui lati<br \/>\n- Pu\u00f2 essere riposto nella tasca posteriore<br \/>\n- Facile da riporre nella tasca della maglia<br \/>\n- Bordi elasticizzati sul lato inferiore<\/p>\n<p>Materiale: corpo anteriore 100% poliestere riciclato, corpo posteriore 90% poliammide, 10% elastan<\/p>","protected":false},"excerpt":{"rendered":"<p>Die Adv Essence Lumen Wind West ist eine klassische Fahrradweste mit winddichter und wasserabweisender Vorderseite und reflektierendem Stoff vorne sowie an den Seiten. Diese leichte und hochfunktionelle Fahrradweste verf\u00fcgt ausserdem \u00fcber ein elastisches Netz auf der R\u00fcckseite und geb\u00fcrstetes Fleece am Innenkragen f\u00fcr verbesserte Bel\u00fcftung und Komfort. L\u00e4sst sich leicht in der R\u00fcckentasche eines Fahrradtrikots [&hellip;]<\/p>\n","protected":false},"featured_media":737326,"template":"","meta":[],"product_brand":[],"product_cat":[4208],"product_tag":[],"class_list":{"0":"post-737219","1":"product","2":"type-product","3":"status-publish","4":"has-post-thumbnail","6":"product_cat-westen","7":"pa_brand-craft","8":"pa_brand-type-sportswear","9":"pa_filter-color-gelb","11":"first","12":"instock","13":"sale","14":"taxable","15":"shipping-taxable","16":"purchasable","17":"product-type-variable","18":"add-to-wishlist-before_image"},"exclude_global_add_ons":[],"addons":[],"acf":[],"_links":{"self":[{"href":"https:\/\/shop.kustom.ch\/it\/wp-json\/wp\/v2\/product\/737219"}],"collection":[{"href":"https:\/\/shop.kustom.ch\/it\/wp-json\/wp\/v2\/product"}],"about":[{"href":"https:\/\/shop.kustom.ch\/it\/wp-json\/wp\/v2\/types\/product"}],"wp:featuredmedia":[{"embeddable":true,"href":"https:\/\/shop.kustom.ch\/it\/wp-json\/wp\/v2\/media\/737326"}],"wp:attachment":[{"href":"https:\/\/shop.kustom.ch\/it\/wp-json\/wp\/v2\/media?parent=737219"}],"wp:term":[{"taxonomy":"product_brand","embeddable":true,"href":"https:\/\/shop.kustom.ch\/it\/wp-json\/wp\/v2\/product_brand?post=737219"},{"taxonomy":"product_cat","embeddable":true,"href":"https:\/\/shop.kustom.ch\/it\/wp-json\/wp\/v2\/product_cat?post=737219"},{"taxonomy":"product_tag","embeddable":true,"href":"https:\/\/shop.kustom.ch\/it\/wp-json\/wp\/v2\/product_tag?post=737219"}],"curies":[{"name":"wp","href":"https:\/\/api.w.org\/{rel}","templated":true}]}}