{"id":737216,"date":"2026-04-16T09:38:09","date_gmt":"2026-04-16T08:38:09","guid":{"rendered":"https:\/\/shop.kustom.ch\/?post_type=product&#038;p=737216"},"modified":"2026-04-16T09:38:33","modified_gmt":"2026-04-16T08:38:33","slug":"urban-shell-coat-uni","status":"publish","type":"product","link":"https:\/\/shop.kustom.ch\/it\/prodotto\/urban-shell-coat-uni\/","title":{"rendered":"Cappotto Urban Shell Uni"},"content":{"rendered":"<p>Il cappotto Urban Shell \u00e8 un top elegante e resistente alle intemperie che si adatta senza sforzo sia alle occasioni casual che a quelle formali.<\/p>\n<p>Progettato per gli esploratori urbani, questo cappotto ha tutto ci\u00f2 che serve per sfidare gli elementi senza compromettere lo stile. Rimanete asciutti in qualsiasi condizione atmosferica grazie alla costruzione impermeabile con cuciture nastrate e membrana a doppio strato. Per un maggiore calore in condizioni di freddo, indossate uno strato intermedio o una giacca leggera sotto di esso. Questo capo minimalista \u00e8 tanto elegante quanto pratico e non passa mai di moda. \u00c8 un'aggiunta di lunga durata al vostro guardaroba quotidiano.<\/p>\n<p>- Tessuto a 2 strati idrorepellente e antivento (WP 5.000\/MVP 5.000)<br \/>\n- Realizzato in poliestere riciclato e cotone BCI<br \/>\n- Cuciture completamente saldate<br \/>\n- Cappuccio con coulisse regolabile per una vestibilit\u00e0 perfetta<br \/>\n- Spacchetti laterali con bottoni a pressione in basso per una maggiore libert\u00e0 di movimento<br \/>\n- Zip YKK a 2 vie<br \/>\n- Taglio normale<\/p>\n<p>Materiale: Viso 65% Poliestere riciclato 35% Cotone, Retro 100% Poliuretano<\/p>","protected":false},"excerpt":{"rendered":"<p>Der Urban Shell Coat ist ein elegantes und wetterfestes Oberteil, das sich m\u00fchelos sowohl f\u00fcr legere als auch f\u00fcr formelle Anl\u00e4sse eignet. Dieser Mantel wurde f\u00fcr den urbanen Entdecker entworfen und bietet alles, was Sie brauchen, um den Elementen zu trotzen, ohne Kompromisse beim Stil einzugehen. Bleiben Sie bei jedem Wetter trocken dank der wasserdichten [&hellip;]<\/p>\n","protected":false},"featured_media":737230,"template":"","meta":[],"product_brand":[],"product_cat":[4186],"product_tag":[],"class_list":{"0":"post-737216","1":"product","2":"type-product","3":"status-publish","4":"has-post-thumbnail","6":"product_cat-jacken","7":"pa_brand-craft","8":"pa_brand-type-sportswear","9":"pa_filter-color-braun","10":"pa_filter-color-schwarz","12":"first","13":"instock","14":"sale","15":"taxable","16":"shipping-taxable","17":"purchasable","18":"product-type-variable","19":"add-to-wishlist-before_image"},"exclude_global_add_ons":[],"addons":[],"acf":[],"_links":{"self":[{"href":"https:\/\/shop.kustom.ch\/it\/wp-json\/wp\/v2\/product\/737216"}],"collection":[{"href":"https:\/\/shop.kustom.ch\/it\/wp-json\/wp\/v2\/product"}],"about":[{"href":"https:\/\/shop.kustom.ch\/it\/wp-json\/wp\/v2\/types\/product"}],"wp:featuredmedia":[{"embeddable":true,"href":"https:\/\/shop.kustom.ch\/it\/wp-json\/wp\/v2\/media\/737230"}],"wp:attachment":[{"href":"https:\/\/shop.kustom.ch\/it\/wp-json\/wp\/v2\/media?parent=737216"}],"wp:term":[{"taxonomy":"product_brand","embeddable":true,"href":"https:\/\/shop.kustom.ch\/it\/wp-json\/wp\/v2\/product_brand?post=737216"},{"taxonomy":"product_cat","embeddable":true,"href":"https:\/\/shop.kustom.ch\/it\/wp-json\/wp\/v2\/product_cat?post=737216"},{"taxonomy":"product_tag","embeddable":true,"href":"https:\/\/shop.kustom.ch\/it\/wp-json\/wp\/v2\/product_tag?post=737216"}],"curies":[{"name":"wp","href":"https:\/\/api.w.org\/{rel}","templated":true}]}}