{"id":737006,"date":"2026-04-16T09:35:57","date_gmt":"2026-04-16T08:35:57","guid":{"rendered":"https:\/\/shop.kustom.ch\/?post_type=product&#038;p=737006"},"modified":"2026-04-16T09:37:10","modified_gmt":"2026-04-16T08:37:10","slug":"urban-parka-w","status":"publish","type":"product","link":"https:\/\/shop.kustom.ch\/it\/prodotto\/urban-parka-w\/","title":{"rendered":"Parka urbano W"},"content":{"rendered":"<p>L'Urban Parka \u00e8 un parka antivento e idrorepellente da indossare tutti i giorni, con un design classico che permette di affrontare il tempo imprevedibile con stile.<\/p>\n<p>Questo elegante parka \u00e8 realizzato in tessuto idrorepellente e resistente ed \u00e8 dotato di cuciture nastrate nei punti critici. Vi terr\u00e0 all'asciutto nelle umide giornate autunnali e invernali. Per un maggiore calore in condizioni di freddo, indossate uno strato intermedio sotto di esso. Il parka \u00e8 inoltre dotato di cappuccio regolabile, ampie tasche anteriori e vita regolabile per una vestibilit\u00e0 e una silhouette personalizzate. Sia che siate pendolari in citt\u00e0 o che stiate esplorando i grandi spazi aperti, questa giacca vi terr\u00e0 ben protetti.<\/p>\n<p>- Tessuto idrorepellente realizzato in poliestere riciclato e cotone BCI<br \/>\n- Cuciture saldate nelle aree critiche<br \/>\n- Cappuccio con coulisse regolabile per una vestibilit\u00e0 perfetta<br \/>\n- Coulisse regolabile in vita<br \/>\n- Apertura di ventilazione orizzontale sul retro<br \/>\n- Due grandi tasche anteriori<br \/>\n- Tasca interna sul petto con zip<br \/>\n- Chiusura in velcro alle estremit\u00e0 delle maniche<br \/>\n- Chiusura lampo YKK<br \/>\n- Taglio normale<\/p>\n<p>Materiale: Faccia del corpo 65% Poliestere riciclato, 35% Cotone, Retro del corpo 100% Poliuretano, Fodera 100% Poliammide riciclata<\/p>","protected":false},"excerpt":{"rendered":"<p>Der Urban Parka ist ein winddichter und wasserabweisender Parka f\u00fcr den Alltag mit klassischem Design, mit dem Sie unvorhersehbarem Wetter mit Stil begegnen k\u00f6nnen. Dieser stylische Parka besteht aus einem wasserabweisenden und strapazierf\u00e4higen Stoff und verf\u00fcgt \u00fcber versiegelte N\u00e4hte an kritischen Stellen. Er h\u00e4lt Sie an nassen Herbst- und Wintertagen trocken. F\u00fcr zus\u00e4tzliche W\u00e4rme bei [&hellip;]<\/p>\n","protected":false},"featured_media":737092,"template":"","meta":[],"product_brand":[],"product_cat":[4186],"product_tag":[],"class_list":{"0":"post-737006","1":"product","2":"type-product","3":"status-publish","4":"has-post-thumbnail","6":"product_cat-jacken","7":"pa_brand-craft","8":"pa_brand-type-sportswear","9":"pa_filter-color-beige","10":"pa_filter-color-blau","11":"pa_filter-color-schwarz","13":"first","14":"instock","15":"sale","16":"taxable","17":"shipping-taxable","18":"purchasable","19":"product-type-variable","20":"add-to-wishlist-before_image"},"exclude_global_add_ons":[],"addons":[],"acf":[],"_links":{"self":[{"href":"https:\/\/shop.kustom.ch\/it\/wp-json\/wp\/v2\/product\/737006"}],"collection":[{"href":"https:\/\/shop.kustom.ch\/it\/wp-json\/wp\/v2\/product"}],"about":[{"href":"https:\/\/shop.kustom.ch\/it\/wp-json\/wp\/v2\/types\/product"}],"wp:featuredmedia":[{"embeddable":true,"href":"https:\/\/shop.kustom.ch\/it\/wp-json\/wp\/v2\/media\/737092"}],"wp:attachment":[{"href":"https:\/\/shop.kustom.ch\/it\/wp-json\/wp\/v2\/media?parent=737006"}],"wp:term":[{"taxonomy":"product_brand","embeddable":true,"href":"https:\/\/shop.kustom.ch\/it\/wp-json\/wp\/v2\/product_brand?post=737006"},{"taxonomy":"product_cat","embeddable":true,"href":"https:\/\/shop.kustom.ch\/it\/wp-json\/wp\/v2\/product_cat?post=737006"},{"taxonomy":"product_tag","embeddable":true,"href":"https:\/\/shop.kustom.ch\/it\/wp-json\/wp\/v2\/product_tag?post=737006"}],"curies":[{"name":"wp","href":"https:\/\/api.w.org\/{rel}","templated":true}]}}