{"id":736824,"date":"2026-04-16T08:41:13","date_gmt":"2026-04-16T07:41:13","guid":{"rendered":"https:\/\/shop.kustom.ch\/?post_type=product&#038;p=736824"},"modified":"2026-04-16T09:35:29","modified_gmt":"2026-04-16T08:35:29","slug":"thermal-mesh-cn-m","status":"publish","type":"product","link":"https:\/\/shop.kustom.ch\/it\/prodotto\/thermal-mesh-cn-m\/","title":{"rendered":"Maglia termica CN M"},"content":{"rendered":"<p>Das Thermal Mesh CN ist ein warmes und gut bel\u00fcftetes Baselayer-Kleidungsst\u00fcck, das sich f\u00fcr verschiedene Trainingsanl\u00e4sse sowie f\u00fcr den Gebrauch im Alltag eignet. <\/p>\n<p>Dieses funktionelle Baselayer-Trikot besteht aus einer Netzmischung aus recyceltem Polyester und Viskose und bietet W\u00e4rme sowie ein weiches Tragegef\u00fchl f\u00fcr optimalen Komfort. Die Netzstruktur des Stoffes bietet eine hervorragende Bel\u00fcftung und sorgt f\u00fcr eine ausgezeichnete Regulierung der K\u00f6rpertemperatur bei den meisten Trainingsarten. Dar\u00fcber hinaus sorgt das ergonomische Design in Kombination mit einem Hauch Elasthan f\u00fcr grosse Elastizit\u00e4t und Bewegungsfreiheit. Die Passform ist etwas lockerer als bei herk\u00f6mmlichen, eng anliegenden Baselayern. Tragen Sie es als Baselayer bei k\u00e4lterem Wetter oder als alleinstehendes Oberteil bei milderen Bedingungen.<\/p>\n<p>\u2022 Weicher Stoff aus recyceltem Polyester, Viskose und Elasthan<br \/>\n\u2022 Netzstruktur<br \/>\n- Scollo rotondo<br \/>\n- Taglio normale<\/p>\n<p>Material: 62% Recycelter Polyester, 33% Lyocell, 3% Elastan, 2% Polyester<\/p>","protected":false},"excerpt":{"rendered":"<p>Das Thermal Mesh CN ist ein warmes und gut bel\u00fcftetes Baselayer-Kleidungsst\u00fcck, das sich f\u00fcr verschiedene Trainingsanl\u00e4sse sowie f\u00fcr den Gebrauch im Alltag eignet. Dieses funktionelle Baselayer-Trikot besteht aus einer Netzmischung aus recyceltem Polyester und Viskose und bietet W\u00e4rme sowie ein weiches Tragegef\u00fchl f\u00fcr optimalen Komfort. Die Netzstruktur des Stoffes bietet eine hervorragende Bel\u00fcftung und sorgt [&hellip;]<\/p>\n","protected":false},"featured_media":736899,"template":"","meta":[],"product_brand":[],"product_cat":[4191],"product_tag":[],"class_list":{"0":"post-736824","1":"product","2":"type-product","3":"status-publish","4":"has-post-thumbnail","6":"product_cat-longsleeves-sweatshirts","7":"pa_brand-craft","8":"pa_brand-type-sportswear","9":"pa_filter-color-beige","10":"pa_filter-color-blau","11":"pa_filter-color-grau","12":"pa_filter-color-violet","14":"first","15":"instock","16":"sale","17":"taxable","18":"shipping-taxable","19":"purchasable","20":"product-type-variable","21":"add-to-wishlist-before_image"},"exclude_global_add_ons":[],"addons":[],"acf":[],"_links":{"self":[{"href":"https:\/\/shop.kustom.ch\/it\/wp-json\/wp\/v2\/product\/736824"}],"collection":[{"href":"https:\/\/shop.kustom.ch\/it\/wp-json\/wp\/v2\/product"}],"about":[{"href":"https:\/\/shop.kustom.ch\/it\/wp-json\/wp\/v2\/types\/product"}],"wp:featuredmedia":[{"embeddable":true,"href":"https:\/\/shop.kustom.ch\/it\/wp-json\/wp\/v2\/media\/736899"}],"wp:attachment":[{"href":"https:\/\/shop.kustom.ch\/it\/wp-json\/wp\/v2\/media?parent=736824"}],"wp:term":[{"taxonomy":"product_brand","embeddable":true,"href":"https:\/\/shop.kustom.ch\/it\/wp-json\/wp\/v2\/product_brand?post=736824"},{"taxonomy":"product_cat","embeddable":true,"href":"https:\/\/shop.kustom.ch\/it\/wp-json\/wp\/v2\/product_cat?post=736824"},{"taxonomy":"product_tag","embeddable":true,"href":"https:\/\/shop.kustom.ch\/it\/wp-json\/wp\/v2\/product_tag?post=736824"}],"curies":[{"name":"wp","href":"https:\/\/api.w.org\/{rel}","templated":true}]}}