{"id":736822,"date":"2026-04-16T08:41:12","date_gmt":"2026-04-16T07:41:12","guid":{"rendered":"https:\/\/shop.kustom.ch\/?post_type=product&#038;p=736822"},"modified":"2026-04-16T08:41:38","modified_gmt":"2026-04-16T07:41:38","slug":"urban-jacket-m","status":"publish","type":"product","link":"https:\/\/shop.kustom.ch\/it\/prodotto\/urban-jacket-m\/","title":{"rendered":"Giacca Urban M"},"content":{"rendered":"<p>La Urban Jacket \u00e8 una giacca antivento e idrorepellente per tutti i giorni, dal design classico, che permette di affrontare il tempo imprevedibile con stile.<\/p>\n<p>Questa elegante giacca \u00e8 realizzata in tessuto idrorepellente e resistente ed \u00e8 dotata di cuciture nastrate nei punti critici. Vi terr\u00e0 all'asciutto nelle giornate umide d'autunno e d'inverno. Per un maggiore calore in condizioni di freddo, indossate uno strato intermedio sotto di essa. La giacca \u00e8 inoltre dotata di un cappuccio regolabile e staccabile, di diverse pratiche tasche e di un orlo inferiore elasticizzato. Sia che siate pendolari in citt\u00e0 o che stiate esplorando i grandi spazi aperti, con questa giacca sarete ben protetti.<\/p>\n<p>- Tessuto idrorepellente realizzato in poliestere riciclato e cotone BCI<br \/>\n- Cuciture saldate nelle aree critiche<br \/>\n- Cappuccio staccabile con coulisse regolabile per una vestibilit\u00e0 perfetta<br \/>\n- Diverse pratiche tasche<br \/>\n- Tasca interna sul petto con zip<br \/>\n- Chiusura in velcro alle estremit\u00e0 delle maniche<br \/>\n- Chiusura lampo YKK<br \/>\n- Taglio normale<\/p>\n<p>Materiale: Faccia del corpo 65% Poliestere riciclato, 35% Cotone, Retro del corpo 100% Poliuretano, Fodera 100% Poliammide riciclata<\/p>","protected":false},"excerpt":{"rendered":"<p>Die Urban Jacket ist eine winddichte und wasserabweisende Alltagsjacke mit klassischem Design, mit der Sie unvorhersehbarem Wetter mit Stil begegnen. Diese stylische Jacke besteht aus einem wasserabweisenden und strapazierf\u00e4higen Stoff und verf\u00fcgt \u00fcber versiegelte N\u00e4hte an kritischen Stellen. Sie h\u00e4lt Sie an nassen Herbst- und Wintertagen trocken. F\u00fcr zus\u00e4tzliche W\u00e4rme bei kalten Bedingungen tragen Sie [&hellip;]<\/p>\n","protected":false},"featured_media":736829,"template":"","meta":[],"product_brand":[],"product_cat":[4186],"product_tag":[],"class_list":{"0":"post-736822","1":"product","2":"type-product","3":"status-publish","4":"has-post-thumbnail","6":"product_cat-jacken","7":"pa_brand-craft","8":"pa_brand-type-sportswear","9":"pa_filter-color-beige","10":"pa_filter-color-blau","11":"pa_filter-color-schwarz","13":"first","14":"instock","15":"sale","16":"taxable","17":"shipping-taxable","18":"purchasable","19":"product-type-variable","20":"add-to-wishlist-before_image"},"exclude_global_add_ons":[],"addons":[],"acf":[],"_links":{"self":[{"href":"https:\/\/shop.kustom.ch\/it\/wp-json\/wp\/v2\/product\/736822"}],"collection":[{"href":"https:\/\/shop.kustom.ch\/it\/wp-json\/wp\/v2\/product"}],"about":[{"href":"https:\/\/shop.kustom.ch\/it\/wp-json\/wp\/v2\/types\/product"}],"wp:featuredmedia":[{"embeddable":true,"href":"https:\/\/shop.kustom.ch\/it\/wp-json\/wp\/v2\/media\/736829"}],"wp:attachment":[{"href":"https:\/\/shop.kustom.ch\/it\/wp-json\/wp\/v2\/media?parent=736822"}],"wp:term":[{"taxonomy":"product_brand","embeddable":true,"href":"https:\/\/shop.kustom.ch\/it\/wp-json\/wp\/v2\/product_brand?post=736822"},{"taxonomy":"product_cat","embeddable":true,"href":"https:\/\/shop.kustom.ch\/it\/wp-json\/wp\/v2\/product_cat?post=736822"},{"taxonomy":"product_tag","embeddable":true,"href":"https:\/\/shop.kustom.ch\/it\/wp-json\/wp\/v2\/product_tag?post=736822"}],"curies":[{"name":"wp","href":"https:\/\/api.w.org\/{rel}","templated":true}]}}