{"id":736793,"date":"2026-04-16T08:40:49","date_gmt":"2026-04-16T07:40:49","guid":{"rendered":"https:\/\/shop.kustom.ch\/?post_type=product&#038;p=736793"},"modified":"2026-04-16T08:41:36","modified_gmt":"2026-04-16T07:41:36","slug":"urban-rib-beanie","status":"publish","type":"product","link":"https:\/\/shop.kustom.ch\/it\/prodotto\/urban-rib-beanie\/","title":{"rendered":"Berretto a coste Urban"},"content":{"rendered":"<p>Der Urban Rib Beanie ist eine Rippenstrickm\u00fctze, die Sie sowohl in den Strassen der Stadt bei Minusgraden als auch im frostigen Winter in der Natur warm und bequem h\u00e4lt. Der umgeschlagene Rand der M\u00fctze sorgt f\u00fcr zus\u00e4tzliche W\u00e4rme an den Ohren und bietet Platz f\u00fcr die Profilierung. Mit ihrem zeitlosen Design erg\u00e4nzt die Rippstrickm\u00fctze jedes Outfit und ist somit eine vielseitige Wahl f\u00fcr Ihre Winterausfl\u00fcge.<\/p>\n<p>\u2022 Rippenstrick-Design<br \/>\n\u2022 Gefaltete Manschette<\/p>\n<p>Material: 97% Acryl, 3% Polyamid<\/p>","protected":false},"excerpt":{"rendered":"<p>Der Urban Rib Beanie ist eine Rippenstrickm\u00fctze, die Sie sowohl in den Strassen der Stadt bei Minusgraden als auch im frostigen Winter in der Natur warm und bequem h\u00e4lt. Der umgeschlagene Rand der M\u00fctze sorgt f\u00fcr zus\u00e4tzliche W\u00e4rme an den Ohren und bietet Platz f\u00fcr die Profilierung. Mit ihrem zeitlosen Design erg\u00e4nzt die Rippstrickm\u00fctze jedes [&hellip;]<\/p>\n","protected":false},"featured_media":736819,"template":"","meta":[],"product_brand":[],"product_cat":[4177],"product_tag":[],"class_list":{"0":"post-736793","1":"product","2":"type-product","3":"status-publish","4":"has-post-thumbnail","6":"product_cat-caps-muetzen","7":"pa_brand-craft","8":"pa_brand-type-sportswear","9":"pa_filter-color-blau","10":"pa_filter-color-grau","11":"pa_filter-color-schwarz","13":"first","14":"instock","15":"sale","16":"taxable","17":"shipping-taxable","18":"purchasable","19":"product-type-variable","20":"add-to-wishlist-before_image"},"exclude_global_add_ons":[],"addons":[],"acf":[],"_links":{"self":[{"href":"https:\/\/shop.kustom.ch\/it\/wp-json\/wp\/v2\/product\/736793"}],"collection":[{"href":"https:\/\/shop.kustom.ch\/it\/wp-json\/wp\/v2\/product"}],"about":[{"href":"https:\/\/shop.kustom.ch\/it\/wp-json\/wp\/v2\/types\/product"}],"wp:featuredmedia":[{"embeddable":true,"href":"https:\/\/shop.kustom.ch\/it\/wp-json\/wp\/v2\/media\/736819"}],"wp:attachment":[{"href":"https:\/\/shop.kustom.ch\/it\/wp-json\/wp\/v2\/media?parent=736793"}],"wp:term":[{"taxonomy":"product_brand","embeddable":true,"href":"https:\/\/shop.kustom.ch\/it\/wp-json\/wp\/v2\/product_brand?post=736793"},{"taxonomy":"product_cat","embeddable":true,"href":"https:\/\/shop.kustom.ch\/it\/wp-json\/wp\/v2\/product_cat?post=736793"},{"taxonomy":"product_tag","embeddable":true,"href":"https:\/\/shop.kustom.ch\/it\/wp-json\/wp\/v2\/product_tag?post=736793"}],"curies":[{"name":"wp","href":"https:\/\/api.w.org\/{rel}","templated":true}]}}