{"id":736701,"date":"2026-04-16T08:39:34","date_gmt":"2026-04-16T07:39:34","guid":{"rendered":"https:\/\/shop.kustom.ch\/?post_type=product&#038;p=736701"},"modified":"2026-04-16T08:40:24","modified_gmt":"2026-04-16T07:40:24","slug":"urban-high-beanie","status":"publish","type":"product","link":"https:\/\/shop.kustom.ch\/it\/prodotto\/urban-high-beanie\/","title":{"rendered":"Berretto Urban High"},"content":{"rendered":"<p>Der Urban High Beanie ist eine warme und l\u00e4ssige M\u00fctze, die Sie sowohl in den Strassen der Stadt als auch im frostigen Winter draussen warm und bequem h\u00e4lt. Das hochklappbare Design der M\u00fctze sorgt f\u00fcr zus\u00e4tzliche W\u00e4rme im Ohrenbereich und bietet Platz f\u00fcr die Profilierung Mit seinem zeitlosen Design erg\u00e4nzt der High Beanie jedes Outfit und ist somit eine vielseitige Wahl f\u00fcr Ihre Winterausfl\u00fcge.<\/p>\n<p>\u2022 Zusammenklappbares Design<\/p>\n<p>Material: 47% Polyamid, 38% Wolle, 13% Acryl, 2% Elastan<\/p>","protected":false},"excerpt":{"rendered":"<p>Der Urban High Beanie ist eine warme und l\u00e4ssige M\u00fctze, die Sie sowohl in den Strassen der Stadt als auch im frostigen Winter draussen warm und bequem h\u00e4lt. Das hochklappbare Design der M\u00fctze sorgt f\u00fcr zus\u00e4tzliche W\u00e4rme im Ohrenbereich und bietet Platz f\u00fcr die Profilierung Mit seinem zeitlosen Design erg\u00e4nzt der High Beanie jedes Outfit [&hellip;]<\/p>\n","protected":false},"featured_media":736762,"template":"","meta":[],"product_brand":[],"product_cat":[4177],"product_tag":[],"class_list":{"0":"post-736701","1":"product","2":"type-product","3":"status-publish","4":"has-post-thumbnail","6":"product_cat-caps-muetzen","7":"pa_brand-craft","8":"pa_brand-type-sportswear","9":"pa_filter-color-beige","10":"pa_filter-color-rot","11":"pa_filter-color-schwarz","12":"pa_filter-color-weiss","14":"first","15":"instock","16":"sale","17":"taxable","18":"shipping-taxable","19":"purchasable","20":"product-type-variable","21":"add-to-wishlist-before_image"},"exclude_global_add_ons":[],"addons":[],"acf":[],"_links":{"self":[{"href":"https:\/\/shop.kustom.ch\/it\/wp-json\/wp\/v2\/product\/736701"}],"collection":[{"href":"https:\/\/shop.kustom.ch\/it\/wp-json\/wp\/v2\/product"}],"about":[{"href":"https:\/\/shop.kustom.ch\/it\/wp-json\/wp\/v2\/types\/product"}],"wp:featuredmedia":[{"embeddable":true,"href":"https:\/\/shop.kustom.ch\/it\/wp-json\/wp\/v2\/media\/736762"}],"wp:attachment":[{"href":"https:\/\/shop.kustom.ch\/it\/wp-json\/wp\/v2\/media?parent=736701"}],"wp:term":[{"taxonomy":"product_brand","embeddable":true,"href":"https:\/\/shop.kustom.ch\/it\/wp-json\/wp\/v2\/product_brand?post=736701"},{"taxonomy":"product_cat","embeddable":true,"href":"https:\/\/shop.kustom.ch\/it\/wp-json\/wp\/v2\/product_cat?post=736701"},{"taxonomy":"product_tag","embeddable":true,"href":"https:\/\/shop.kustom.ch\/it\/wp-json\/wp\/v2\/product_tag?post=736701"}],"curies":[{"name":"wp","href":"https:\/\/api.w.org\/{rel}","templated":true}]}}