{"id":736530,"date":"2026-04-16T08:37:41","date_gmt":"2026-04-16T07:37:41","guid":{"rendered":"https:\/\/shop.kustom.ch\/?post_type=product&#038;p=736530"},"modified":"2026-04-16T08:38:04","modified_gmt":"2026-04-16T07:38:04","slug":"explore-padded-jacket-m","status":"publish","type":"product","link":"https:\/\/shop.kustom.ch\/it\/prodotto\/explore-padded-jacket-m\/","title":{"rendered":"Giacca imbottita Explore M"},"content":{"rendered":"<p>La Explore Padded Jacket \u00e8 una giacca calda, antivento e idrorepellente che offre un eccellente isolamento e comfort per le attivit\u00e0 outdoor pi\u00f9 impegnative.<\/p>\n<p>La giacca altamente funzionale con isolamento PrimaLoft ad alte prestazioni e materiale esterno idrorepellente offre calore e protezione eccezionali in condizioni di freddo e neve. La giacca \u00e8 inoltre dotata di una fodera in rete 3D nella parte posteriore per una ventilazione efficiente, di un cappuccio regolabile e di numerose tasche pratiche, tra cui una tasca per lo skipass.<\/p>\n<p>- Materiale esterno antivento e idrorepellente con finitura idrorepellente (WP 8.000\/MVP 8.000)<br \/>\n- Isolamento PrimaLoft realizzato in poliestere riciclato 100 %<br \/>\n- Fodera in rete 3D nella parte posteriore<br \/>\n- Coulisse sul fondo per una vestibilit\u00e0 regolabile<br \/>\n- Due tasche laterali con zip<br \/>\n- Tasca sul petto con zip<br \/>\n- Borsa per skipass<br \/>\n- Due ampie tasche interne in rete per una cartina, guanti extra, ecc.<br \/>\n- Tasca interna sul petto con zip<br \/>\n- Taglio normale<\/p>\n<p>Materiale: Parte principale 55% Poliestere, 45% Poliestere riciclato, Pannelli laterali100% Poliestere riciclato, Fodera 100% Poliestere riciclato, Imbottitura 100% Poliestere riciclato<\/p>","protected":false},"excerpt":{"rendered":"<p>Das Explore Padded Jacket ist eine warme, winddichte und wasserabweisende Jacke, die hervorragende Isolierung und Komfort f\u00fcr raue Outdoor-Aktivit\u00e4ten bietet. Die hochfunktionelle Jacke mit leistungsstarker PrimaLoft-Isolierung und wasserabweisendem Aussenmaterial bietet hervorragende W\u00e4rme und Schutz bei K\u00e4lte und Schnee. Die Jacke verf\u00fcgt ausserdem \u00fcber ein 3D- Netzfutter im R\u00fccken f\u00fcr effiziente Bel\u00fcftung, eine verstellbare Kapuze und [&hellip;]<\/p>\n","protected":false},"featured_media":736534,"template":"","meta":[],"product_brand":[],"product_cat":[4186],"product_tag":[],"class_list":{"0":"post-736530","1":"product","2":"type-product","3":"status-publish","4":"has-post-thumbnail","6":"product_cat-jacken","7":"pa_brand-craft","8":"pa_brand-type-sportswear","9":"pa_filter-color-beige","10":"pa_filter-color-blau","11":"pa_filter-color-schwarz","13":"first","14":"instock","15":"sale","16":"taxable","17":"shipping-taxable","18":"purchasable","19":"product-type-variable","20":"add-to-wishlist-before_image"},"exclude_global_add_ons":[],"addons":[],"acf":[],"_links":{"self":[{"href":"https:\/\/shop.kustom.ch\/it\/wp-json\/wp\/v2\/product\/736530"}],"collection":[{"href":"https:\/\/shop.kustom.ch\/it\/wp-json\/wp\/v2\/product"}],"about":[{"href":"https:\/\/shop.kustom.ch\/it\/wp-json\/wp\/v2\/types\/product"}],"wp:featuredmedia":[{"embeddable":true,"href":"https:\/\/shop.kustom.ch\/it\/wp-json\/wp\/v2\/media\/736534"}],"wp:attachment":[{"href":"https:\/\/shop.kustom.ch\/it\/wp-json\/wp\/v2\/media?parent=736530"}],"wp:term":[{"taxonomy":"product_brand","embeddable":true,"href":"https:\/\/shop.kustom.ch\/it\/wp-json\/wp\/v2\/product_brand?post=736530"},{"taxonomy":"product_cat","embeddable":true,"href":"https:\/\/shop.kustom.ch\/it\/wp-json\/wp\/v2\/product_cat?post=736530"},{"taxonomy":"product_tag","embeddable":true,"href":"https:\/\/shop.kustom.ch\/it\/wp-json\/wp\/v2\/product_tag?post=736530"}],"curies":[{"name":"wp","href":"https:\/\/api.w.org\/{rel}","templated":true}]}}