{"id":736457,"date":"2026-04-16T08:37:04","date_gmt":"2026-04-16T07:37:04","guid":{"rendered":"https:\/\/shop.kustom.ch\/?post_type=product&#038;p=736457"},"modified":"2026-04-16T08:37:10","modified_gmt":"2026-04-16T07:37:10","slug":"everyday-wool-ss-jersey-w","status":"publish","type":"product","link":"https:\/\/shop.kustom.ch\/it\/prodotto\/everyday-wool-ss-jersey-w\/","title":{"rendered":"Maglia SS in lana per tutti i giorni W"},"content":{"rendered":"<p>Everyday Wool SS Jersey \u00e8 una maglia da ciclismo a maniche corte che funziona sia come strato esterno a temperature pi\u00f9 miti sia come strato intermedio sotto una giacca da ciclismo in condizioni pi\u00f9 fresche.<\/p>\n<p>Questa versatile maglia da ciclismo \u00e8 caratterizzata da un materiale morbido ed elastico realizzato in lana merino e poliestere riciclato. La lana merino fornisce calore, mentre il poliestere assicura un efficiente trasporto dell'umidit\u00e0. Inoltre, la maglia \u00e8 dotata di quattro tasche posteriori e di un elastico in silicone sull'orlo posteriore per una vestibilit\u00e0 sicura. Progettato per tutti i tipi di ciclismo.<\/p>\n<p>- Tessuto morbido ed elasticizzato in poliestere riciclato e lana merino<br \/>\n- 20 % Lana merino<br \/>\n- Inserti in tessuto sul collo e sulle tasche per una maggiore durata.<br \/>\n- Quattro tasche posteriori (una con zip)<br \/>\n- Una fascetta elastica con stampa in silicone sull'orlo posteriore mantiene la maglia in posizione.<br \/>\n- Taglio normale<\/p>","protected":false},"excerpt":{"rendered":"<p>Everyday Wool SS Jersey ist ein kurz\u00e4rmeliges Biketrikot, das sowohl als Aussenschicht bei milderen Temperaturen als auch als Zwischenschicht unter einer Bikejacke bei k\u00fchleren Bedingungen funktioniert. Dieses vielseitige Radtrikot verf\u00fcgt \u00fcber ein weiches, elastisches Material aus Merinowolle und recyceltem Polyester. Die Merinowolle spendet W\u00e4rme, w\u00e4hrend der Polyester f\u00fcr einen effizienten Feuchtigkeitstransport sorgt. Zus\u00e4tzlich verf\u00fcgt das [&hellip;]<\/p>\n","protected":false},"featured_media":700303,"template":"","meta":[],"product_brand":[],"product_cat":[4201],"product_tag":[],"class_list":{"0":"post-736457","1":"product","2":"type-product","3":"status-publish","4":"has-post-thumbnail","6":"product_cat-t-shirts","7":"pa_brand-craft","8":"pa_brand-type-sportswear","9":"pa_filter-color-blau","10":"pa_filter-color-orange","12":"first","13":"instock","14":"sale","15":"taxable","16":"shipping-taxable","17":"purchasable","18":"product-type-variable","19":"add-to-wishlist-before_image"},"exclude_global_add_ons":[],"addons":[],"acf":[],"_links":{"self":[{"href":"https:\/\/shop.kustom.ch\/it\/wp-json\/wp\/v2\/product\/736457"}],"collection":[{"href":"https:\/\/shop.kustom.ch\/it\/wp-json\/wp\/v2\/product"}],"about":[{"href":"https:\/\/shop.kustom.ch\/it\/wp-json\/wp\/v2\/types\/product"}],"wp:featuredmedia":[{"embeddable":true,"href":"https:\/\/shop.kustom.ch\/it\/wp-json\/wp\/v2\/media\/700303"}],"wp:attachment":[{"href":"https:\/\/shop.kustom.ch\/it\/wp-json\/wp\/v2\/media?parent=736457"}],"wp:term":[{"taxonomy":"product_brand","embeddable":true,"href":"https:\/\/shop.kustom.ch\/it\/wp-json\/wp\/v2\/product_brand?post=736457"},{"taxonomy":"product_cat","embeddable":true,"href":"https:\/\/shop.kustom.ch\/it\/wp-json\/wp\/v2\/product_cat?post=736457"},{"taxonomy":"product_tag","embeddable":true,"href":"https:\/\/shop.kustom.ch\/it\/wp-json\/wp\/v2\/product_tag?post=736457"}],"curies":[{"name":"wp","href":"https:\/\/api.w.org\/{rel}","templated":true}]}}