{"id":736389,"date":"2026-04-16T08:36:00","date_gmt":"2026-04-16T07:36:00","guid":{"rendered":"https:\/\/shop.kustom.ch\/?post_type=product&#038;p=736389"},"modified":"2026-04-16T08:36:24","modified_gmt":"2026-04-16T07:36:24","slug":"urban-padded-parka-w","status":"publish","type":"product","link":"https:\/\/shop.kustom.ch\/it\/prodotto\/urban-padded-parka-w\/","title":{"rendered":"Parka imbottito Urban W"},"content":{"rendered":"<p>L'Urban Padded Parka \u00e8 un parka isolato che vi terr\u00e0 al caldo e al riparo nelle condizioni invernali pi\u00f9 rigide. Grazie al suo design minimalista, pu\u00f2 essere abbinato senza problemi a passeggiate invernali casual o a occasioni pi\u00f9 formali.<\/p>\n<p>Questo elegante parka per le stagioni fredde \u00e8 realizzato in tessuto idrorepellente e resistente ed \u00e8 dotato di isolamento in poliestere per mantenervi caldi e asciutti nelle umide giornate autunnali e invernali. Inoltre, il parka presenta cuciture nastrate nelle aree critiche, due ampie tasche frontali, un cappuccio regolabile e una vita regolabile per una vestibilit\u00e0 e una silhouette ottimali. La vestibilit\u00e0 pi\u00f9 lunga offre una maggiore protezione sui fianchi.<\/p>\n<p>- Materiale esterno idrorepellente realizzato in poliestere riciclato e cotone BCI<br \/>\n- Isolamento in poliestere riciclato<br \/>\n- Cuciture saldate nelle aree critiche<br \/>\n- Due grandi tasche anteriori<br \/>\n- Tasca interna sul petto con zip<br \/>\n- Cappuccio regolabile<br \/>\n- Cinghie regolabili in vita<br \/>\n- Polsini elasticizzati con fori per i pollici<br \/>\n- Zip YKK a 2 vie<br \/>\n- Taglio lungo fino ai fianchi<br \/>\n- Taglio normale<\/p>\n<p>Materiale: Faccia principale 65% Poliestere riciclato, 35% Cotone, Schienale principale 100% Poliuretano, Imbottitura 100% Poliestere riciclato, Fodera 100% Poliammide riciclata<\/p>","protected":false},"excerpt":{"rendered":"<p>Der Urban Padded Parka ist ein isolierter Parka, der Sie bei wirklich kalten Winterbedingungen warm und gem\u00fctlich h\u00e4lt. Mit seinem minimalistischen Design l\u00e4sst er sich m\u00fchelos zwischen l\u00e4ssigen Winterspazierg\u00e4ngen und formelleren Anl\u00e4ssen kombinieren. Dieser stylische Kaltwetterparka besteht aus einem wasserabweisenden und strapazierf\u00e4higen Stoff und verf\u00fcgt \u00fcber eine Polyesterisolierung, die Sie an nassen Herbst- und Wintertagen [&hellip;]<\/p>\n","protected":false},"featured_media":736393,"template":"","meta":[],"product_brand":[],"product_cat":[4186],"product_tag":[],"class_list":{"0":"post-736389","1":"product","2":"type-product","3":"status-publish","4":"has-post-thumbnail","6":"product_cat-jacken","7":"pa_brand-craft","8":"pa_brand-type-sportswear","9":"pa_filter-color-beige","10":"pa_filter-color-blau","11":"pa_filter-color-schwarz","13":"first","14":"instock","15":"sale","16":"taxable","17":"shipping-taxable","18":"purchasable","19":"product-type-variable","20":"add-to-wishlist-before_image"},"exclude_global_add_ons":[],"addons":[],"acf":[],"_links":{"self":[{"href":"https:\/\/shop.kustom.ch\/it\/wp-json\/wp\/v2\/product\/736389"}],"collection":[{"href":"https:\/\/shop.kustom.ch\/it\/wp-json\/wp\/v2\/product"}],"about":[{"href":"https:\/\/shop.kustom.ch\/it\/wp-json\/wp\/v2\/types\/product"}],"wp:featuredmedia":[{"embeddable":true,"href":"https:\/\/shop.kustom.ch\/it\/wp-json\/wp\/v2\/media\/736393"}],"wp:attachment":[{"href":"https:\/\/shop.kustom.ch\/it\/wp-json\/wp\/v2\/media?parent=736389"}],"wp:term":[{"taxonomy":"product_brand","embeddable":true,"href":"https:\/\/shop.kustom.ch\/it\/wp-json\/wp\/v2\/product_brand?post=736389"},{"taxonomy":"product_cat","embeddable":true,"href":"https:\/\/shop.kustom.ch\/it\/wp-json\/wp\/v2\/product_cat?post=736389"},{"taxonomy":"product_tag","embeddable":true,"href":"https:\/\/shop.kustom.ch\/it\/wp-json\/wp\/v2\/product_tag?post=736389"}],"curies":[{"name":"wp","href":"https:\/\/api.w.org\/{rel}","templated":true}]}}