{"id":736227,"date":"2026-04-16T08:34:32","date_gmt":"2026-04-16T07:34:32","guid":{"rendered":"https:\/\/shop.kustom.ch\/?post_type=product&#038;p=736227"},"modified":"2026-04-16T08:34:42","modified_gmt":"2026-04-16T07:34:42","slug":"endur-shorts-c2-w","status":"publish","type":"product","link":"https:\/\/shop.kustom.ch\/it\/prodotto\/endur-shorts-c2-w\/","title":{"rendered":"Pantaloncini Endur C2 W"},"content":{"rendered":"<p>Gli Endur Shorts C2 sono pantaloncini da ciclismo ad alte prestazioni per gli atleti che si allenano pi\u00f9 giorni alla settimana con uno scopo preciso.<\/p>\n<p>Questi pantaloncini da ciclismo avanzati sono realizzati in poliammide riciclata, che offre un eccezionale controllo del corpo e un'eccellente gestione dell'umidit\u00e0. I polsini a taglio vivo garantiscono una sensazione di morbidezza e una migliore aerodinamica, mentre il nuovo e raffinato fondello C2 assicura un comfort eccezionale durante ogni corsa.<\/p>\n<p>Infinity C2 Pad - pad altamente funzionale per i ciclisti pi\u00f9 esigenti<br \/>\nInfinity C2 offre un'eccellente funzionalit\u00e0 ed \u00e8 una buona scelta per i cavalieri che si allenano duramente tutto l'anno. Il fondello \u00e8 composto da tre strati, tra cui un secondo e un terzo strato di schiume a media e alta densit\u00e0. Insieme, questi due strati formano una combinazione perfetta che smorza e assorbe l'energia per poi dissiparla come un sistema anti-shock. Inoltre, lo strato adiacente alla pelle \u00e8 realizzato in tessuto di poliammide riciclato di alta qualit\u00e0, che offre una super elasticit\u00e0 a 4 vie e un ottimo trasporto dell'umidit\u00e0. L'elasticit\u00e0 a 4 direzioni del tessuto consente al fondello di seguire il corpo in movimento per un comfort e una funzionalit\u00e0 ottimali. Inoltre, il fondello \u00e8 dotato di una schiuma a base biologica ricavata dai semi di ricino.<\/p>\n<p>- Materiale elasticizzato per il controllo del corpo, realizzato in poliammide ed elastan riciclati.<br \/>\n- Design ergonomico per una perfetta posizione di seduta<br \/>\n- Vita incollata per una vestibilit\u00e0 e un comfort ottimali<br \/>\n- Polsini a taglio vivo con stampa in silicone per mantenere i pantaloncini da ciclismo al loro posto<br \/>\n- C2 Pad donne<\/p>","protected":false},"excerpt":{"rendered":"<p>Endur Shorts C2 sind Hochleistungs-Bikeshorts f\u00fcr engagierte Sportler, die mehrere Tage pro Woche mit einem Vorsatz trainieren. Diese fortschrittliche Radshorts besteht aus recyceltem Polyamid, das eine aussergew\u00f6hnliche K\u00f6rperkontrolle und ein hervorragendes Feuchtigkeitsmanagement bietet. Roh geschnittene Beinabschl\u00fcsse sorgen f\u00fcr ein geschmeidiges Tragegef\u00fchl und verbesserte Aerodynamik, w\u00e4hrend das neue und raffinierte C2 Pad f\u00fcr hervorragenden Komfort w\u00e4hrend [&hellip;]<\/p>\n","protected":false},"featured_media":700058,"template":"","meta":[],"product_brand":[],"product_cat":[4198],"product_tag":[],"class_list":{"0":"post-736227","1":"product","2":"type-product","3":"status-publish","4":"has-post-thumbnail","6":"product_cat-shorts","7":"pa_brand-craft","8":"pa_brand-type-sportswear","9":"pa_filter-color-grau","10":"pa_filter-color-schwarz","12":"first","13":"instock","14":"sale","15":"taxable","16":"shipping-taxable","17":"purchasable","18":"product-type-variable","19":"add-to-wishlist-before_image"},"exclude_global_add_ons":[],"addons":[],"acf":[],"_links":{"self":[{"href":"https:\/\/shop.kustom.ch\/it\/wp-json\/wp\/v2\/product\/736227"}],"collection":[{"href":"https:\/\/shop.kustom.ch\/it\/wp-json\/wp\/v2\/product"}],"about":[{"href":"https:\/\/shop.kustom.ch\/it\/wp-json\/wp\/v2\/types\/product"}],"wp:featuredmedia":[{"embeddable":true,"href":"https:\/\/shop.kustom.ch\/it\/wp-json\/wp\/v2\/media\/700058"}],"wp:attachment":[{"href":"https:\/\/shop.kustom.ch\/it\/wp-json\/wp\/v2\/media?parent=736227"}],"wp:term":[{"taxonomy":"product_brand","embeddable":true,"href":"https:\/\/shop.kustom.ch\/it\/wp-json\/wp\/v2\/product_brand?post=736227"},{"taxonomy":"product_cat","embeddable":true,"href":"https:\/\/shop.kustom.ch\/it\/wp-json\/wp\/v2\/product_cat?post=736227"},{"taxonomy":"product_tag","embeddable":true,"href":"https:\/\/shop.kustom.ch\/it\/wp-json\/wp\/v2\/product_tag?post=736227"}],"curies":[{"name":"wp","href":"https:\/\/api.w.org\/{rel}","templated":true}]}}