{"id":736059,"date":"2026-04-16T08:32:42","date_gmt":"2026-04-16T07:32:42","guid":{"rendered":"https:\/\/shop.kustom.ch\/?post_type=product&#038;p=736059"},"modified":"2026-04-16T08:33:11","modified_gmt":"2026-04-16T07:33:11","slug":"adv-endur-hydro-jacket-2-m","status":"publish","type":"product","link":"https:\/\/shop.kustom.ch\/it\/prodotto\/adv-endur-hydro-jacket-2-m\/","title":{"rendered":"Giacca ADV Endur Hydro 2 M"},"content":{"rendered":"<p>ADV Endur Hydro Jacket ist eine wind- und wasserdichte Fahrradjacke mit hervorragender Bel\u00fcftung f\u00fcr hochintensive Fahrten bei N\u00e4sse.<\/p>\n<p>Diese fortschrittliche Radjacke ist aus leichtem, wind- und wasserdichtem Material gefertigt und verf\u00fcgt \u00fcber getapte N\u00e4hte f\u00fcr vollen Wetterschutz. Grosser Stretch sorgt f\u00fcr Bewegungsfreiheit, w\u00e4hrend Bel\u00fcftungs\u00f6ffnungen an Achselh\u00f6hlen und R\u00fccken f\u00fcr verbesserte K\u00fchlung sorgen. Die Jacke l\u00e4sst sich in eine eigene Reissverschluss-R\u00fcckentasche verstauen und l\u00e4sst sich leicht in einer Jerseytasche verstauen.<\/p>\n<p>\u2022 Wind- und wasserdichtes 2.5-Lagen-Gewebe, WP 10,000\/MVP000\/MVP 10,000<br \/>\n\u2022 Grosser Stretch f\u00fcr optimale Bewegungsfreiheit<br \/>\n- Cuciture saldate<br \/>\n\u2022 Vislon Frontreissverschluss mit Innentasche<br \/>\n- Maniche e spalle preformate<br \/>\n\u2022 Bel\u00fcftungs\u00f6ffnungen an Achselh\u00f6hlen und R\u00fccken<br \/>\n\u2022 Zwei Ges\u00e4sstaschen mit Reissverschluss<br \/>\n- Taglio normale<\/p>","protected":false},"excerpt":{"rendered":"<p>ADV Endur Hydro Jacket ist eine wind- und wasserdichte Fahrradjacke mit hervorragender Bel\u00fcftung f\u00fcr hochintensive Fahrten bei N\u00e4sse. Diese fortschrittliche Radjacke ist aus leichtem, wind- und wasserdichtem Material gefertigt und verf\u00fcgt \u00fcber getapte N\u00e4hte f\u00fcr vollen Wetterschutz. Grosser Stretch sorgt f\u00fcr Bewegungsfreiheit, w\u00e4hrend Bel\u00fcftungs\u00f6ffnungen an Achselh\u00f6hlen und R\u00fccken f\u00fcr verbesserte K\u00fchlung sorgen. Die Jacke l\u00e4sst [&hellip;]<\/p>\n","protected":false},"featured_media":736060,"template":"","meta":[],"product_brand":[],"product_cat":[4186],"product_tag":[],"class_list":{"0":"post-736059","1":"product","2":"type-product","3":"status-publish","4":"has-post-thumbnail","6":"product_cat-jacken","7":"pa_brand-craft","8":"pa_brand-type-sportswear","9":"pa_filter-color-blau","10":"pa_filter-color-schwarz","11":"pa_filter-color-violet","13":"first","14":"instock","15":"sale","16":"taxable","17":"shipping-taxable","18":"purchasable","19":"product-type-variable","20":"add-to-wishlist-before_image"},"exclude_global_add_ons":[],"addons":[],"acf":[],"_links":{"self":[{"href":"https:\/\/shop.kustom.ch\/it\/wp-json\/wp\/v2\/product\/736059"}],"collection":[{"href":"https:\/\/shop.kustom.ch\/it\/wp-json\/wp\/v2\/product"}],"about":[{"href":"https:\/\/shop.kustom.ch\/it\/wp-json\/wp\/v2\/types\/product"}],"wp:featuredmedia":[{"embeddable":true,"href":"https:\/\/shop.kustom.ch\/it\/wp-json\/wp\/v2\/media\/736060"}],"wp:attachment":[{"href":"https:\/\/shop.kustom.ch\/it\/wp-json\/wp\/v2\/media?parent=736059"}],"wp:term":[{"taxonomy":"product_brand","embeddable":true,"href":"https:\/\/shop.kustom.ch\/it\/wp-json\/wp\/v2\/product_brand?post=736059"},{"taxonomy":"product_cat","embeddable":true,"href":"https:\/\/shop.kustom.ch\/it\/wp-json\/wp\/v2\/product_cat?post=736059"},{"taxonomy":"product_tag","embeddable":true,"href":"https:\/\/shop.kustom.ch\/it\/wp-json\/wp\/v2\/product_tag?post=736059"}],"curies":[{"name":"wp","href":"https:\/\/api.w.org\/{rel}","templated":true}]}}