{"id":735993,"date":"2026-04-16T08:31:32","date_gmt":"2026-04-16T07:31:32","guid":{"rendered":"https:\/\/shop.kustom.ch\/?post_type=product&#038;p=735993"},"modified":"2026-04-16T08:31:58","modified_gmt":"2026-04-16T07:31:58","slug":"essence-thermal-headband","status":"publish","type":"product","link":"https:\/\/shop.kustom.ch\/it\/prodotto\/essence-thermal-headband\/","title":{"rendered":"Fascia termica Essence"},"content":{"rendered":"<p>Das Essence Headband ist ein weiches und dehnbares Trainingsstirnband mit einer geb\u00fcrsteten Innenseite, das W\u00e4rme, Funktion und Komfort beim Training unter k\u00fchlen Bedingungen bietet. Hergestellt aus recyceltem Polyester.<\/p>\n<p>- Poliestere riciclato<br \/>\n- Interno spazzolato<br \/>\n- Vestibilit\u00e0 stretta<\/p>\n<p>Materiale: Corpo 77% Poliestere riciclato, 23% Elastane, Fodera88% Poliestere riciclato, 12% Elastane<\/p>","protected":false},"excerpt":{"rendered":"<p>Das Essence Headband ist ein weiches und dehnbares Trainingsstirnband mit einer geb\u00fcrsteten Innenseite, das W\u00e4rme, Funktion und Komfort beim Training unter k\u00fchlen Bedingungen bietet. Hergestellt aus recyceltem Polyester. \u2022 Recyceltes Polyester \u2022 Geb\u00fcrstete Innenseite \u2022 Enge Passform Material: Body 77% Recycelter Polyester, 23% Elastan, Lining88% Recycelter Polyester, 12% Elastan<\/p>","protected":false},"featured_media":736012,"template":"","meta":[],"product_brand":[],"product_cat":[4177],"product_tag":[],"class_list":{"0":"post-735993","1":"product","2":"type-product","3":"status-publish","4":"has-post-thumbnail","6":"product_cat-caps-muetzen","7":"pa_brand-craft","8":"pa_brand-type-sportswear","9":"pa_filter-color-braun","10":"pa_filter-color-grau","11":"pa_filter-color-gruen","12":"pa_filter-color-schwarz","14":"first","15":"instock","16":"sale","17":"taxable","18":"shipping-taxable","19":"purchasable","20":"product-type-variable","21":"add-to-wishlist-before_image"},"exclude_global_add_ons":[],"addons":[],"acf":[],"_links":{"self":[{"href":"https:\/\/shop.kustom.ch\/it\/wp-json\/wp\/v2\/product\/735993"}],"collection":[{"href":"https:\/\/shop.kustom.ch\/it\/wp-json\/wp\/v2\/product"}],"about":[{"href":"https:\/\/shop.kustom.ch\/it\/wp-json\/wp\/v2\/types\/product"}],"wp:featuredmedia":[{"embeddable":true,"href":"https:\/\/shop.kustom.ch\/it\/wp-json\/wp\/v2\/media\/736012"}],"wp:attachment":[{"href":"https:\/\/shop.kustom.ch\/it\/wp-json\/wp\/v2\/media?parent=735993"}],"wp:term":[{"taxonomy":"product_brand","embeddable":true,"href":"https:\/\/shop.kustom.ch\/it\/wp-json\/wp\/v2\/product_brand?post=735993"},{"taxonomy":"product_cat","embeddable":true,"href":"https:\/\/shop.kustom.ch\/it\/wp-json\/wp\/v2\/product_cat?post=735993"},{"taxonomy":"product_tag","embeddable":true,"href":"https:\/\/shop.kustom.ch\/it\/wp-json\/wp\/v2\/product_tag?post=735993"}],"curies":[{"name":"wp","href":"https:\/\/api.w.org\/{rel}","templated":true}]}}