{"id":735823,"date":"2026-04-16T08:30:09","date_gmt":"2026-04-16T07:30:09","guid":{"rendered":"https:\/\/shop.kustom.ch\/?post_type=product&#038;p=735823"},"modified":"2026-04-16T08:30:16","modified_gmt":"2026-04-16T07:30:16","slug":"endur-bib-shorts-c2-w","status":"publish","type":"product","link":"https:\/\/shop.kustom.ch\/it\/prodotto\/endur-bib-shorts-c2-w\/","title":{"rendered":"Pantaloncini con pettorina Endur C2 W"},"content":{"rendered":"<p>Gli Endur Bib Shorts C2 sono pantaloncini da ciclismo ad alte prestazioni per atleti ambiziosi che si allenano in modo mirato pi\u00f9 volte alla settimana.<\/p>\n<p>Questi pantaloncini da ciclismo avanzati sono realizzati in poliammide riciclata, che offre un controllo eccezionale del corpo e un'eccellente gestione dell'umidit\u00e0. La soluzione ergonomica con pettorina aperta sul retro migliora la ventilazione, mentre i polsini delle gambe a taglio vivo offrono una sensazione di morbidezza e una migliore aerodinamica. Inoltre, il nuovo e raffinato fondello C2 assicura un comfort eccezionale in ogni corsa.<\/p>\n<p>Infinity C2 Pad - pad altamente funzionale per i ciclisti pi\u00f9 esigenti<br \/>\nInfinity C2 offre un'eccellente funzionalit\u00e0 ed \u00e8 una buona scelta per i cavalieri che si allenano duramente tutto l'anno. Il fondello \u00e8 composto da tre strati, tra cui un secondo e un terzo strato di schiume a media e alta densit\u00e0. Insieme, questi due strati formano una combinazione perfetta che smorza e assorbe l'energia per poi dissiparla come un sistema anti-shock. Inoltre, lo strato adiacente alla pelle \u00e8 realizzato in tessuto di poliammide riciclato di alta qualit\u00e0, che offre una super elasticit\u00e0 a 4 vie e un ottimo trasporto dell'umidit\u00e0. L'elasticit\u00e0 a 4 direzioni del tessuto consente al fondello di seguire il corpo in movimento per un comfort e una funzionalit\u00e0 ottimali. Inoltre, il fondello \u00e8 dotato di una schiuma a base biologica ricavata dai semi di ricino.<\/p>\n<p>- Materiale elasticizzato per il controllo del corpo, realizzato in poliammide ed elastan riciclati.<br \/>\n- Design ergonomico per una perfetta posizione di seduta<br \/>\n- Costruzione a pettorina con soluzione a schiena aperta<br \/>\n- Vita incollata per una vestibilit\u00e0 e un comfort ottimali<br \/>\n- Polsini a taglio vivo con stampa in silicone per mantenere i pantaloncini da ciclismo al loro posto<br \/>\n- Infinity C2 Pad Donna<\/p>","protected":false},"excerpt":{"rendered":"<p>Die Endur Bib Shorts C2 sind Hochleistungs-Radlerhosen f\u00fcr ambitionierte Sportler, die mehrmals pro Woche zielgerichtet trainieren. Diese fortschrittliche Radlerhose besteht aus recyceltem Polyamid, das eine aussergew\u00f6hnliche K\u00f6rperkontrolle und ein hervorragendes Feuchtigkeitsmanagement bietet. Die ergonomische Tr\u00e4gerl\u00f6sung mit offenem R\u00fccken verbessert die Bel\u00fcftung, w\u00e4hrend roh geschnittene Beinabschl\u00fcsse f\u00fcr ein geschmeidiges Gef\u00fchl und verbesserte Aerodynamik sorgen. Dar\u00fcber hinaus [&hellip;]<\/p>\n","protected":false},"featured_media":699523,"template":"","meta":[],"product_brand":[],"product_cat":[4198],"product_tag":[],"class_list":{"0":"post-735823","1":"product","2":"type-product","3":"status-publish","4":"has-post-thumbnail","6":"product_cat-shorts","7":"pa_brand-craft","8":"pa_brand-type-sportswear","9":"pa_filter-color-grau","10":"pa_filter-color-gruen","11":"pa_filter-color-schwarz","13":"first","14":"instock","15":"sale","16":"taxable","17":"shipping-taxable","18":"purchasable","19":"product-type-variable","20":"add-to-wishlist-before_image"},"exclude_global_add_ons":[],"addons":[],"acf":[],"_links":{"self":[{"href":"https:\/\/shop.kustom.ch\/it\/wp-json\/wp\/v2\/product\/735823"}],"collection":[{"href":"https:\/\/shop.kustom.ch\/it\/wp-json\/wp\/v2\/product"}],"about":[{"href":"https:\/\/shop.kustom.ch\/it\/wp-json\/wp\/v2\/types\/product"}],"wp:featuredmedia":[{"embeddable":true,"href":"https:\/\/shop.kustom.ch\/it\/wp-json\/wp\/v2\/media\/699523"}],"wp:attachment":[{"href":"https:\/\/shop.kustom.ch\/it\/wp-json\/wp\/v2\/media?parent=735823"}],"wp:term":[{"taxonomy":"product_brand","embeddable":true,"href":"https:\/\/shop.kustom.ch\/it\/wp-json\/wp\/v2\/product_brand?post=735823"},{"taxonomy":"product_cat","embeddable":true,"href":"https:\/\/shop.kustom.ch\/it\/wp-json\/wp\/v2\/product_cat?post=735823"},{"taxonomy":"product_tag","embeddable":true,"href":"https:\/\/shop.kustom.ch\/it\/wp-json\/wp\/v2\/product_tag?post=735823"}],"curies":[{"name":"wp","href":"https:\/\/api.w.org\/{rel}","templated":true}]}}