{"id":735736,"date":"2026-04-16T08:28:45","date_gmt":"2026-04-16T07:28:45","guid":{"rendered":"https:\/\/shop.kustom.ch\/?post_type=product&#038;p=735736"},"modified":"2026-04-16T08:29:39","modified_gmt":"2026-04-16T07:29:39","slug":"essence-wool-headband","status":"publish","type":"product","link":"https:\/\/shop.kustom.ch\/it\/prodotto\/essence-wool-headband\/","title":{"rendered":"Fascia in lana Essence"},"content":{"rendered":"<p>Das Essence Wool Headband ist ein d\u00fcnnes Wollstirnband, das f\u00fcr das Training und den t\u00e4glichen Gebrauch in der kalten Jahreszeit entwickelt wurde. Sein leichtes, elastisches Merinowollgewebe sorgt f\u00fcr hervorragende W\u00e4rme und eine bequeme Passform.<\/p>\n<p>- Tessuto sottile e morbido in lana merino (95 %) ed elastan (5 %)<br \/>\n- Tessuto elasticizzato monostrato<\/p>\n<p>Material: 95% Merinowolle, 5% Elastan<\/p>","protected":false},"excerpt":{"rendered":"<p>Das Essence Wool Headband ist ein d\u00fcnnes Wollstirnband, das f\u00fcr das Training und den t\u00e4glichen Gebrauch in der kalten Jahreszeit entwickelt wurde. Sein leichtes, elastisches Merinowollgewebe sorgt f\u00fcr hervorragende W\u00e4rme und eine bequeme Passform. \u2022 D\u00fcnner und weicher Stoff aus Merinowolle (95 %) und Elasthan (5 %) \u2022 Elastisches einlagiges Gewebe Material: 95% Merinowolle, 5% [&hellip;]<\/p>\n","protected":false},"featured_media":735776,"template":"","meta":[],"product_brand":[],"product_cat":[4177],"product_tag":[],"class_list":{"0":"post-735736","1":"product","2":"type-product","3":"status-publish","4":"has-post-thumbnail","6":"product_cat-caps-muetzen","7":"pa_brand-craft","8":"pa_brand-type-sportswear","9":"pa_filter-color-blau","10":"pa_filter-color-schwarz","12":"first","13":"instock","14":"sale","15":"taxable","16":"shipping-taxable","17":"purchasable","18":"product-type-variable","19":"add-to-wishlist-before_image"},"exclude_global_add_ons":[],"addons":[],"acf":[],"_links":{"self":[{"href":"https:\/\/shop.kustom.ch\/it\/wp-json\/wp\/v2\/product\/735736"}],"collection":[{"href":"https:\/\/shop.kustom.ch\/it\/wp-json\/wp\/v2\/product"}],"about":[{"href":"https:\/\/shop.kustom.ch\/it\/wp-json\/wp\/v2\/types\/product"}],"wp:featuredmedia":[{"embeddable":true,"href":"https:\/\/shop.kustom.ch\/it\/wp-json\/wp\/v2\/media\/735776"}],"wp:attachment":[{"href":"https:\/\/shop.kustom.ch\/it\/wp-json\/wp\/v2\/media?parent=735736"}],"wp:term":[{"taxonomy":"product_brand","embeddable":true,"href":"https:\/\/shop.kustom.ch\/it\/wp-json\/wp\/v2\/product_brand?post=735736"},{"taxonomy":"product_cat","embeddable":true,"href":"https:\/\/shop.kustom.ch\/it\/wp-json\/wp\/v2\/product_cat?post=735736"},{"taxonomy":"product_tag","embeddable":true,"href":"https:\/\/shop.kustom.ch\/it\/wp-json\/wp\/v2\/product_tag?post=735736"}],"curies":[{"name":"wp","href":"https:\/\/api.w.org\/{rel}","templated":true}]}}