{"id":735735,"date":"2026-04-16T08:28:45","date_gmt":"2026-04-16T07:28:45","guid":{"rendered":"https:\/\/shop.kustom.ch\/?post_type=product&#038;p=735735"},"modified":"2026-04-16T08:29:37","modified_gmt":"2026-04-16T07:29:37","slug":"essence-thermal-ponytail-hat","status":"publish","type":"product","link":"https:\/\/shop.kustom.ch\/it\/prodotto\/essence-thermal-ponytail-hat\/","title":{"rendered":"Cappello termico Essence per coda di cavallo"},"content":{"rendered":"<p>L'Essence Ponytail Hat \u00e8 un cappello da allenamento morbido ed elastico con interno spazzolato che offre calore, funzionalit\u00e0 e comfort quando ci si allena in condizioni di freddo. Con un'apertura per la coda di cavallo sul retro. Realizzato in poliestere riciclato.<\/p>\n<p>- Poliestere riciclato<br \/>\n- Interno spazzolato<br \/>\n- Apertura per la coda di cavallo sul retro<br \/>\n- Vestibilit\u00e0 stretta<\/p>\n<p>Materiale: Corpo 77% Poliestere riciclato, 23% Elastane, Fodera88% Poliestere riciclato, 12% Elastane<\/p>","protected":false},"excerpt":{"rendered":"<p>Der Essence Ponytail Hat ist eine weiche und dehnbare Trainingsm\u00fctze mit einer geb\u00fcrsteten Innenseite, die W\u00e4rme, Funktion und Komfort beim Training unter k\u00fchlen Bedingungen bietet. Mit einer \u00d6ffnung f\u00fcr einen Pferdeschwanz auf der R\u00fcckseite. Hergestellt aus recyceltem Polyester. \u2022 Recyceltes Polyester \u2022 Geb\u00fcrstete Innenseite \u2022 \u00d6ffnung f\u00fcr Pferdeschwanz auf der R\u00fcckseite \u2022 Enge Passform Material: [&hellip;]<\/p>\n","protected":false},"featured_media":735767,"template":"","meta":[],"product_brand":[],"product_cat":[4177],"product_tag":[],"class_list":{"0":"post-735735","1":"product","2":"type-product","3":"status-publish","4":"has-post-thumbnail","6":"product_cat-caps-muetzen","7":"pa_brand-craft","8":"pa_brand-type-sportswear","9":"pa_filter-color-braun","10":"pa_filter-color-grau","11":"pa_filter-color-gruen","12":"pa_filter-color-schwarz","14":"first","15":"instock","16":"sale","17":"taxable","18":"shipping-taxable","19":"purchasable","20":"product-type-variable","21":"add-to-wishlist-before_image"},"exclude_global_add_ons":[],"addons":[],"acf":[],"_links":{"self":[{"href":"https:\/\/shop.kustom.ch\/it\/wp-json\/wp\/v2\/product\/735735"}],"collection":[{"href":"https:\/\/shop.kustom.ch\/it\/wp-json\/wp\/v2\/product"}],"about":[{"href":"https:\/\/shop.kustom.ch\/it\/wp-json\/wp\/v2\/types\/product"}],"wp:featuredmedia":[{"embeddable":true,"href":"https:\/\/shop.kustom.ch\/it\/wp-json\/wp\/v2\/media\/735767"}],"wp:attachment":[{"href":"https:\/\/shop.kustom.ch\/it\/wp-json\/wp\/v2\/media?parent=735735"}],"wp:term":[{"taxonomy":"product_brand","embeddable":true,"href":"https:\/\/shop.kustom.ch\/it\/wp-json\/wp\/v2\/product_brand?post=735735"},{"taxonomy":"product_cat","embeddable":true,"href":"https:\/\/shop.kustom.ch\/it\/wp-json\/wp\/v2\/product_cat?post=735735"},{"taxonomy":"product_tag","embeddable":true,"href":"https:\/\/shop.kustom.ch\/it\/wp-json\/wp\/v2\/product_tag?post=735735"}],"curies":[{"name":"wp","href":"https:\/\/api.w.org\/{rel}","templated":true}]}}