{"id":735734,"date":"2026-04-16T08:28:45","date_gmt":"2026-04-16T07:28:45","guid":{"rendered":"https:\/\/shop.kustom.ch\/?post_type=product&#038;p=735734"},"modified":"2026-04-16T08:29:12","modified_gmt":"2026-04-16T07:29:12","slug":"subz-fleece-balaclava","status":"publish","type":"product","link":"https:\/\/shop.kustom.ch\/it\/prodotto\/subz-fleece-balaclava\/","title":{"rendered":"Passamontagna in pile SubZ"},"content":{"rendered":"<p>Das SubZ Fleece Balaclava sorgt f\u00fcr aussergew\u00f6hnliche W\u00e4rme und Funktionalit\u00e4t bei eisigen Bedingungen und bietet vollst\u00e4ndigen Schutz f\u00fcr Kopf, Hals und Gesicht. <\/p>\n<p>Die Sturmhaube besteht aus weichem, leichtem Fleece mit geb\u00fcrsteter Innenseite, verbessert die Isolierung und hilft bei der Regulierung der K\u00f6rpertemperatur. Der Trichterhals mit doppellagiger Vorderseite bietet zus\u00e4tzlichen Schutz vor K\u00e4lte. Strategisch platzierte Perforationen sorgen f\u00fcr eine gute Bel\u00fcftung und verhindern, dass sich Feuchtigkeit in der Luft staut. Diese isolierende Sturmhaube ist ein grossartiges Accessoire f\u00fcr Outdoor-Winteraktivit\u00e4ten und sorgt daf\u00fcr, dass Sie auf unerwartete Wetter- und Temperatur\u00e4nderungen vorbereitet sind.<\/p>\n<p>\u2022 Weiches und leichtes Fleece aus 100 % recyceltem Polyester<br \/>\n- Interno spazzolato<br \/>\n\u2022 Trichterhals mit doppellagigem Stoff auf der Vorderseite<br \/>\n\u2022 Perforiertes Fleece auf der Vorderseite<br \/>\n- Logo ricamato<\/p>\n<p>Materiale: 100% Poliestere riciclato<\/p>","protected":false},"excerpt":{"rendered":"<p>Das SubZ Fleece Balaclava sorgt f\u00fcr aussergew\u00f6hnliche W\u00e4rme und Funktionalit\u00e4t bei eisigen Bedingungen und bietet vollst\u00e4ndigen Schutz f\u00fcr Kopf, Hals und Gesicht. Die Sturmhaube besteht aus weichem, leichtem Fleece mit geb\u00fcrsteter Innenseite, verbessert die Isolierung und hilft bei der Regulierung der K\u00f6rpertemperatur. Der Trichterhals mit doppellagiger Vorderseite bietet zus\u00e4tzlichen Schutz vor K\u00e4lte. Strategisch platzierte Perforationen [&hellip;]<\/p>\n","protected":false},"featured_media":735764,"template":"","meta":[],"product_brand":[],"product_cat":[4209],"product_tag":[],"class_list":{"0":"post-735734","1":"product","2":"type-product","3":"status-publish","4":"has-post-thumbnail","6":"product_cat-zubehoer","7":"pa_brand-craft","8":"pa_brand-type-sportswear","9":"pa_filter-color-schwarz","11":"first","12":"instock","13":"sale","14":"taxable","15":"shipping-taxable","16":"purchasable","17":"product-type-variable","18":"add-to-wishlist-before_image"},"exclude_global_add_ons":[],"addons":[],"acf":[],"_links":{"self":[{"href":"https:\/\/shop.kustom.ch\/it\/wp-json\/wp\/v2\/product\/735734"}],"collection":[{"href":"https:\/\/shop.kustom.ch\/it\/wp-json\/wp\/v2\/product"}],"about":[{"href":"https:\/\/shop.kustom.ch\/it\/wp-json\/wp\/v2\/types\/product"}],"wp:featuredmedia":[{"embeddable":true,"href":"https:\/\/shop.kustom.ch\/it\/wp-json\/wp\/v2\/media\/735764"}],"wp:attachment":[{"href":"https:\/\/shop.kustom.ch\/it\/wp-json\/wp\/v2\/media?parent=735734"}],"wp:term":[{"taxonomy":"product_brand","embeddable":true,"href":"https:\/\/shop.kustom.ch\/it\/wp-json\/wp\/v2\/product_brand?post=735734"},{"taxonomy":"product_cat","embeddable":true,"href":"https:\/\/shop.kustom.ch\/it\/wp-json\/wp\/v2\/product_cat?post=735734"},{"taxonomy":"product_tag","embeddable":true,"href":"https:\/\/shop.kustom.ch\/it\/wp-json\/wp\/v2\/product_tag?post=735734"}],"curies":[{"name":"wp","href":"https:\/\/api.w.org\/{rel}","templated":true}]}}