{"id":735675,"date":"2026-04-16T08:28:02","date_gmt":"2026-04-16T07:28:02","guid":{"rendered":"https:\/\/shop.kustom.ch\/?post_type=product&#038;p=735675"},"modified":"2026-04-16T08:28:24","modified_gmt":"2026-04-16T07:28:24","slug":"active-comfort-knickers-2-m","status":"publish","type":"product","link":"https:\/\/shop.kustom.ch\/it\/prodotto\/active-comfort-knickers-2-m\/","title":{"rendered":"Magliette Active Comfort 2 M"},"content":{"rendered":"<p>I Dry Active Comfort Knickers 2 sono pantaloni morbidi e funzionali, adatti a quasi tutte le attivit\u00e0, dall'allenamento quotidiano allo sci alpino, dal trekking al rilassante doposci. Ora sono realizzati con materiali riciclati 100 %.<\/p>\n<p>Questo strato di base versatile ed estremamente confortevole \u00e8 realizzato in poliammide e poliestere riciclato 100%, una miscela morbida e funzionale che offre calore e un efficiente trasporto dell'umidit\u00e0. Inoltre, il capo presenta poche cuciture e una struttura aderente al corpo per una migliore termoregolazione. Se avete bisogno di un solo strato di base per tutti gli allenamenti e le attivit\u00e0 fisiche, questo \u00e8 quello giusto.<\/p>\n<p>- Tessuto morbido e funzionale, in parte realizzato con materiali riciclati 100 %<br \/>\n- Struttura di mappatura del corpo per una migliore regolazione del calore<br \/>\n- Poche cuciture per un comfort ottimale<br \/>\n- Cuciture flatlock che seguono i movimenti del corpo<\/p>\n<p>Materiale: 75% Poliammide riciclata, 25% Poliestere riciclato<\/p>","protected":false},"excerpt":{"rendered":"<p>Dry Active Comfort Knickers 2 sind weiche und funktionelle Unterhosen, die sich f\u00fcr fast jede Aktivit\u00e4t eignen, vom t\u00e4glichen Training bis hin zum alpinen Skifahren, Trekking und entspannten Apr\u00e8s-Ski. Jetzt aus 100 % recycelten Materialien hergestellt. Dieser vielseitige und \u00e4usserst komfortable Baselayer besteht aus 100% recyceltem Polyamid und Polyester, einer weichen und funktionellen Mischung, die [&hellip;]<\/p>\n","protected":false},"featured_media":735695,"template":"","meta":[],"product_brand":[],"product_cat":[4206],"product_tag":[],"class_list":{"0":"post-735675","1":"product","2":"type-product","3":"status-publish","4":"has-post-thumbnail","6":"product_cat-underwear","7":"pa_brand-craft","8":"pa_brand-type-sportswear","9":"pa_filter-color-schwarz","11":"first","12":"instock","13":"sale","14":"taxable","15":"shipping-taxable","16":"purchasable","17":"product-type-variable","18":"add-to-wishlist-before_image"},"exclude_global_add_ons":[],"addons":[],"acf":[],"_links":{"self":[{"href":"https:\/\/shop.kustom.ch\/it\/wp-json\/wp\/v2\/product\/735675"}],"collection":[{"href":"https:\/\/shop.kustom.ch\/it\/wp-json\/wp\/v2\/product"}],"about":[{"href":"https:\/\/shop.kustom.ch\/it\/wp-json\/wp\/v2\/types\/product"}],"wp:featuredmedia":[{"embeddable":true,"href":"https:\/\/shop.kustom.ch\/it\/wp-json\/wp\/v2\/media\/735695"}],"wp:attachment":[{"href":"https:\/\/shop.kustom.ch\/it\/wp-json\/wp\/v2\/media?parent=735675"}],"wp:term":[{"taxonomy":"product_brand","embeddable":true,"href":"https:\/\/shop.kustom.ch\/it\/wp-json\/wp\/v2\/product_brand?post=735675"},{"taxonomy":"product_cat","embeddable":true,"href":"https:\/\/shop.kustom.ch\/it\/wp-json\/wp\/v2\/product_cat?post=735675"},{"taxonomy":"product_tag","embeddable":true,"href":"https:\/\/shop.kustom.ch\/it\/wp-json\/wp\/v2\/product_tag?post=735675"}],"curies":[{"name":"wp","href":"https:\/\/api.w.org\/{rel}","templated":true}]}}