{"id":735657,"date":"2026-04-16T08:27:41","date_gmt":"2026-04-16T07:27:41","guid":{"rendered":"https:\/\/shop.kustom.ch\/?post_type=product&#038;p=735657"},"modified":"2026-04-16T12:28:00","modified_gmt":"2026-04-16T11:28:00","slug":"pro-race-split-finger-glove","status":"publish","type":"product","link":"https:\/\/shop.kustom.ch\/it\/prodotto\/pro-race-split-finger-glove\/","title":{"rendered":"Guanto Pro Race Split Finger"},"content":{"rendered":"<p>Der Pro Race Split Finger Glove ist ein hochfunktioneller Rennhandschuh, der f\u00fcr intensives Langlaufen an kalten Wintertagen entwickelt wurde.<\/p>\n<p>Dieser technisch fortschrittliche Profihandschuh verf\u00fcgt \u00fcber ein elastisches und winddichtes Gewebe auf der R\u00fcckseite und Kunstleder mit Silikonaufdruck auf der Handfl\u00e4che f\u00fcr Strapazierf\u00e4higkeit sowie effiziente Kraft\u00fcbertragung. Das Design mit geteilten Fingern sorgt f\u00fcr mehr W\u00e4rme und erm\u00f6glicht gleichzeitig eine hervorragende Beweglichkeit der Finger. Mit Verst\u00e4rkung an der Daumeninnenseite, Fleece an der Daumenaussenseite und umgeschlagenen B\u00fcndchen f\u00fcr eine weiche und bequeme Passform um die Handgelenke.<\/p>\n<p>\u2022 Elastisches und winddichtes Gewebe auf der R\u00fcckseite, hergestellt aus 100 % recycelten Materialien<br \/>\n\u2022 Mikrofleece-Futter aus 100 % recycelten Materialien<br \/>\n\u2022 Handfl\u00e4che aus Kunstleder mit Silikondruck f\u00fcr optimalen Halt<br \/>\n\u2022 Doppelt gefaltete Manschette f\u00fcr ein weiches und bequemes Tragegef\u00fchl<br \/>\n\u2022 Ohne N\u00e4hte auf dem R\u00fccken hergestellt, um ein Scheuern der Stangentr\u00e4ger zu vermeiden<br \/>\n\u2022 Verst\u00e4rkung an der Daumeninnenseite<br \/>\n\u2022 Fleece-Einsatz an der Daumenaussenseite<\/p>\n<p>Material: Backhand 100% Recycelter Polyester, Palm 50% Polyamid, 50% Polyurethan, Cuff 100% Polyamid, Lining 100% Recycelter Polyester<\/p>","protected":false},"excerpt":{"rendered":"<p>Der Pro Race Split Finger Glove ist ein hochfunktioneller Rennhandschuh, der f\u00fcr intensives Langlaufen an kalten Wintertagen entwickelt wurde. Dieser technisch fortschrittliche Profihandschuh verf\u00fcgt \u00fcber ein elastisches und winddichtes Gewebe auf der R\u00fcckseite und Kunstleder mit Silikonaufdruck auf der Handfl\u00e4che f\u00fcr Strapazierf\u00e4higkeit sowie effiziente Kraft\u00fcbertragung. Das Design mit geteilten Fingern sorgt f\u00fcr mehr W\u00e4rme und [&hellip;]<\/p>\n","protected":false},"featured_media":735665,"template":"","meta":[],"product_brand":[],"product_cat":[4180],"product_tag":[],"class_list":{"0":"post-735657","1":"product","2":"type-product","3":"status-publish","4":"has-post-thumbnail","6":"product_cat-handschuhe","7":"pa_brand-craft","8":"pa_brand-type-sportswear","9":"pa_filter-color-schwarz","11":"first","12":"instock","13":"sale","14":"taxable","15":"shipping-taxable","16":"purchasable","17":"product-type-variable","18":"add-to-wishlist-before_image"},"exclude_global_add_ons":[],"addons":[],"acf":[],"_links":{"self":[{"href":"https:\/\/shop.kustom.ch\/it\/wp-json\/wp\/v2\/product\/735657"}],"collection":[{"href":"https:\/\/shop.kustom.ch\/it\/wp-json\/wp\/v2\/product"}],"about":[{"href":"https:\/\/shop.kustom.ch\/it\/wp-json\/wp\/v2\/types\/product"}],"wp:featuredmedia":[{"embeddable":true,"href":"https:\/\/shop.kustom.ch\/it\/wp-json\/wp\/v2\/media\/735665"}],"wp:attachment":[{"href":"https:\/\/shop.kustom.ch\/it\/wp-json\/wp\/v2\/media?parent=735657"}],"wp:term":[{"taxonomy":"product_brand","embeddable":true,"href":"https:\/\/shop.kustom.ch\/it\/wp-json\/wp\/v2\/product_brand?post=735657"},{"taxonomy":"product_cat","embeddable":true,"href":"https:\/\/shop.kustom.ch\/it\/wp-json\/wp\/v2\/product_cat?post=735657"},{"taxonomy":"product_tag","embeddable":true,"href":"https:\/\/shop.kustom.ch\/it\/wp-json\/wp\/v2\/product_tag?post=735657"}],"curies":[{"name":"wp","href":"https:\/\/api.w.org\/{rel}","templated":true}]}}