{"id":735392,"date":"2026-04-16T08:24:28","date_gmt":"2026-04-16T07:24:28","guid":{"rendered":"https:\/\/shop.kustom.ch\/?post_type=product&#038;p=735392"},"modified":"2026-04-16T08:25:32","modified_gmt":"2026-04-16T07:25:32","slug":"flow-thermal-tights-m","status":"publish","type":"product","link":"https:\/\/shop.kustom.ch\/it\/prodotto\/flow-thermal-tights-m\/","title":{"rendered":"Flow Thermal Tights M"},"content":{"rendered":"<p>La Flow Thermal Tights \u00e8 una calzamaglia baselayer calda e versatile che pu\u00f2 essere indossata sotto i pantaloni da allenamento o i pantaloncini nelle stagioni pi\u00f9 fredde.<\/p>\n<p>Questa calzamaglia altamente funzionale \u00e8 realizzata in tessuto termico di poliestere con interno spazzolato e mantiene il calore e il comfort durante gli allenamenti intensivi in condizioni di freddo. Le propriet\u00e0 elastiche del tessuto, unite a un design ergonomico, assicurano una perfetta vestibilit\u00e0 e un'eccellente libert\u00e0 di movimento. Indossatela sotto i pantaloni o i pantaloncini per un maggiore isolamento alle temperature pi\u00f9 basse.<\/p>\n<p>- Tessuto morbido e caldo realizzato in poliestere riciclato (90 %) ed elastan<br \/>\n- Interno spazzolato<br \/>\n- Tasca laterale in rete<br \/>\n- Vestibilit\u00e0 stretta<\/p>\n<p>Materiale: Corpo 80% Poliestere riciclato, 9% Poliestere, 11% Elastane, Inserti, 90% Poliammide riciclata, 10% Elastane<\/p>","protected":false},"excerpt":{"rendered":"<p>Flow Thermal Tights sind warme und vielseitige Baselayer-Strumpfhosen, die bei k\u00e4lterem Wetter unter Trainingshosen oder Shorts getragen werden k\u00f6nnen. Diese hochfunktionellen Tights bestehen aus einem Thermo-Polyestergewebe mit geb\u00fcrsteter Innenseite und halten Sie bei intensiven Trainingseinheiten bei k\u00fchlen Bedingungen warm und komfortabel. Die elastischen Eigenschaften des Stoffes in Kombination mit einem ergonomischen Design sorgen f\u00fcr eine [&hellip;]<\/p>\n","protected":false},"featured_media":735464,"template":"","meta":[],"product_brand":[],"product_cat":[4190],"product_tag":[],"class_list":{"0":"post-735392","1":"product","2":"type-product","3":"status-publish","4":"has-post-thumbnail","6":"product_cat-leggings","7":"pa_brand-craft","8":"pa_brand-type-sportswear","9":"pa_filter-color-grau","10":"pa_filter-color-schwarz","12":"first","13":"instock","14":"sale","15":"taxable","16":"shipping-taxable","17":"purchasable","18":"product-type-variable","19":"add-to-wishlist-before_image"},"exclude_global_add_ons":[],"addons":[],"acf":[],"_links":{"self":[{"href":"https:\/\/shop.kustom.ch\/it\/wp-json\/wp\/v2\/product\/735392"}],"collection":[{"href":"https:\/\/shop.kustom.ch\/it\/wp-json\/wp\/v2\/product"}],"about":[{"href":"https:\/\/shop.kustom.ch\/it\/wp-json\/wp\/v2\/types\/product"}],"wp:featuredmedia":[{"embeddable":true,"href":"https:\/\/shop.kustom.ch\/it\/wp-json\/wp\/v2\/media\/735464"}],"wp:attachment":[{"href":"https:\/\/shop.kustom.ch\/it\/wp-json\/wp\/v2\/media?parent=735392"}],"wp:term":[{"taxonomy":"product_brand","embeddable":true,"href":"https:\/\/shop.kustom.ch\/it\/wp-json\/wp\/v2\/product_brand?post=735392"},{"taxonomy":"product_cat","embeddable":true,"href":"https:\/\/shop.kustom.ch\/it\/wp-json\/wp\/v2\/product_cat?post=735392"},{"taxonomy":"product_tag","embeddable":true,"href":"https:\/\/shop.kustom.ch\/it\/wp-json\/wp\/v2\/product_tag?post=735392"}],"curies":[{"name":"wp","href":"https:\/\/api.w.org\/{rel}","templated":true}]}}