{"id":735202,"date":"2026-04-16T08:22:31","date_gmt":"2026-04-16T07:22:31","guid":{"rendered":"https:\/\/shop.kustom.ch\/?post_type=product&#038;p=735202"},"modified":"2026-04-16T08:23:28","modified_gmt":"2026-04-16T07:23:28","slug":"flow-thermal-mn-ls-tee-m","status":"publish","type":"product","link":"https:\/\/shop.kustom.ch\/it\/prodotto\/flow-thermal-mn-ls-tee-m\/","title":{"rendered":"Flusso termico MN LS Tee M"},"content":{"rendered":"<p>Das Flow Thermal MN LS Tee ist ein warmes und vielseitiges Langarm-T-Shirt, das als eigenst\u00e4ndiges Kleidungsst\u00fcck oder bei k\u00e4lterem Wetter als Baselayer unter einer Windjacke oder einem Mid-Layer getragen werden kann.<\/p>\n<p>Dieses hochfunktionelle Langarm-T-Shirt aus thermischem Polyester mit geb\u00fcrsteter Innenseite h\u00e4lt Sie bei intensiven Trainingseinheiten in k\u00fchler Umgebung warm und komfortabel. Die elastischen Eigenschaften des Stoffes in Kombination mit einem ergonomischen Design sorgen f\u00fcr eine perfekte Passform und hervorragende Bewegungsfreiheit. Tragen Sie es allein oder unter einer Jacke oder einem Midlayer-Shirt f\u00fcr zus\u00e4tzliche Isolierung bei k\u00e4lteren Bedingungen.<\/p>\n<p>\u2022 Weicher und warmer Stoff aus recyceltem Polyester (90 %) und Elasthan<br \/>\n- Interno spazzolato<br \/>\n- Vestibilit\u00e0 stretta<\/p>\n<p>Material: Body 80% Recycelter Polyester, 9% Polyester, 11% Elastan, Inset, 90% Recyceltes Polyamid, 10% Elastan<\/p>","protected":false},"excerpt":{"rendered":"<p>Das Flow Thermal MN LS Tee ist ein warmes und vielseitiges Langarm-T-Shirt, das als eigenst\u00e4ndiges Kleidungsst\u00fcck oder bei k\u00e4lterem Wetter als Baselayer unter einer Windjacke oder einem Mid-Layer getragen werden kann. Dieses hochfunktionelle Langarm-T-Shirt aus thermischem Polyester mit geb\u00fcrsteter Innenseite h\u00e4lt Sie bei intensiven Trainingseinheiten in k\u00fchler Umgebung warm und komfortabel. Die elastischen Eigenschaften des [&hellip;]<\/p>\n","protected":false},"featured_media":735273,"template":"","meta":[],"product_brand":[],"product_cat":[4191],"product_tag":[],"class_list":{"0":"post-735202","1":"product","2":"type-product","3":"status-publish","4":"has-post-thumbnail","6":"product_cat-longsleeves-sweatshirts","7":"pa_brand-craft","8":"pa_brand-type-sportswear","9":"pa_filter-color-grau","10":"pa_filter-color-schwarz","12":"first","13":"instock","14":"sale","15":"taxable","16":"shipping-taxable","17":"purchasable","18":"product-type-variable","19":"add-to-wishlist-before_image"},"exclude_global_add_ons":[],"addons":[],"acf":[],"_links":{"self":[{"href":"https:\/\/shop.kustom.ch\/it\/wp-json\/wp\/v2\/product\/735202"}],"collection":[{"href":"https:\/\/shop.kustom.ch\/it\/wp-json\/wp\/v2\/product"}],"about":[{"href":"https:\/\/shop.kustom.ch\/it\/wp-json\/wp\/v2\/types\/product"}],"wp:featuredmedia":[{"embeddable":true,"href":"https:\/\/shop.kustom.ch\/it\/wp-json\/wp\/v2\/media\/735273"}],"wp:attachment":[{"href":"https:\/\/shop.kustom.ch\/it\/wp-json\/wp\/v2\/media?parent=735202"}],"wp:term":[{"taxonomy":"product_brand","embeddable":true,"href":"https:\/\/shop.kustom.ch\/it\/wp-json\/wp\/v2\/product_brand?post=735202"},{"taxonomy":"product_cat","embeddable":true,"href":"https:\/\/shop.kustom.ch\/it\/wp-json\/wp\/v2\/product_cat?post=735202"},{"taxonomy":"product_tag","embeddable":true,"href":"https:\/\/shop.kustom.ch\/it\/wp-json\/wp\/v2\/product_tag?post=735202"}],"curies":[{"name":"wp","href":"https:\/\/api.w.org\/{rel}","templated":true}]}}