{"id":735106,"date":"2026-04-16T08:21:34","date_gmt":"2026-04-16T07:21:34","guid":{"rendered":"https:\/\/shop.kustom.ch\/?post_type=product&#038;p=735106"},"modified":"2026-04-16T08:21:41","modified_gmt":"2026-04-16T07:21:41","slug":"wool-nordic-ski-sock","status":"publish","type":"product","link":"https:\/\/shop.kustom.ch\/it\/prodotto\/wool-nordic-ski-sock\/","title":{"rendered":"Calzino da sci nordico in lana"},"content":{"rendered":"<p>Calzino caldo da cross-country, lavorato a maglia in lana merino, con spugna riscaldante sulla parte inferiore del piede e motivo di ventilazione piqu\u00e9 sulla parte superiore per un sostegno, una vestibilit\u00e0 e un comfort ottimali.<br \/>\n- Calzata ergonomica per piede destro e sinistro<br \/>\n-Asciugamano caldo sulla parte inferiore del piede<br \/>\n-Modello di ventilazione in piqu\u00e9 lavorato a maglia sul lato superiore<br \/>\n-Area della punta senza cuciture<\/p>\n<p>Materiale: 48% lana merino, 50% poliammide riciclata, 2% elastan<\/p>","protected":false},"excerpt":{"rendered":"<p>Warme Langlaufsocke, aus Merinowolle gestrickt, mit w\u00e4rmendem Frottee auf der Fussunterseite und Piqu\u00e9-Ventilationsmuster auf der Oberseite f\u00fcr optimalen Halt, Sitz und Komfort. \u2022 Ergonomische Passform f\u00fcr linken und rechten Fuss \u2022Warmes Frottee auf der Fussunterseite \u2022Gestricktes Piqu\u00e9-Ventilationsmuster auf der Oberseite \u2022Nahtloser Zehenbereich Material: 48% Merinowolle, 50% Recycling-Polyamid, 2% Elasthan<\/p>","protected":false},"featured_media":735107,"template":"","meta":[],"product_brand":[],"product_cat":[4199],"product_tag":[],"class_list":{"0":"post-735106","1":"product","2":"type-product","3":"status-publish","4":"has-post-thumbnail","6":"product_cat-socken","7":"pa_brand-craft","8":"pa_brand-type-sportswear","9":"pa_filter-color-schwarz","11":"first","12":"instock","13":"sale","14":"taxable","15":"shipping-taxable","16":"purchasable","17":"product-type-variable","18":"add-to-wishlist-before_image"},"exclude_global_add_ons":[],"addons":[],"acf":[],"_links":{"self":[{"href":"https:\/\/shop.kustom.ch\/it\/wp-json\/wp\/v2\/product\/735106"}],"collection":[{"href":"https:\/\/shop.kustom.ch\/it\/wp-json\/wp\/v2\/product"}],"about":[{"href":"https:\/\/shop.kustom.ch\/it\/wp-json\/wp\/v2\/types\/product"}],"wp:featuredmedia":[{"embeddable":true,"href":"https:\/\/shop.kustom.ch\/it\/wp-json\/wp\/v2\/media\/735107"}],"wp:attachment":[{"href":"https:\/\/shop.kustom.ch\/it\/wp-json\/wp\/v2\/media?parent=735106"}],"wp:term":[{"taxonomy":"product_brand","embeddable":true,"href":"https:\/\/shop.kustom.ch\/it\/wp-json\/wp\/v2\/product_brand?post=735106"},{"taxonomy":"product_cat","embeddable":true,"href":"https:\/\/shop.kustom.ch\/it\/wp-json\/wp\/v2\/product_cat?post=735106"},{"taxonomy":"product_tag","embeddable":true,"href":"https:\/\/shop.kustom.ch\/it\/wp-json\/wp\/v2\/product_tag?post=735106"}],"curies":[{"name":"wp","href":"https:\/\/api.w.org\/{rel}","templated":true}]}}