{"id":734969,"date":"2026-04-16T08:19:51","date_gmt":"2026-04-16T07:19:51","guid":{"rendered":"https:\/\/shop.kustom.ch\/?post_type=product&#038;p=734969"},"modified":"2026-04-16T12:30:18","modified_gmt":"2026-04-16T11:30:18","slug":"essence-hybrid-glove","status":"publish","type":"product","link":"https:\/\/shop.kustom.ch\/it\/prodotto\/essence-hybrid-glove\/","title":{"rendered":"Guanto ibrido Essence"},"content":{"rendered":"<p>Der Essence Hybrid Glove ist ein 2-in-1-Trainingshandschuh mit geb\u00fcrsteter Innenseite und einem wind- und wasserdichten, verstaubaren F\u00e4ustling zur schnellen Anpassung an wechselnde Wetterbedingungen. Verwenden Sie den Aussenf\u00e4ustling, um Ihre H\u00e4nde an nassen und windigen Tagen zu sch\u00fctzen. Der Handschuhteil besteht aus einem elastischen und funktionellen Stoff mit einer gitterstrukturierten Innenseite f\u00fcr zus\u00e4tzliche W\u00e4rme und Komfort.<\/p>\n<p>\u2022 Handschuh aus recyceltem Polyester mit Gitter innen<br \/>\n\u2022 Wind- und wasserdichter verstaubarer Aussenf\u00e4ustling<br \/>\n\u2022 Elastische Stoffe sorgen f\u00fcr eine glatte Passform<br \/>\n\u2022 Silikondruck in der Handfl\u00e4che f\u00fcr verbesserten Griff<br \/>\n\u2022 2-in-1-Design<\/p>\n<p>Material: Body 92% Polyester, 8% Elastan, Cuff 77% Recycelter Polyester, 23% Elastan, Upper front bodyFace 100% Polyurethan, Lininig upper front body Back 100% Recycelter Polyester<\/p>","protected":false},"excerpt":{"rendered":"<p>Der Essence Hybrid Glove ist ein 2-in-1-Trainingshandschuh mit geb\u00fcrsteter Innenseite und einem wind- und wasserdichten, verstaubaren F\u00e4ustling zur schnellen Anpassung an wechselnde Wetterbedingungen. Verwenden Sie den Aussenf\u00e4ustling, um Ihre H\u00e4nde an nassen und windigen Tagen zu sch\u00fctzen. Der Handschuhteil besteht aus einem elastischen und funktionellen Stoff mit einer gitterstrukturierten Innenseite f\u00fcr zus\u00e4tzliche W\u00e4rme und Komfort. [&hellip;]<\/p>\n","protected":false},"featured_media":734998,"template":"","meta":[],"product_brand":[],"product_cat":[4180],"product_tag":[],"class_list":{"0":"post-734969","1":"product","2":"type-product","3":"status-publish","4":"has-post-thumbnail","6":"product_cat-handschuhe","7":"pa_brand-craft","8":"pa_brand-type-sportswear","9":"pa_filter-color-grau","10":"pa_filter-color-schwarz","12":"first","13":"instock","14":"sale","15":"taxable","16":"shipping-taxable","17":"purchasable","18":"product-type-variable","19":"add-to-wishlist-before_image"},"exclude_global_add_ons":[],"addons":[],"acf":[],"_links":{"self":[{"href":"https:\/\/shop.kustom.ch\/it\/wp-json\/wp\/v2\/product\/734969"}],"collection":[{"href":"https:\/\/shop.kustom.ch\/it\/wp-json\/wp\/v2\/product"}],"about":[{"href":"https:\/\/shop.kustom.ch\/it\/wp-json\/wp\/v2\/types\/product"}],"wp:featuredmedia":[{"embeddable":true,"href":"https:\/\/shop.kustom.ch\/it\/wp-json\/wp\/v2\/media\/734998"}],"wp:attachment":[{"href":"https:\/\/shop.kustom.ch\/it\/wp-json\/wp\/v2\/media?parent=734969"}],"wp:term":[{"taxonomy":"product_brand","embeddable":true,"href":"https:\/\/shop.kustom.ch\/it\/wp-json\/wp\/v2\/product_brand?post=734969"},{"taxonomy":"product_cat","embeddable":true,"href":"https:\/\/shop.kustom.ch\/it\/wp-json\/wp\/v2\/product_cat?post=734969"},{"taxonomy":"product_tag","embeddable":true,"href":"https:\/\/shop.kustom.ch\/it\/wp-json\/wp\/v2\/product_tag?post=734969"}],"curies":[{"name":"wp","href":"https:\/\/api.w.org\/{rel}","templated":true}]}}